{"id":38659,"date":"2026-02-05T00:00:00","date_gmt":"2026-02-04T21:00:00","guid":{"rendered":"https:\/\/www.gasia.com.tr\/?post_type=product&#038;p=38659"},"modified":"2026-04-15T13:06:44","modified_gmt":"2026-04-15T10:06:44","slug":"bodrum-mavisi-sedef-uzeri-pirlantali-allah-yazili-altin-bileklik","status":"publish","type":"product","link":"https:\/\/www.gasia.com.tr\/en\/collections\/bodrum-mavisi-sedef-uzeri-pirlantali-allah-yazili-altin-bileklik\/","title":{"rendered":"Bodrum Mavisi Sedef \u00dczeri P\u0131rlantal\u0131 Allah Yaz\u0131l\u0131 Alt\u0131n Bileklik"},"content":{"rendered":"<p data-start=\"120\" data-end=\"401\">Derin ve etkileyici tonlar\u0131yla dikkat \u00e7eken bu \u00f6zel tasar\u0131m bileklik, Bodrum mavisi sedef zemin \u00fczerine i\u015flenmi\u015f p\u0131rlantal\u0131 Allah yaz\u0131s\u0131 ile hem estetik hem de manevi bir anlam ta\u015f\u0131r. I\u015f\u0131\u011fa g\u00f6re de\u011fi\u015fen zengin mavi yans\u0131malar, bilekli\u011fe benzersiz bir karakter kazand\u0131r\u0131r.<\/p>\n<p data-start=\"403\" data-end=\"596\">Ortadaki alt\u0131n form \u00fczerindeki p\u0131rlanta detayl\u0131 Allah yaz\u0131s\u0131, zarif bir \u0131\u015f\u0131lt\u0131 sunarken tasar\u0131m\u0131n odak noktas\u0131n\u0131 olu\u015fturur. \u0130nce alt\u0131n zinciri sayesinde hafif ve konforlu bir kullan\u0131m sa\u011flar.<\/p>\n<p data-start=\"598\" data-end=\"747\">G\u00fcnl\u00fck kullan\u0131mda \u015f\u0131kl\u0131k katarken, ayn\u0131 zamanda anlaml\u0131 bir sembol ta\u015f\u0131yan bu bileklik; \u00f6zel ve de\u011ferli bir hediye alternatifi olarak da \u00f6ne \u00e7\u0131kar.<\/p>","protected":false},"excerpt":{"rendered":"<ul>\n<li>18 Ayar Alt\u0131n<\/li>\n<li>0,09 ct P\u0131rlanta<\/li>\n<\/ul>","protected":false},"featured_media":42228,"comment_status":"open","ping_status":"closed","template":"","meta":[],"product_brand":[2718,2719],"product_cat":[73,247],"product_tag":[1030,1023,3435,3442,3443,3441,507,794,510,2592,358,2781,2593],"class_list":{"0":"post-38659","1":"product","2":"type-product","3":"status-publish","4":"has-post-thumbnail","6":"product_brand-gasia-casuals","7":"product_brand-gasia-protect","8":"product_cat-altin-pirlanta-bileklik","9":"product_cat-hediyelik","10":"product_tag-allah-bracelet","11":"product_tag-allah-yazili-bileklik","12":"product_tag-altin-bileklik-kadin","13":"product_tag-anlamli-bileklik","14":"product_tag-blue-mother-of-pearl-bracelet","15":"product_tag-bodrum-mavisi-sedef-bileklik","16":"product_tag-diamond-bracelet","17":"product_tag-gold-bracelet","18":"product_tag-luxury-bracelet","19":"product_tag-manevi-taki","20":"product_tag-pirlanta-bileklik","21":"product_tag-sedef-bileklik","22":"product_tag-spiritual-jewelry","23":"pa_cinsiyet-kadin","25":"first","26":"instock","27":"sale","28":"shipping-taxable","29":"purchasable","30":"product-type-simple"},"_links":{"self":[{"href":"https:\/\/www.gasia.com.tr\/en\/wp-json\/wp\/v2\/product\/38659","targetHints":{"allow":["GET"]}}],"collection":[{"href":"https:\/\/www.gasia.com.tr\/en\/wp-json\/wp\/v2\/product"}],"about":[{"href":"https:\/\/www.gasia.com.tr\/en\/wp-json\/wp\/v2\/types\/product"}],"replies":[{"embeddable":true,"href":"https:\/\/www.gasia.com.tr\/en\/wp-json\/wp\/v2\/comments?post=38659"}],"version-history":[{"count":4,"href":"https:\/\/www.gasia.com.tr\/en\/wp-json\/wp\/v2\/product\/38659\/revisions"}],"predecessor-version":[{"id":42227,"href":"https:\/\/www.gasia.com.tr\/en\/wp-json\/wp\/v2\/product\/38659\/revisions\/42227"}],"wp:featuredmedia":[{"embeddable":true,"href":"https:\/\/www.gasia.com.tr\/en\/wp-json\/wp\/v2\/media\/42228"}],"wp:attachment":[{"href":"https:\/\/www.gasia.com.tr\/en\/wp-json\/wp\/v2\/media?parent=38659"}],"wp:term":[{"taxonomy":"product_brand","embeddable":true,"href":"https:\/\/www.gasia.com.tr\/en\/wp-json\/wp\/v2\/product_brand?post=38659"},{"taxonomy":"product_cat","embeddable":true,"href":"https:\/\/www.gasia.com.tr\/en\/wp-json\/wp\/v2\/product_cat?post=38659"},{"taxonomy":"product_tag","embeddable":true,"href":"https:\/\/www.gasia.com.tr\/en\/wp-json\/wp\/v2\/product_tag?post=38659"}],"curies":[{"name":"wp","href":"https:\/\/api.w.org\/{rel}","templated":true}]}}