{"id":38661,"date":"2026-03-18T11:41:00","date_gmt":"2026-03-18T08:41:00","guid":{"rendered":"https:\/\/www.gasia.com.tr\/?post_type=product&#038;p=38661"},"modified":"2026-03-30T16:53:08","modified_gmt":"2026-03-30T13:53:08","slug":"pirlanta-islemeli-barok-inci-sallantili-altin-kupe","status":"publish","type":"product","link":"https:\/\/www.gasia.com.tr\/en\/collections\/pirlanta-islemeli-barok-inci-sallantili-altin-kupe\/","title":{"rendered":"P\u0131rlanta \u0130\u015flemeli Barok \u0130nci Sallant\u0131l\u0131 Alt\u0131n K\u00fcpe"},"content":{"rendered":"<p data-start=\"481\" data-end=\"748\">Zarif ve modern tasar\u0131m\u0131yla \u00f6ne \u00e7\u0131kan bu k\u00fcpe, p\u0131rlanta ta\u015flarla s\u00fcslenmi\u015f alt\u0131n halka detay\u0131 ve do\u011fal barok inci formuyla dikkat \u00e7eker. \u0130nci y\u00fczeyinde yer alan p\u0131rlanta detaylar\u0131 tasar\u0131ma \u0131\u015f\u0131lt\u0131l\u0131 ve \u00f6zg\u00fcn bir karakter kazand\u0131r\u0131r.<\/p>\n<p data-start=\"750\" data-end=\"1036\" data-is-last-node=\"\" data-is-only-node=\"\">Barok incinin do\u011fal ve benzersiz formu, k\u00fcpeye sanatsal bir g\u00f6r\u00fcn\u00fcm katarken alt\u0131n ve p\u0131rlanta detaylar l\u00fcks bir dokunu\u015f sa\u011flar.<\/p>\n<p>&nbsp;<\/p>","protected":false},"excerpt":{"rendered":"<ul>\n<li>14 ayar Alt\u0131n<\/li>\n<li>0.49 ct P\u0131rlanta<\/li>\n<li>K\u00fcpemiz \u00e7ift olarak sat\u0131lmaktad\u0131r<\/li>\n<\/ul>","protected":false},"featured_media":41110,"comment_status":"open","ping_status":"closed","template":"","meta":[],"product_brand":[],"product_cat":[74],"product_tag":[372,370,380,385,388,381,386,389,382,373,377,379,384,387,383,371,374,375,376,378],"class_list":{"0":"post-38661","1":"product","2":"type-product","3":"status-publish","4":"has-post-thumbnail","6":"product_cat-kupe-modelleri","7":"product_tag-altin-sallantili-kupe","8":"product_tag-barok-inci-kupe","9":"product_tag-baroque-pearl-earrings","10":"product_tag-designer-pearl-earrings","11":"product_tag-diamond-drop-earrings","12":"product_tag-diamond-pearl-earrings","13":"product_tag-elegant-pearl-jewelry","14":"product_tag-fine-jewelry-earrings","15":"product_tag-gold-pearl-drop-earrings","16":"product_tag-inci-kupe","17":"product_tag-kadin-inci-kupe","18":"product_tag-luks-kupe","19":"product_tag-luxury-pearl-earrings","20":"product_tag-modern-pearl-earrings","21":"product_tag-pearl-hoop-earrings","22":"product_tag-pirlanta-inci-kupe","23":"product_tag-pirlanta-kupe","24":"product_tag-sik-kupe","25":"product_tag-tasarim-inci-kupe","26":"product_tag-zarif-kupe","27":"pa_cinsiyet-kadin","29":"first","30":"instock","31":"shipping-taxable","32":"purchasable","33":"product-type-simple"},"_links":{"self":[{"href":"https:\/\/www.gasia.com.tr\/en\/wp-json\/wp\/v2\/product\/38661","targetHints":{"allow":["GET"]}}],"collection":[{"href":"https:\/\/www.gasia.com.tr\/en\/wp-json\/wp\/v2\/product"}],"about":[{"href":"https:\/\/www.gasia.com.tr\/en\/wp-json\/wp\/v2\/types\/product"}],"replies":[{"embeddable":true,"href":"https:\/\/www.gasia.com.tr\/en\/wp-json\/wp\/v2\/comments?post=38661"}],"version-history":[{"count":3,"href":"https:\/\/www.gasia.com.tr\/en\/wp-json\/wp\/v2\/product\/38661\/revisions"}],"predecessor-version":[{"id":41111,"href":"https:\/\/www.gasia.com.tr\/en\/wp-json\/wp\/v2\/product\/38661\/revisions\/41111"}],"wp:featuredmedia":[{"embeddable":true,"href":"https:\/\/www.gasia.com.tr\/en\/wp-json\/wp\/v2\/media\/41110"}],"wp:attachment":[{"href":"https:\/\/www.gasia.com.tr\/en\/wp-json\/wp\/v2\/media?parent=38661"}],"wp:term":[{"taxonomy":"product_brand","embeddable":true,"href":"https:\/\/www.gasia.com.tr\/en\/wp-json\/wp\/v2\/product_brand?post=38661"},{"taxonomy":"product_cat","embeddable":true,"href":"https:\/\/www.gasia.com.tr\/en\/wp-json\/wp\/v2\/product_cat?post=38661"},{"taxonomy":"product_tag","embeddable":true,"href":"https:\/\/www.gasia.com.tr\/en\/wp-json\/wp\/v2\/product_tag?post=38661"}],"curies":[{"name":"wp","href":"https:\/\/api.w.org\/{rel}","templated":true}]}}