{"id":38663,"date":"2026-02-05T00:00:00","date_gmt":"2026-02-04T21:00:00","guid":{"rendered":"https:\/\/www.gasia.com.tr\/?post_type=product&#038;p=38663"},"modified":"2026-03-01T21:57:04","modified_gmt":"2026-03-01T18:57:04","slug":"balik-kupe","status":"publish","type":"product","link":"https:\/\/www.gasia.com.tr\/en\/collections\/balik-kupe\/","title":{"rendered":"Bal\u0131k K\u00fcpe"},"content":{"rendered":"<ul>\n<li>14 ayar Alt\u0131n<\/li>\n<li>0.17 ct P\u0131rlanta<\/li>\n<li>K\u00fcpemiz tek olarak sat\u0131lmaktad\u0131r<\/li>\n<\/ul>","protected":false},"excerpt":{"rendered":"<p>14 ayar Alt\u0131n 0.17 ct P\u0131rlanta K\u00fcpemiz tek olarak sat\u0131lmaktad\u0131r<\/p>","protected":false},"featured_media":38794,"comment_status":"open","ping_status":"closed","template":"","meta":[],"product_brand":[],"product_cat":[74],"product_tag":[],"class_list":{"0":"post-38663","1":"product","2":"type-product","3":"status-publish","4":"has-post-thumbnail","6":"product_cat-kupe-modelleri","7":"pa_cinsiyet-kadin","9":"first","10":"instock","11":"shipping-taxable","12":"purchasable","13":"product-type-simple"},"_links":{"self":[{"href":"https:\/\/www.gasia.com.tr\/en\/wp-json\/wp\/v2\/product\/38663","targetHints":{"allow":["GET"]}}],"collection":[{"href":"https:\/\/www.gasia.com.tr\/en\/wp-json\/wp\/v2\/product"}],"about":[{"href":"https:\/\/www.gasia.com.tr\/en\/wp-json\/wp\/v2\/types\/product"}],"replies":[{"embeddable":true,"href":"https:\/\/www.gasia.com.tr\/en\/wp-json\/wp\/v2\/comments?post=38663"}],"version-history":[{"count":2,"href":"https:\/\/www.gasia.com.tr\/en\/wp-json\/wp\/v2\/product\/38663\/revisions"}],"predecessor-version":[{"id":38706,"href":"https:\/\/www.gasia.com.tr\/en\/wp-json\/wp\/v2\/product\/38663\/revisions\/38706"}],"wp:featuredmedia":[{"embeddable":true,"href":"https:\/\/www.gasia.com.tr\/en\/wp-json\/wp\/v2\/media\/38794"}],"wp:attachment":[{"href":"https:\/\/www.gasia.com.tr\/en\/wp-json\/wp\/v2\/media?parent=38663"}],"wp:term":[{"taxonomy":"product_brand","embeddable":true,"href":"https:\/\/www.gasia.com.tr\/en\/wp-json\/wp\/v2\/product_brand?post=38663"},{"taxonomy":"product_cat","embeddable":true,"href":"https:\/\/www.gasia.com.tr\/en\/wp-json\/wp\/v2\/product_cat?post=38663"},{"taxonomy":"product_tag","embeddable":true,"href":"https:\/\/www.gasia.com.tr\/en\/wp-json\/wp\/v2\/product_tag?post=38663"}],"curies":[{"name":"wp","href":"https:\/\/api.w.org\/{rel}","templated":true}]}}