{"id":38674,"date":"2026-02-05T00:00:00","date_gmt":"2026-02-04T21:00:00","guid":{"rendered":"https:\/\/www.gasia.com.tr\/?post_type=product&#038;p=38674"},"modified":"2026-04-16T15:58:47","modified_gmt":"2026-04-16T12:58:47","slug":"firuze-tasli-nazar-motifli-altin-bileklik","status":"publish","type":"product","link":"https:\/\/www.gasia.com.tr\/en\/collections\/firuze-tasli-nazar-motifli-altin-bileklik\/","title":{"rendered":"Firuze Ta\u015fl\u0131 Nazar Motifli Alt\u0131n Bileklik"},"content":{"rendered":"<p>Nazarl\u0131k, y\u00fczy\u0131llard\u0131r k\u00f6t\u00fc enerjiden ve nazardan korunmak i\u00e7in kullan\u0131lan g\u00fc\u00e7l\u00fc bir sembold\u00fcr. \u00d6zellikle mavi nazar boncu\u011fu, inanca g\u00f6re k\u00f6t\u00fc bak\u0131\u015flar\u0131 uzakla\u015ft\u0131rarak ki\u015fiye huzur ve \u015fans getirir. Bu nedenle evlerde, arabalarda, tak\u0131larda ve bir\u00e7ok farkl\u0131 e\u015fyada nazarl\u0131k g\u00f6rmek m\u00fcmk\u00fcnd\u00fcr.<\/p>","protected":false},"excerpt":{"rendered":"<ul>\n<li>2.96 ct P\u0131rlanta<\/li>\n<li>18 Ayar Alt\u0131n<\/li>\n<li>22,26 gr<\/li>\n<\/ul>","protected":false},"featured_media":39488,"comment_status":"open","ping_status":"closed","template":"","meta":[],"product_brand":[77],"product_cat":[73,258,198],"product_tag":[515,827,417,514,1100,1102,794,1103,1101,362,415,1104],"class_list":{"0":"post-38674","1":"product","2":"type-product","3":"status-publish","4":"has-post-thumbnail","6":"product_brand-gasia","7":"product_cat-altin-pirlanta-bileklik","8":"product_cat-gasia-high-jewels-koleksiyonu","9":"product_cat-eye-collection","10":"product_tag-altin-kadin-bileklik","11":"product_tag-diamond-evil-eye-bracelet","12":"product_tag-evil-eye-bracelet","13":"product_tag-fine-jewelry-bracelet","14":"product_tag-firuze-nazar-bileklik","15":"product_tag-firuze-tasli-bileklik","16":"product_tag-gold-bracelet","17":"product_tag-nazar-boncuk-bileklik","18":"product_tag-nazar-motifli-bileklik","19":"product_tag-pirlanta-detayli-bileklik","20":"product_tag-turquoise-bracelet","21":"product_tag-turquoise-evil-eye-bracelet","22":"pa_cinsiyet-kadin","24":"first","25":"instock","26":"shipping-taxable","27":"product-type-simple"},"_links":{"self":[{"href":"https:\/\/www.gasia.com.tr\/en\/wp-json\/wp\/v2\/product\/38674","targetHints":{"allow":["GET"]}}],"collection":[{"href":"https:\/\/www.gasia.com.tr\/en\/wp-json\/wp\/v2\/product"}],"about":[{"href":"https:\/\/www.gasia.com.tr\/en\/wp-json\/wp\/v2\/types\/product"}],"replies":[{"embeddable":true,"href":"https:\/\/www.gasia.com.tr\/en\/wp-json\/wp\/v2\/comments?post=38674"}],"version-history":[{"count":3,"href":"https:\/\/www.gasia.com.tr\/en\/wp-json\/wp\/v2\/product\/38674\/revisions"}],"predecessor-version":[{"id":42059,"href":"https:\/\/www.gasia.com.tr\/en\/wp-json\/wp\/v2\/product\/38674\/revisions\/42059"}],"wp:featuredmedia":[{"embeddable":true,"href":"https:\/\/www.gasia.com.tr\/en\/wp-json\/wp\/v2\/media\/39488"}],"wp:attachment":[{"href":"https:\/\/www.gasia.com.tr\/en\/wp-json\/wp\/v2\/media?parent=38674"}],"wp:term":[{"taxonomy":"product_brand","embeddable":true,"href":"https:\/\/www.gasia.com.tr\/en\/wp-json\/wp\/v2\/product_brand?post=38674"},{"taxonomy":"product_cat","embeddable":true,"href":"https:\/\/www.gasia.com.tr\/en\/wp-json\/wp\/v2\/product_cat?post=38674"},{"taxonomy":"product_tag","embeddable":true,"href":"https:\/\/www.gasia.com.tr\/en\/wp-json\/wp\/v2\/product_tag?post=38674"}],"curies":[{"name":"wp","href":"https:\/\/api.w.org\/{rel}","templated":true}]}}