{"id":38679,"date":"2026-03-25T00:00:00","date_gmt":"2026-03-24T21:00:00","guid":{"rendered":"https:\/\/www.gasia.com.tr\/?post_type=product&#038;p=38679"},"modified":"2026-03-25T11:39:38","modified_gmt":"2026-03-25T08:39:38","slug":"zumrut-gozlu-siyah-pirlantali-yilan-yuzuk","status":"publish","type":"product","link":"https:\/\/www.gasia.com.tr\/en\/collections\/zumrut-gozlu-siyah-pirlantali-yilan-yuzuk\/","title":{"rendered":"Z\u00fcmr\u00fct G\u00f6zl\u00fc Siyah P\u0131rlantal\u0131 Y\u0131lan Y\u00fcz\u00fck"},"content":{"rendered":"<p>Diamond Snake Ring with Emerald Eyes \u2013 Luxury Serpent Ring<\/p>\n<p>&nbsp;<\/p>\n<p>Zarif ve etkileyici tasar\u0131m\u0131yla \u00f6ne \u00e7\u0131kan bu y\u0131lan formunda y\u00fcz\u00fck, tamam\u0131 p\u0131rlanta ta\u015flarla bezenmi\u015f detaylar\u0131yla g\u00f6z al\u0131c\u0131 bir \u0131\u015f\u0131lt\u0131 sunar. Y\u0131lan\u0131n ba\u015f k\u0131sm\u0131ndaki damla kesim p\u0131rlanta ve z\u00fcmr\u00fct g\u00f6z detaylar\u0131 tasar\u0131ma karakter kazand\u0131r\u0131rken, modern ve g\u00fc\u00e7l\u00fc bir stil yarat\u0131r.<\/p>\n<p>&nbsp;<\/p>","protected":false},"excerpt":{"rendered":"<ul>\n<li>18 Ayar Alt\u0131n<\/li>\n<li>0.09 ct Damla kesim P\u0131rlanta<\/li>\n<li>1.27 Ct 180 Adet P\u0131rlanta<\/li>\n<li>0.06 Ct Kapi\u015fon kesim Z\u00fcmr\u00fct G\u00f6z<\/li>\n<\/ul>","protected":false},"featured_media":39666,"comment_status":"open","ping_status":"closed","template":"","meta":[],"product_brand":[],"product_cat":[76],"product_tag":[1393,448,1391,451,1040,658,1321,1392,1386,450,1193,1390,1385,1389],"class_list":{"0":"post-38679","1":"product","2":"type-product","3":"status-publish","4":"has-post-thumbnail","6":"product_cat-yuzuk-modelleri","7":"product_tag-black-diamond-ring","8":"product_tag-designer-diamond-ring","9":"product_tag-emerald-eye-snake-ring","10":"product_tag-fine-jewelry-ring","11":"product_tag-luks-pirlanta-yuzuk","12":"product_tag-luxury-diamond-ring","13":"product_tag-pirlantali-altin-yuzuk","14":"product_tag-siyah-pirlantali-yuzuk","15":"product_tag-snake-diamond-ring","16":"product_tag-statement-ring","17":"product_tag-statement-yuzuk","18":"product_tag-tasarim-kadin-yuzuk","19":"product_tag-yilan-tasarim-yuzuk","20":"product_tag-zumrut-gozlu-yuzuk","21":"pa_cinsiyet-kadin","23":"first","24":"instock","25":"shipping-taxable","26":"purchasable","27":"product-type-simple"},"_links":{"self":[{"href":"https:\/\/www.gasia.com.tr\/en\/wp-json\/wp\/v2\/product\/38679","targetHints":{"allow":["GET"]}}],"collection":[{"href":"https:\/\/www.gasia.com.tr\/en\/wp-json\/wp\/v2\/product"}],"about":[{"href":"https:\/\/www.gasia.com.tr\/en\/wp-json\/wp\/v2\/types\/product"}],"replies":[{"embeddable":true,"href":"https:\/\/www.gasia.com.tr\/en\/wp-json\/wp\/v2\/comments?post=38679"}],"version-history":[{"count":2,"href":"https:\/\/www.gasia.com.tr\/en\/wp-json\/wp\/v2\/product\/38679\/revisions"}],"predecessor-version":[{"id":39667,"href":"https:\/\/www.gasia.com.tr\/en\/wp-json\/wp\/v2\/product\/38679\/revisions\/39667"}],"wp:featuredmedia":[{"embeddable":true,"href":"https:\/\/www.gasia.com.tr\/en\/wp-json\/wp\/v2\/media\/39666"}],"wp:attachment":[{"href":"https:\/\/www.gasia.com.tr\/en\/wp-json\/wp\/v2\/media?parent=38679"}],"wp:term":[{"taxonomy":"product_brand","embeddable":true,"href":"https:\/\/www.gasia.com.tr\/en\/wp-json\/wp\/v2\/product_brand?post=38679"},{"taxonomy":"product_cat","embeddable":true,"href":"https:\/\/www.gasia.com.tr\/en\/wp-json\/wp\/v2\/product_cat?post=38679"},{"taxonomy":"product_tag","embeddable":true,"href":"https:\/\/www.gasia.com.tr\/en\/wp-json\/wp\/v2\/product_tag?post=38679"}],"curies":[{"name":"wp","href":"https:\/\/api.w.org\/{rel}","templated":true}]}}