{"id":39016,"date":"2026-02-05T00:00:00","date_gmt":"2026-02-04T21:00:00","guid":{"rendered":"https:\/\/www.gasia.com.tr\/?post_type=product&#038;p=39016"},"modified":"2026-04-20T22:21:27","modified_gmt":"2026-04-20T19:21:27","slug":"pembe-safir-ve-pirlanta-tasli-altin-balik-kolye","status":"publish","type":"product","link":"https:\/\/www.gasia.com.tr\/en\/collections\/pembe-safir-ve-pirlanta-tasli-altin-balik-kolye\/","title":{"rendered":"Pembe Safir ve P\u0131rlanta ta\u015fl\u0131 Alt\u0131n Bal\u0131k Kolye"},"content":{"rendered":"<ul>\n<li>0.06 ct P\u0131rlanta<\/li>\n<li>0.69 ct Pembe Safir<\/li>\n<li>18 ayar alt\u0131n<\/li>\n<li>42 cm uzunlu\u011funda zincir<\/li>\n<\/ul>\n<p>&nbsp;<\/p>\n<p>\u00d6zg\u00fcn ve zarif tasar\u0131m\u0131yla dikkat \u00e7eken bu kolye, bal\u0131k formundan ilham alan estetik detaylar\u0131yla \u00f6ne \u00e7\u0131kar. Merkezinde yer alan pembe safir, etraf\u0131n\u0131 saran p\u0131rlanta detaylar\u0131yla birlikte etkileyici bir \u0131\u015f\u0131lt\u0131 sunar. Alt\u0131n g\u00f6vdesi tasar\u0131ma s\u0131cak ve zarif bir g\u00f6r\u00fcn\u00fcm kazand\u0131r\u0131rken bal\u0131k kuyru\u011fu formundaki alt b\u00f6l\u00fcm kolyeye hareketli ve modern bir karakter katar. G\u00fcnl\u00fck kullan\u0131mda \u015f\u0131kl\u0131\u011f\u0131n\u0131z\u0131 tamamlayan bu \u00f6zel tasar\u0131m kolye, ayn\u0131 zamanda farkl\u0131 ve dikkat \u00e7ekici m\u00fccevherleri sevenler i\u00e7in ideal bir se\u00e7enektir.<\/p>","protected":false},"excerpt":{"rendered":"<p>0.06 ct P\u0131rlanta 0.69 ct Pembe Safir 18 ayar alt\u0131n 42 cm uzunlu\u011funda zincir &nbsp; \u00d6zg\u00fcn ve zarif tasar\u0131m\u0131yla dikkat<\/p>","protected":false},"featured_media":39009,"comment_status":"open","ping_status":"closed","template":"","meta":[],"product_brand":[],"product_cat":[75],"product_tag":[278,470,475,473,477,471,472,474,274,476],"class_list":{"0":"post-39016","1":"product","2":"type-product","3":"status-publish","4":"has-post-thumbnail","6":"product_cat-kolye","7":"product_tag-altin-kolye","8":"product_tag-balik-kolye","9":"product_tag-degerli-tas-kolye","10":"product_tag-kadin-kolye","11":"product_tag-luks-kolye","12":"product_tag-pembe-turmalin-tasli-kolye","13":"product_tag-pirlanta-detayli-kolye","14":"product_tag-sik-kolye","15":"product_tag-tasarim-kolye","16":"product_tag-zarif-kolye","17":"pa_cinsiyet-kadin","19":"first","20":"instock","21":"shipping-taxable","22":"purchasable","23":"product-type-simple"},"_links":{"self":[{"href":"https:\/\/www.gasia.com.tr\/en\/wp-json\/wp\/v2\/product\/39016","targetHints":{"allow":["GET"]}}],"collection":[{"href":"https:\/\/www.gasia.com.tr\/en\/wp-json\/wp\/v2\/product"}],"about":[{"href":"https:\/\/www.gasia.com.tr\/en\/wp-json\/wp\/v2\/types\/product"}],"replies":[{"embeddable":true,"href":"https:\/\/www.gasia.com.tr\/en\/wp-json\/wp\/v2\/comments?post=39016"}],"version-history":[{"count":2,"href":"https:\/\/www.gasia.com.tr\/en\/wp-json\/wp\/v2\/product\/39016\/revisions"}],"predecessor-version":[{"id":39018,"href":"https:\/\/www.gasia.com.tr\/en\/wp-json\/wp\/v2\/product\/39016\/revisions\/39018"}],"wp:featuredmedia":[{"embeddable":true,"href":"https:\/\/www.gasia.com.tr\/en\/wp-json\/wp\/v2\/media\/39009"}],"wp:attachment":[{"href":"https:\/\/www.gasia.com.tr\/en\/wp-json\/wp\/v2\/media?parent=39016"}],"wp:term":[{"taxonomy":"product_brand","embeddable":true,"href":"https:\/\/www.gasia.com.tr\/en\/wp-json\/wp\/v2\/product_brand?post=39016"},{"taxonomy":"product_cat","embeddable":true,"href":"https:\/\/www.gasia.com.tr\/en\/wp-json\/wp\/v2\/product_cat?post=39016"},{"taxonomy":"product_tag","embeddable":true,"href":"https:\/\/www.gasia.com.tr\/en\/wp-json\/wp\/v2\/product_tag?post=39016"}],"curies":[{"name":"wp","href":"https:\/\/api.w.org\/{rel}","templated":true}]}}