{"id":39024,"date":"2026-02-05T00:00:00","date_gmt":"2026-02-04T21:00:00","guid":{"rendered":"https:\/\/www.gasia.com.tr\/?post_type=product&#038;p=39024"},"modified":"2026-04-16T10:41:57","modified_gmt":"2026-04-16T07:41:57","slug":"safir-tasli-pirlanta-anturaj-yuzuk","status":"publish","type":"product","link":"https:\/\/www.gasia.com.tr\/en\/collections\/safir-tasli-pirlanta-anturaj-yuzuk\/","title":{"rendered":"Safir Ta\u015fl\u0131 P\u0131rlanta Anturaj Y\u00fcz\u00fck"},"content":{"rendered":"<p>Merkezinde yer alan etkileyici oval kesim mavi safir ta\u015f\u0131yla dikkat \u00e7eken bu y\u00fcz\u00fck, etraf\u0131n\u0131 saran p\u0131rlanta halo tasar\u0131m\u0131yla g\u00f6z al\u0131c\u0131 bir \u0131\u015f\u0131lt\u0131 sunar. Safirin derin ve zengin mavi tonu, p\u0131rlantalar\u0131n parlakl\u0131\u011f\u0131yla birle\u015ferek zarif ve g\u00fc\u00e7l\u00fc bir g\u00f6r\u00fcn\u00fcm olu\u015fturur. Alt\u0131n g\u00f6vdesiyle klasik ve l\u00fcks bir stil sunan bu y\u00fcz\u00fck, hem \u00f6zel g\u00fcnlerde hem de \u015f\u0131k kombinlerde zamans\u0131z bir aksesuar olarak \u00f6ne \u00e7\u0131kar. Sofistike tasar\u0131m\u0131 ve etkileyici ta\u015f uyumuyla safir p\u0131rlanta y\u00fcz\u00fck, m\u00fccevher koleksiyonlar\u0131n\u0131n en dikkat \u00e7ekici par\u00e7alar\u0131ndan biridir.<\/p>","protected":false},"excerpt":{"rendered":"<ul>\n<li>1.68 ct P\u0131rlanta<\/li>\n<li>29.96 ct Do\u011fal Safir<\/li>\n<li>18 Ayar Alt\u0131n<\/li>\n<\/ul>","protected":false},"featured_media":39025,"comment_status":"open","ping_status":"closed","template":"","meta":[],"product_brand":[77],"product_cat":[76],"product_tag":[498,502,500,501,497,496,495,499,494,503],"class_list":{"0":"post-39024","1":"product","2":"type-product","3":"status-publish","4":"has-post-thumbnail","6":"product_brand-gasia","7":"product_cat-yuzuk-modelleri","8":"product_tag-halo-safir-yuzuk","9":"product_tag-kadin-safir-yuzuk","10":"product_tag-klasik-safir-yuzuk","11":"product_tag-luks-safir-yuzuk","12":"product_tag-mavi-safir-yuzuk","13":"product_tag-oval-safir-yuzuk","14":"product_tag-pirlanta-safir-yuzuk","15":"product_tag-safir-pirlanta-yuzuk","16":"product_tag-safir-yuzuk","17":"product_tag-tasli-altin-yuzuk","18":"pa_cinsiyet-kadin","20":"first","21":"instock","22":"shipping-taxable","23":"product-type-simple"},"_links":{"self":[{"href":"https:\/\/www.gasia.com.tr\/en\/wp-json\/wp\/v2\/product\/39024","targetHints":{"allow":["GET"]}}],"collection":[{"href":"https:\/\/www.gasia.com.tr\/en\/wp-json\/wp\/v2\/product"}],"about":[{"href":"https:\/\/www.gasia.com.tr\/en\/wp-json\/wp\/v2\/types\/product"}],"replies":[{"embeddable":true,"href":"https:\/\/www.gasia.com.tr\/en\/wp-json\/wp\/v2\/comments?post=39024"}],"version-history":[{"count":5,"href":"https:\/\/www.gasia.com.tr\/en\/wp-json\/wp\/v2\/product\/39024\/revisions"}],"predecessor-version":[{"id":42320,"href":"https:\/\/www.gasia.com.tr\/en\/wp-json\/wp\/v2\/product\/39024\/revisions\/42320"}],"wp:featuredmedia":[{"embeddable":true,"href":"https:\/\/www.gasia.com.tr\/en\/wp-json\/wp\/v2\/media\/39025"}],"wp:attachment":[{"href":"https:\/\/www.gasia.com.tr\/en\/wp-json\/wp\/v2\/media?parent=39024"}],"wp:term":[{"taxonomy":"product_brand","embeddable":true,"href":"https:\/\/www.gasia.com.tr\/en\/wp-json\/wp\/v2\/product_brand?post=39024"},{"taxonomy":"product_cat","embeddable":true,"href":"https:\/\/www.gasia.com.tr\/en\/wp-json\/wp\/v2\/product_cat?post=39024"},{"taxonomy":"product_tag","embeddable":true,"href":"https:\/\/www.gasia.com.tr\/en\/wp-json\/wp\/v2\/product_tag?post=39024"}],"curies":[{"name":"wp","href":"https:\/\/api.w.org\/{rel}","templated":true}]}}