{"id":39028,"date":"2026-03-09T10:49:57","date_gmt":"2026-03-09T07:49:57","guid":{"rendered":"https:\/\/www.gasia.com.tr\/?post_type=product&#038;p=39028"},"modified":"2026-03-09T10:50:25","modified_gmt":"2026-03-09T07:50:25","slug":"pirlanta-detayli-modern-tasarim-altin-bileklik","status":"publish","type":"product","link":"https:\/\/www.gasia.com.tr\/en\/collections\/pirlanta-detayli-modern-tasarim-altin-bileklik\/","title":{"rendered":"P\u0131rlanta Detayl\u0131 Modern Tasar\u0131m Alt\u0131n Bileklik"},"content":{"rendered":"<ul>\n<li>0.84 ct P\u0131rlanta<\/li>\n<li>15.64 gr 14 Ayar Alt\u0131n<\/li>\n<\/ul>\n<p>&nbsp;<\/p>\n<p>Geometrik form ve ta\u015f detayl\u0131 modern alt\u0131n bileklik modeli. \u015e\u0131k ve g\u00fc\u00e7l\u00fc tasar\u0131m\u0131yla dikkat \u00e7eken zarif kad\u0131n bilekli\u011fi.<\/p>\n<p>&nbsp;<\/p>","protected":false},"excerpt":{"rendered":"<p>0.84 ct P\u0131rlanta 15.64 gr 14 Ayar Alt\u0131n &nbsp; Geometrik form ve ta\u015f detayl\u0131 modern alt\u0131n bileklik modeli. \u015e\u0131k ve<\/p>","protected":false},"featured_media":39030,"comment_status":"open","ping_status":"closed","template":"","meta":[],"product_brand":[],"product_cat":[73],"product_tag":[504,515,420,507,512,514,508,506,365,513,510,363,509,366,364,505,511],"class_list":{"0":"post-39028","1":"product","2":"type-product","3":"status-publish","4":"has-post-thumbnail","6":"product_cat-altin-pirlanta-bileklik","7":"product_tag-altin-bileklik","8":"product_tag-altin-kadin-bileklik","9":"product_tag-designer-bracelet","10":"product_tag-diamond-bracelet","11":"product_tag-elegant-bracelet","12":"product_tag-fine-jewelry-bracelet","13":"product_tag-geometric-bracelet","14":"product_tag-geometrik-bileklik","15":"product_tag-kadin-bileklik","16":"product_tag-link-bracelet","17":"product_tag-luxury-bracelet","18":"product_tag-modern-bileklik","19":"product_tag-modern-gold-bracelet","20":"product_tag-sik-bileklik","21":"product_tag-tasarim-bileklik","22":"product_tag-tasli-bileklik","23":"product_tag-women-gold-bracelet","24":"pa_cinsiyet-kadin","26":"first","27":"instock","28":"sale","29":"shipping-taxable","30":"purchasable","31":"product-type-simple"},"_links":{"self":[{"href":"https:\/\/www.gasia.com.tr\/en\/wp-json\/wp\/v2\/product\/39028","targetHints":{"allow":["GET"]}}],"collection":[{"href":"https:\/\/www.gasia.com.tr\/en\/wp-json\/wp\/v2\/product"}],"about":[{"href":"https:\/\/www.gasia.com.tr\/en\/wp-json\/wp\/v2\/types\/product"}],"replies":[{"embeddable":true,"href":"https:\/\/www.gasia.com.tr\/en\/wp-json\/wp\/v2\/comments?post=39028"}],"version-history":[{"count":2,"href":"https:\/\/www.gasia.com.tr\/en\/wp-json\/wp\/v2\/product\/39028\/revisions"}],"predecessor-version":[{"id":39032,"href":"https:\/\/www.gasia.com.tr\/en\/wp-json\/wp\/v2\/product\/39028\/revisions\/39032"}],"wp:featuredmedia":[{"embeddable":true,"href":"https:\/\/www.gasia.com.tr\/en\/wp-json\/wp\/v2\/media\/39030"}],"wp:attachment":[{"href":"https:\/\/www.gasia.com.tr\/en\/wp-json\/wp\/v2\/media?parent=39028"}],"wp:term":[{"taxonomy":"product_brand","embeddable":true,"href":"https:\/\/www.gasia.com.tr\/en\/wp-json\/wp\/v2\/product_brand?post=39028"},{"taxonomy":"product_cat","embeddable":true,"href":"https:\/\/www.gasia.com.tr\/en\/wp-json\/wp\/v2\/product_cat?post=39028"},{"taxonomy":"product_tag","embeddable":true,"href":"https:\/\/www.gasia.com.tr\/en\/wp-json\/wp\/v2\/product_tag?post=39028"}],"curies":[{"name":"wp","href":"https:\/\/api.w.org\/{rel}","templated":true}]}}