{"id":39036,"date":"2026-01-09T11:10:56","date_gmt":"2026-01-09T08:10:56","guid":{"rendered":"https:\/\/www.gasia.com.tr\/?post_type=product&#038;p=39036"},"modified":"2026-03-10T16:28:46","modified_gmt":"2026-03-10T13:28:46","slug":"oval-zumrut-ve-markiz-pirlanta-yuzuk","status":"publish","type":"product","link":"https:\/\/www.gasia.com.tr\/en\/collections\/oval-zumrut-ve-markiz-pirlanta-yuzuk\/","title":{"rendered":"Oval Z\u00fcmr\u00fct ve Markiz P\u0131rlanta Y\u00fcz\u00fck"},"content":{"rendered":"<ul>\n<li>1.95 ct 6 adet Markiz kesim P\u0131rlanta<\/li>\n<li>10.01 ct Z\u00fcmr\u00fct<\/li>\n<li>7.23 gr 18 Ayar Alt\u0131n<\/li>\n<\/ul>\n<p>&nbsp;<\/p>\n<p>Merkezinde yer alan b\u00fcy\u00fck oval kesim z\u00fcmr\u00fct ta\u015f\u0131yla dikkat \u00e7eken bu y\u00fcz\u00fck, yanlarda yer alan markiz kesim p\u0131rlantalarla zarif bir denge sunar. Z\u00fcmr\u00fct\u00fcn canl\u0131 ye\u015fil tonu, p\u0131rlantalar\u0131n parlakl\u0131\u011f\u0131yla birle\u015ferek etkileyici ve l\u00fcks bir g\u00f6r\u00fcn\u00fcm olu\u015fturur. Alt\u0131n g\u00f6vdesi tasar\u0131ma s\u0131cak ve klasik bir dokunu\u015f katarken, modern ta\u015f yerle\u015fimi y\u00fcz\u00fc\u011fe sofistike bir stil kazand\u0131r\u0131r. Hem \u00f6zel g\u00fcnlerde hem de \u015f\u0131k kombinlerde \u00f6ne \u00e7\u0131kan bu z\u00fcmr\u00fct ve p\u0131rlanta y\u00fcz\u00fck, zarif ve dikkat \u00e7ekici m\u00fccevherleri tercih edenler i\u00e7in ideal bir se\u00e7enektir.<\/p>","protected":false},"excerpt":{"rendered":"<p>1.95 ct 6 adet Markiz kesim P\u0131rlanta 10.01 ct Z\u00fcmr\u00fct 7.23 gr 18 Ayar Alt\u0131n &nbsp; Merkezinde yer alan b\u00fcy\u00fck<\/p>","protected":false},"featured_media":39037,"comment_status":"open","ping_status":"closed","template":"","meta":[],"product_brand":[],"product_cat":[76],"product_tag":[534,535,537,536,533,531,539,538,532,530],"class_list":{"0":"post-39036","1":"product","2":"type-product","3":"status-publish","4":"has-post-thumbnail","6":"product_cat-yuzuk-modelleri","7":"product_tag-altin-zumrut-yuzuk","8":"product_tag-degerli-tas-yuzuk","9":"product_tag-kadin-zumrut-yuzuk","10":"product_tag-luks-zumrut-yuzuk","11":"product_tag-markiz-pirlanta-yuzuk","12":"product_tag-oval-zumrut-yuzuk","13":"product_tag-pirlanta-zumrut-yuzuk","14":"product_tag-tasarim-zumrut-yuzuk","15":"product_tag-zumrut-pirlanta-yuzuk","16":"product_tag-zumrut-yuzuk","17":"pa_cinsiyet-kadin","19":"first","20":"instock","21":"shipping-taxable","22":"product-type-simple"},"_links":{"self":[{"href":"https:\/\/www.gasia.com.tr\/en\/wp-json\/wp\/v2\/product\/39036","targetHints":{"allow":["GET"]}}],"collection":[{"href":"https:\/\/www.gasia.com.tr\/en\/wp-json\/wp\/v2\/product"}],"about":[{"href":"https:\/\/www.gasia.com.tr\/en\/wp-json\/wp\/v2\/types\/product"}],"replies":[{"embeddable":true,"href":"https:\/\/www.gasia.com.tr\/en\/wp-json\/wp\/v2\/comments?post=39036"}],"version-history":[{"count":1,"href":"https:\/\/www.gasia.com.tr\/en\/wp-json\/wp\/v2\/product\/39036\/revisions"}],"predecessor-version":[{"id":39038,"href":"https:\/\/www.gasia.com.tr\/en\/wp-json\/wp\/v2\/product\/39036\/revisions\/39038"}],"wp:featuredmedia":[{"embeddable":true,"href":"https:\/\/www.gasia.com.tr\/en\/wp-json\/wp\/v2\/media\/39037"}],"wp:attachment":[{"href":"https:\/\/www.gasia.com.tr\/en\/wp-json\/wp\/v2\/media?parent=39036"}],"wp:term":[{"taxonomy":"product_brand","embeddable":true,"href":"https:\/\/www.gasia.com.tr\/en\/wp-json\/wp\/v2\/product_brand?post=39036"},{"taxonomy":"product_cat","embeddable":true,"href":"https:\/\/www.gasia.com.tr\/en\/wp-json\/wp\/v2\/product_cat?post=39036"},{"taxonomy":"product_tag","embeddable":true,"href":"https:\/\/www.gasia.com.tr\/en\/wp-json\/wp\/v2\/product_tag?post=39036"}],"curies":[{"name":"wp","href":"https:\/\/api.w.org\/{rel}","templated":true}]}}