{"id":39046,"date":"2026-03-09T11:31:04","date_gmt":"2026-03-09T08:31:04","guid":{"rendered":"https:\/\/www.gasia.com.tr\/?post_type=product&#038;p=39046"},"modified":"2026-03-09T11:39:05","modified_gmt":"2026-03-09T08:39:05","slug":"pirlanta-detayli-yaprak-tasarimli-beyaz-altin-yuzuk","status":"publish","type":"product","link":"https:\/\/www.gasia.com.tr\/en\/collections\/pirlanta-detayli-yaprak-tasarimli-beyaz-altin-yuzuk\/","title":{"rendered":"P\u0131rlanta Detayl\u0131 Yaprak Tasar\u0131ml\u0131 Beyaz Alt\u0131n Y\u00fcz\u00fck"},"content":{"rendered":"<p>P\u0131rlanta detayl\u0131 yaprak tasar\u0131ml\u0131 alt\u0131n y\u00fcz\u00fck modeli. Do\u011fadan ilham alan zarif ve modern tasar\u0131m y\u00fcz\u00fck.<\/p>\n<ul>\n<li>0.07 ct P\u0131rlanta<\/li>\n<li>14 Ayar Alt\u0131n<\/li>\n<li>\u00dcr\u00fcn fiyat\u0131m\u0131z p\u0131rlantal\u0131 olan tek y\u00fcz\u00fck i\u00e7in ge\u00e7erlidir<\/li>\n<\/ul>\n<p>&nbsp;<\/p>\n<p>&nbsp;<\/p>\n<p>&nbsp;<\/p>","protected":false},"excerpt":{"rendered":"<p>P\u0131rlanta detayl\u0131 yaprak tasar\u0131ml\u0131 alt\u0131n y\u00fcz\u00fck modeli. Do\u011fadan ilham alan zarif ve modern tasar\u0131m y\u00fcz\u00fck. 0.07 ct P\u0131rlanta 14 Ayar<\/p>","protected":false},"featured_media":39051,"comment_status":"open","ping_status":"closed","template":"","meta":[],"product_brand":[],"product_cat":[76],"product_tag":[289,527,565,442,528,566,564,520,567,563,568,444,335,340,562,561,560,519],"class_list":{"0":"post-39046","1":"product","2":"type-product","3":"status-publish","4":"has-post-thumbnail","6":"product_cat-yuzuk-modelleri","7":"product_tag-altin-yuzuk","8":"product_tag-delicate-ring","9":"product_tag-designer-ring","10":"product_tag-diamond-leaf-ring","11":"product_tag-elegant-ring","12":"product_tag-gemstone-ring","13":"product_tag-gold-leaf-ring","14":"product_tag-kadin-yuzuk","15":"product_tag-leaf-band-ring","16":"product_tag-leaf-ring","17":"product_tag-luxury-leaf-ring","18":"product_tag-nature-inspired-ring","19":"product_tag-pirlanta-yuzuk","20":"product_tag-tasarim-yuzuk","21":"product_tag-tasli-yuzuk","22":"product_tag-yaprak-tasarimli-yuzuk","23":"product_tag-yaprak-yuzuk","24":"product_tag-zarif-yuzuk","25":"pa_cinsiyet-kadin","27":"first","28":"instock","29":"sale","30":"shipping-taxable","31":"purchasable","32":"product-type-simple"},"_links":{"self":[{"href":"https:\/\/www.gasia.com.tr\/en\/wp-json\/wp\/v2\/product\/39046","targetHints":{"allow":["GET"]}}],"collection":[{"href":"https:\/\/www.gasia.com.tr\/en\/wp-json\/wp\/v2\/product"}],"about":[{"href":"https:\/\/www.gasia.com.tr\/en\/wp-json\/wp\/v2\/types\/product"}],"replies":[{"embeddable":true,"href":"https:\/\/www.gasia.com.tr\/en\/wp-json\/wp\/v2\/comments?post=39046"}],"version-history":[{"count":2,"href":"https:\/\/www.gasia.com.tr\/en\/wp-json\/wp\/v2\/product\/39046\/revisions"}],"predecessor-version":[{"id":39049,"href":"https:\/\/www.gasia.com.tr\/en\/wp-json\/wp\/v2\/product\/39046\/revisions\/39049"}],"wp:featuredmedia":[{"embeddable":true,"href":"https:\/\/www.gasia.com.tr\/en\/wp-json\/wp\/v2\/media\/39051"}],"wp:attachment":[{"href":"https:\/\/www.gasia.com.tr\/en\/wp-json\/wp\/v2\/media?parent=39046"}],"wp:term":[{"taxonomy":"product_brand","embeddable":true,"href":"https:\/\/www.gasia.com.tr\/en\/wp-json\/wp\/v2\/product_brand?post=39046"},{"taxonomy":"product_cat","embeddable":true,"href":"https:\/\/www.gasia.com.tr\/en\/wp-json\/wp\/v2\/product_cat?post=39046"},{"taxonomy":"product_tag","embeddable":true,"href":"https:\/\/www.gasia.com.tr\/en\/wp-json\/wp\/v2\/product_tag?post=39046"}],"curies":[{"name":"wp","href":"https:\/\/api.w.org\/{rel}","templated":true}]}}