{"id":39075,"date":"2025-10-14T00:00:00","date_gmt":"2025-10-13T21:00:00","guid":{"rendered":"https:\/\/www.gasia.com.tr\/?post_type=product&#038;p=39075"},"modified":"2026-03-30T22:36:00","modified_gmt":"2026-03-30T19:36:00","slug":"yakut-tasli-pirlantali-altin-balik-kolye","status":"publish","type":"product","link":"https:\/\/www.gasia.com.tr\/en\/collections\/yakut-tasli-pirlantali-altin-balik-kolye\/","title":{"rendered":"Yakut Ta\u015fl\u0131 P\u0131rlantal\u0131  Alt\u0131n Bal\u0131k Kolye"},"content":{"rendered":"<ul>\n<li>14 Ayar Alt\u0131n<\/li>\n<li>0.13 ct P\u0131rlanta<\/li>\n<li>15.60 ct K\u00f6k Yakut<\/li>\n<li>45 cm uzunlu\u011funda zincir<\/li>\n<\/ul>\n<p>Zarif ve modern tasar\u0131m\u0131yla \u00f6ne \u00e7\u0131kan bu kolye, merkezinde yer alan k\u0131rm\u0131z\u0131 yakut ta\u015f\u0131yla dikkat \u00e7eker. \u0130nce alt\u0131n \u00e7er\u00e7eve i\u00e7inde yer alan de\u011ferli ta\u015f, alt k\u0131sm\u0131ndaki p\u0131rlanta detay\u0131 ve \u015f\u0131k formuyla tasar\u0131ma zarif bir hareket kazand\u0131r\u0131r. Yakut ta\u015f\u0131n\u0131n g\u00fc\u00e7l\u00fc ve etkileyici rengi, alt\u0131n\u0131n s\u0131cak tonuyla birle\u015ferek g\u00f6z al\u0131c\u0131 bir g\u00f6r\u00fcn\u00fcm olu\u015fturur. G\u00fcnl\u00fck \u015f\u0131kl\u0131\u011fa zarif bir dokunu\u015f katarken \u00f6zel davetlerde de stilinizi tamamlayan bu yakut kolye, modern ve sofistike m\u00fccevher tasar\u0131mlar\u0131n\u0131 sevenler i\u00e7in ideal bir se\u00e7imdir.<\/p>\n<p>&nbsp;<\/p>","protected":false},"excerpt":{"rendered":"<p>14 Ayar Alt\u0131n 0.13 ct P\u0131rlanta 15.60 ct K\u00f6k Yakut 45 cm uzunlu\u011funda zincir Zarif ve modern tasar\u0131m\u0131yla \u00f6ne \u00e7\u0131kan<\/p>","protected":false},"featured_media":39076,"comment_status":"open","ping_status":"closed","template":"","meta":[],"product_brand":[],"product_cat":[75],"product_tag":[611,475,473,613,477,474,274,610,612,476],"class_list":{"0":"post-39075","1":"product","2":"type-product","3":"status-publish","4":"has-post-thumbnail","6":"product_cat-kolye","7":"product_tag-altin-yakut-kolye","8":"product_tag-degerli-tas-kolye","9":"product_tag-kadin-kolye","10":"product_tag-kirmizi-tasli-kolye","11":"product_tag-luks-kolye","12":"product_tag-sik-kolye","13":"product_tag-tasarim-kolye","14":"product_tag-yakut-kolye","15":"product_tag-yakut-tasli-kolye","16":"product_tag-zarif-kolye","17":"pa_cinsiyet-kadin","19":"first","20":"instock","21":"shipping-taxable","22":"purchasable","23":"product-type-simple"},"_links":{"self":[{"href":"https:\/\/www.gasia.com.tr\/en\/wp-json\/wp\/v2\/product\/39075","targetHints":{"allow":["GET"]}}],"collection":[{"href":"https:\/\/www.gasia.com.tr\/en\/wp-json\/wp\/v2\/product"}],"about":[{"href":"https:\/\/www.gasia.com.tr\/en\/wp-json\/wp\/v2\/types\/product"}],"replies":[{"embeddable":true,"href":"https:\/\/www.gasia.com.tr\/en\/wp-json\/wp\/v2\/comments?post=39075"}],"version-history":[{"count":2,"href":"https:\/\/www.gasia.com.tr\/en\/wp-json\/wp\/v2\/product\/39075\/revisions"}],"predecessor-version":[{"id":39079,"href":"https:\/\/www.gasia.com.tr\/en\/wp-json\/wp\/v2\/product\/39075\/revisions\/39079"}],"wp:featuredmedia":[{"embeddable":true,"href":"https:\/\/www.gasia.com.tr\/en\/wp-json\/wp\/v2\/media\/39076"}],"wp:attachment":[{"href":"https:\/\/www.gasia.com.tr\/en\/wp-json\/wp\/v2\/media?parent=39075"}],"wp:term":[{"taxonomy":"product_brand","embeddable":true,"href":"https:\/\/www.gasia.com.tr\/en\/wp-json\/wp\/v2\/product_brand?post=39075"},{"taxonomy":"product_cat","embeddable":true,"href":"https:\/\/www.gasia.com.tr\/en\/wp-json\/wp\/v2\/product_cat?post=39075"},{"taxonomy":"product_tag","embeddable":true,"href":"https:\/\/www.gasia.com.tr\/en\/wp-json\/wp\/v2\/product_tag?post=39075"}],"curies":[{"name":"wp","href":"https:\/\/api.w.org\/{rel}","templated":true}]}}