{"id":39085,"date":"2026-01-31T13:24:59","date_gmt":"2026-01-31T10:24:59","guid":{"rendered":"https:\/\/www.gasia.com.tr\/?post_type=product&#038;p=39085"},"modified":"2026-03-31T23:54:48","modified_gmt":"2026-03-31T20:54:48","slug":"pirlanta-kus-tasarimli-altin-kolye-vintage-stil-kolye","status":"publish","type":"product","link":"https:\/\/www.gasia.com.tr\/en\/collections\/pirlanta-kus-tasarimli-altin-kolye-vintage-stil-kolye\/","title":{"rendered":"P\u0131rlanta Ku\u015f Tasar\u0131ml\u0131 Alt\u0131n Kolye"},"content":{"rendered":"<p>P\u0131rlanta detayl\u0131 ku\u015f motiflerinden olu\u015fan alt\u0131n kolye, zarif ve \u00f6zg\u00fcn tasar\u0131m\u0131yla dikkat \u00e7eken \u015f\u0131k bir m\u00fccevherdir.<\/p>\n<p>&nbsp;<\/p>","protected":false},"excerpt":{"rendered":"<ul>\n<li>14 Ayar Alt\u0131n<\/li>\n<li>925 Ayar Okside G\u00fcm\u00fc\u015f<\/li>\n<li>0.25 ct P\u0131rlanta<\/li>\n<li>42 cm Zincir uzunlu\u011fu<\/li>\n<\/ul>","protected":false},"featured_media":39093,"comment_status":"open","ping_status":"closed","template":"","meta":[],"product_brand":[],"product_cat":[75],"product_tag":[278,629,632,633,630,295,631,473,626,627,472,276,474,274,628,634,635],"class_list":{"0":"post-39085","1":"product","2":"type-product","3":"status-publish","4":"has-post-thumbnail","6":"product_cat-kolye","7":"product_tag-altin-kolye","8":"product_tag-bird-necklace","9":"product_tag-bird-pendant-necklace","10":"product_tag-designer-necklace","11":"product_tag-diamond-bird-necklace","12":"product_tag-diamond-pendant","13":"product_tag-gold-bird-necklace","14":"product_tag-kadin-kolye","15":"product_tag-kus-kolye","16":"product_tag-kus-motifli-kolye","17":"product_tag-pirlanta-detayli-kolye","18":"product_tag-pirlanta-kolye","19":"product_tag-sik-kolye","20":"product_tag-tasarim-kolye","21":"product_tag-vintage-kolye","22":"product_tag-vintage-style-necklace","23":"product_tag-womens-gold-necklace","24":"pa_cinsiyet-kadin","26":"first","27":"instock","28":"shipping-taxable","29":"purchasable","30":"product-type-simple"},"_links":{"self":[{"href":"https:\/\/www.gasia.com.tr\/en\/wp-json\/wp\/v2\/product\/39085","targetHints":{"allow":["GET"]}}],"collection":[{"href":"https:\/\/www.gasia.com.tr\/en\/wp-json\/wp\/v2\/product"}],"about":[{"href":"https:\/\/www.gasia.com.tr\/en\/wp-json\/wp\/v2\/types\/product"}],"replies":[{"embeddable":true,"href":"https:\/\/www.gasia.com.tr\/en\/wp-json\/wp\/v2\/comments?post=39085"}],"version-history":[{"count":2,"href":"https:\/\/www.gasia.com.tr\/en\/wp-json\/wp\/v2\/product\/39085\/revisions"}],"predecessor-version":[{"id":41215,"href":"https:\/\/www.gasia.com.tr\/en\/wp-json\/wp\/v2\/product\/39085\/revisions\/41215"}],"wp:featuredmedia":[{"embeddable":true,"href":"https:\/\/www.gasia.com.tr\/en\/wp-json\/wp\/v2\/media\/39093"}],"wp:attachment":[{"href":"https:\/\/www.gasia.com.tr\/en\/wp-json\/wp\/v2\/media?parent=39085"}],"wp:term":[{"taxonomy":"product_brand","embeddable":true,"href":"https:\/\/www.gasia.com.tr\/en\/wp-json\/wp\/v2\/product_brand?post=39085"},{"taxonomy":"product_cat","embeddable":true,"href":"https:\/\/www.gasia.com.tr\/en\/wp-json\/wp\/v2\/product_cat?post=39085"},{"taxonomy":"product_tag","embeddable":true,"href":"https:\/\/www.gasia.com.tr\/en\/wp-json\/wp\/v2\/product_tag?post=39085"}],"curies":[{"name":"wp","href":"https:\/\/api.w.org\/{rel}","templated":true}]}}