{"id":39095,"date":"2026-03-09T13:55:43","date_gmt":"2026-03-09T10:55:43","guid":{"rendered":"https:\/\/www.gasia.com.tr\/?post_type=product&#038;p=39095"},"modified":"2026-03-09T13:56:48","modified_gmt":"2026-03-09T10:56:48","slug":"pirlanta-detayli-zincir-tasarimli-altin-yuzuk","status":"publish","type":"product","link":"https:\/\/www.gasia.com.tr\/en\/collections\/pirlanta-detayli-zincir-tasarimli-altin-yuzuk\/","title":{"rendered":"P\u0131rlanta Detayl\u0131 Zincir Tasar\u0131ml\u0131 Alt\u0131n Y\u00fcz\u00fck"},"content":{"rendered":"<ul>\n<li>18 Ayar Alt\u0131n<\/li>\n<li>0.49 ct P\u0131rlanta<\/li>\n<\/ul>\n<p data-start=\"524\" data-end=\"628\">\u00a0 \u00a0 \u00a0 \u00a0 \u00a0 \u00a0Bu y\u00fcz\u00fck zincir formunda tasarlanm\u0131\u015ft\u0131r. \u00d6n k\u0131sm\u0131nda p\u0131rlanta ta\u015flarla s\u00fcslenmi\u015f halka detay\u0131 bulunur.<\/p>\n<p data-start=\"630\" data-end=\"733\">Alt\u0131n\u0131n parlak tonu y\u00fcz\u00fc\u011fe zarif bir g\u00f6r\u00fcn\u00fcm verir. G\u00fcnl\u00fck kullan\u0131m i\u00e7in \u015f\u0131k ve rahat bir tasar\u0131md\u0131r.<\/p>\n<p data-start=\"735\" data-end=\"808\">Tek ba\u015f\u0131na kullan\u0131labilir veya di\u011fer y\u00fcz\u00fcklerle birlikte kombinlenebilir.<\/p>","protected":false},"excerpt":{"rendered":"<p>18 Ayar Alt\u0131n 0.49 ct P\u0131rlanta \u00a0 \u00a0 \u00a0 \u00a0 \u00a0 \u00a0Bu y\u00fcz\u00fck zincir formunda tasarlanm\u0131\u015ft\u0131r. \u00d6n k\u0131sm\u0131nda p\u0131rlanta ta\u015flarla<\/p>","protected":false},"featured_media":39096,"comment_status":"open","ping_status":"closed","template":"","meta":[],"product_brand":[],"product_cat":[76],"product_tag":[645,289,468,565,650,647,646,520,648,521,335,344,340,649,644,643],"class_list":{"0":"post-39095","1":"product","2":"type-product","3":"status-publish","4":"has-post-thumbnail","6":"product_cat-yuzuk-modelleri","7":"product_tag-altin-pirlanta-yuzuk","8":"product_tag-altin-yuzuk","9":"product_tag-chain-ring","10":"product_tag-designer-ring","11":"product_tag-diamond-detail-ring","12":"product_tag-diamond-gold-ring","13":"product_tag-gold-chain-ring","14":"product_tag-kadin-yuzuk","15":"product_tag-modern-gold-ring","16":"product_tag-modern-yuzuk","17":"product_tag-pirlanta-yuzuk","18":"product_tag-sik-yuzuk","19":"product_tag-tasarim-yuzuk","20":"product_tag-womens-gold-ring","21":"product_tag-zincir-motifli-yuzuk","22":"product_tag-zincir-yuzuk","23":"pa_cinsiyet-kadin","25":"first","26":"instock","27":"sale","28":"shipping-taxable","29":"purchasable","30":"product-type-simple"},"_links":{"self":[{"href":"https:\/\/www.gasia.com.tr\/en\/wp-json\/wp\/v2\/product\/39095","targetHints":{"allow":["GET"]}}],"collection":[{"href":"https:\/\/www.gasia.com.tr\/en\/wp-json\/wp\/v2\/product"}],"about":[{"href":"https:\/\/www.gasia.com.tr\/en\/wp-json\/wp\/v2\/types\/product"}],"replies":[{"embeddable":true,"href":"https:\/\/www.gasia.com.tr\/en\/wp-json\/wp\/v2\/comments?post=39095"}],"version-history":[{"count":1,"href":"https:\/\/www.gasia.com.tr\/en\/wp-json\/wp\/v2\/product\/39095\/revisions"}],"predecessor-version":[{"id":39097,"href":"https:\/\/www.gasia.com.tr\/en\/wp-json\/wp\/v2\/product\/39095\/revisions\/39097"}],"wp:featuredmedia":[{"embeddable":true,"href":"https:\/\/www.gasia.com.tr\/en\/wp-json\/wp\/v2\/media\/39096"}],"wp:attachment":[{"href":"https:\/\/www.gasia.com.tr\/en\/wp-json\/wp\/v2\/media?parent=39095"}],"wp:term":[{"taxonomy":"product_brand","embeddable":true,"href":"https:\/\/www.gasia.com.tr\/en\/wp-json\/wp\/v2\/product_brand?post=39095"},{"taxonomy":"product_cat","embeddable":true,"href":"https:\/\/www.gasia.com.tr\/en\/wp-json\/wp\/v2\/product_cat?post=39095"},{"taxonomy":"product_tag","embeddable":true,"href":"https:\/\/www.gasia.com.tr\/en\/wp-json\/wp\/v2\/product_tag?post=39095"}],"curies":[{"name":"wp","href":"https:\/\/api.w.org\/{rel}","templated":true}]}}