{"id":39098,"date":"2026-03-09T14:04:57","date_gmt":"2026-03-09T11:04:57","guid":{"rendered":"https:\/\/www.gasia.com.tr\/?post_type=product&#038;p=39098"},"modified":"2026-03-25T16:03:59","modified_gmt":"2026-03-25T13:03:59","slug":"sari-pirlanta-ve-beyaz-pirlanta-detayli-yuzuk","status":"publish","type":"product","link":"https:\/\/www.gasia.com.tr\/en\/collections\/sari-pirlanta-ve-beyaz-pirlanta-detayli-yuzuk\/","title":{"rendered":"Sar\u0131 P\u0131rlanta ve Beyaz P\u0131rlanta Detayl\u0131  Y\u00fcz\u00fck"},"content":{"rendered":"<p>Bu y\u00fcz\u00fck sar\u0131 p\u0131rlanta ta\u015flarla tasarlanm\u0131\u015ft\u0131r. Ta\u015flar\u0131n etraf\u0131nda beyaz p\u0131rlanta detaylar\u0131 bulunur.<\/p>\n<p data-start=\"650\" data-end=\"763\">Alt\u0131n y\u00fcz\u00fck \u015f\u0131k ve dikkat \u00e7ekici bir g\u00f6r\u00fcn\u00fcme sahiptir. G\u00fcnl\u00fck kullan\u0131mda veya \u00f6zel g\u00fcnlerde tercih edilebilir.<\/p>\n<p data-start=\"765\" data-end=\"839\">Tek ba\u015f\u0131na kullan\u0131labilir ya da di\u011fer y\u00fcz\u00fcklerle birlikte kombinlenebilir.<\/p>\n<p>&nbsp;<\/p>","protected":false},"excerpt":{"rendered":"<ul>\n<li>18 Ayar Alt\u0131n<\/li>\n<li>1.77 ct\u00a0 5 Adet Fancy Sar\u0131 P\u0131rlanta<\/li>\n<li>0.23 ct Yuvarlak Beyaz P\u0131rlanta<\/li>\n<\/ul>","protected":false},"featured_media":39099,"comment_status":"open","ping_status":"closed","template":"","meta":[],"product_brand":[],"product_cat":[76],"product_tag":[289,448,657,654,656,520,653,658,521,335,651,652,340,659,655],"class_list":{"0":"post-39098","1":"product","2":"type-product","3":"status-publish","4":"has-post-thumbnail","6":"product_cat-yuzuk-modelleri","7":"product_tag-altin-yuzuk","8":"product_tag-designer-diamond-ring","9":"product_tag-diamond-halo-ring","10":"product_tag-diamond-ring","11":"product_tag-gold-diamond-ring","12":"product_tag-kadin-yuzuk","13":"product_tag-luks-yuzuk","14":"product_tag-luxury-diamond-ring","15":"product_tag-modern-yuzuk","16":"product_tag-pirlanta-yuzuk","17":"product_tag-sari-pirlanta-yuzuk","18":"product_tag-sari-tasli-yuzuk","19":"product_tag-tasarim-yuzuk","20":"product_tag-womens-diamond-ring","21":"product_tag-yellow-diamond-ring","22":"pa_cinsiyet-kadin","24":"first","25":"instock","26":"shipping-taxable","27":"product-type-simple"},"_links":{"self":[{"href":"https:\/\/www.gasia.com.tr\/en\/wp-json\/wp\/v2\/product\/39098","targetHints":{"allow":["GET"]}}],"collection":[{"href":"https:\/\/www.gasia.com.tr\/en\/wp-json\/wp\/v2\/product"}],"about":[{"href":"https:\/\/www.gasia.com.tr\/en\/wp-json\/wp\/v2\/types\/product"}],"replies":[{"embeddable":true,"href":"https:\/\/www.gasia.com.tr\/en\/wp-json\/wp\/v2\/comments?post=39098"}],"version-history":[{"count":2,"href":"https:\/\/www.gasia.com.tr\/en\/wp-json\/wp\/v2\/product\/39098\/revisions"}],"predecessor-version":[{"id":40733,"href":"https:\/\/www.gasia.com.tr\/en\/wp-json\/wp\/v2\/product\/39098\/revisions\/40733"}],"wp:featuredmedia":[{"embeddable":true,"href":"https:\/\/www.gasia.com.tr\/en\/wp-json\/wp\/v2\/media\/39099"}],"wp:attachment":[{"href":"https:\/\/www.gasia.com.tr\/en\/wp-json\/wp\/v2\/media?parent=39098"}],"wp:term":[{"taxonomy":"product_brand","embeddable":true,"href":"https:\/\/www.gasia.com.tr\/en\/wp-json\/wp\/v2\/product_brand?post=39098"},{"taxonomy":"product_cat","embeddable":true,"href":"https:\/\/www.gasia.com.tr\/en\/wp-json\/wp\/v2\/product_cat?post=39098"},{"taxonomy":"product_tag","embeddable":true,"href":"https:\/\/www.gasia.com.tr\/en\/wp-json\/wp\/v2\/product_tag?post=39098"}],"curies":[{"name":"wp","href":"https:\/\/api.w.org\/{rel}","templated":true}]}}