{"id":39102,"date":"2026-03-09T14:32:27","date_gmt":"2026-03-09T11:32:27","guid":{"rendered":"https:\/\/www.gasia.com.tr\/?post_type=product&#038;p=39102"},"modified":"2026-03-23T22:55:15","modified_gmt":"2026-03-23T19:55:15","slug":"rose-gold-pirlanta-tasarim-yuzuk","status":"publish","type":"product","link":"https:\/\/www.gasia.com.tr\/en\/collections\/rose-gold-pirlanta-tasarim-yuzuk\/","title":{"rendered":"Rose Gold P\u0131rlanta Tasar\u0131m Y\u00fcz\u00fck"},"content":{"rendered":"<ul>\n<li><\/li>\n<\/ul>\n<p>&nbsp;<\/p>\n<p>&nbsp;<\/p>\n<p data-start=\"526\" data-end=\"632\">Bu y\u00fcz\u00fck rose gold tonunda tasarlanm\u0131\u015ft\u0131r. \u00dczerinde p\u0131rlanta ta\u015flarla s\u00fcslenmi\u015f modern \u00e7izgiler bulunur.<\/p>\n<p data-start=\"634\" data-end=\"743\">Y\u00fcz\u00fck zarif ve dikkat \u00e7ekici bir g\u00f6r\u00fcn\u00fcme sahiptir. G\u00fcnl\u00fck kullan\u0131mda veya \u00f6zel g\u00fcnlerde tercih edilebilir.<\/p>\n<p data-start=\"745\" data-end=\"818\">Tek ba\u015f\u0131na kullan\u0131labilir veya di\u011fer y\u00fcz\u00fcklerle birlikte kombinlenebilir.<\/p>","protected":false},"excerpt":{"rendered":"<p>&nbsp; &nbsp; Bu y\u00fcz\u00fck rose gold tonunda tasarlanm\u0131\u015ft\u0131r. \u00dczerinde p\u0131rlanta ta\u015flarla s\u00fcslenmi\u015f modern \u00e7izgiler bulunur. Y\u00fcz\u00fck zarif ve dikkat \u00e7ekici<\/p>","protected":false},"featured_media":39103,"comment_status":"open","ping_status":"closed","template":"","meta":[],"product_brand":[],"product_cat":[76],"product_tag":[],"class_list":{"0":"post-39102","1":"product","2":"type-product","3":"status-publish","4":"has-post-thumbnail","6":"product_cat-yuzuk-modelleri","7":"pa_cinsiyet-kadin","9":"first","10":"instock","11":"shipping-taxable","12":"product-type-simple"},"_links":{"self":[{"href":"https:\/\/www.gasia.com.tr\/en\/wp-json\/wp\/v2\/product\/39102","targetHints":{"allow":["GET"]}}],"collection":[{"href":"https:\/\/www.gasia.com.tr\/en\/wp-json\/wp\/v2\/product"}],"about":[{"href":"https:\/\/www.gasia.com.tr\/en\/wp-json\/wp\/v2\/types\/product"}],"replies":[{"embeddable":true,"href":"https:\/\/www.gasia.com.tr\/en\/wp-json\/wp\/v2\/comments?post=39102"}],"version-history":[{"count":1,"href":"https:\/\/www.gasia.com.tr\/en\/wp-json\/wp\/v2\/product\/39102\/revisions"}],"predecessor-version":[{"id":39104,"href":"https:\/\/www.gasia.com.tr\/en\/wp-json\/wp\/v2\/product\/39102\/revisions\/39104"}],"wp:featuredmedia":[{"embeddable":true,"href":"https:\/\/www.gasia.com.tr\/en\/wp-json\/wp\/v2\/media\/39103"}],"wp:attachment":[{"href":"https:\/\/www.gasia.com.tr\/en\/wp-json\/wp\/v2\/media?parent=39102"}],"wp:term":[{"taxonomy":"product_brand","embeddable":true,"href":"https:\/\/www.gasia.com.tr\/en\/wp-json\/wp\/v2\/product_brand?post=39102"},{"taxonomy":"product_cat","embeddable":true,"href":"https:\/\/www.gasia.com.tr\/en\/wp-json\/wp\/v2\/product_cat?post=39102"},{"taxonomy":"product_tag","embeddable":true,"href":"https:\/\/www.gasia.com.tr\/en\/wp-json\/wp\/v2\/product_tag?post=39102"}],"curies":[{"name":"wp","href":"https:\/\/api.w.org\/{rel}","templated":true}]}}