{"id":39105,"date":"2026-03-09T14:48:26","date_gmt":"2026-03-09T11:48:26","guid":{"rendered":"https:\/\/www.gasia.com.tr\/?post_type=product&#038;p=39105"},"modified":"2026-03-09T14:49:07","modified_gmt":"2026-03-09T11:49:07","slug":"zumrut-kesim-zumrut-ve-baget-pirlanta-yuzuk","status":"publish","type":"product","link":"https:\/\/www.gasia.com.tr\/en\/collections\/zumrut-kesim-zumrut-ve-baget-pirlanta-yuzuk\/","title":{"rendered":"Z\u00fcmr\u00fct Kesim Z\u00fcmr\u00fct ve Baget P\u0131rlanta Y\u00fcz\u00fck"},"content":{"rendered":"<ul>\n<li>1.16 ct 2 Adet Trapez kesim P\u0131rlanta<\/li>\n<li>3.29 ct Kolombiya Z\u00fcmr\u00fct<\/li>\n<li>6.26 gr 18 Ayar Alt\u0131n<\/li>\n<\/ul>\n<p>&nbsp;<\/p>\n<div class=\"text-base my-auto mx-auto [--thread-content-margin:var(--thread-content-margin-xs,calc(var(--spacing)*4))] @w-sm\/main:[--thread-content-margin:var(--thread-content-margin-sm,calc(var(--spacing)*6))] @w-lg\/main:[--thread-content-margin:var(--thread-content-margin-lg,calc(var(--spacing)*16))] px-(--thread-content-margin)\">\n<div class=\"[--thread-content-max-width:40rem] @w-lg\/main:[--thread-content-max-width:48rem] mx-auto max-w-(--thread-content-max-width) flex-1 group\/turn-messages focus-visible:outline-hidden relative flex w-full min-w-0 flex-col agent-turn\">\n<div class=\"flex max-w-full flex-col gap-4 grow\">\n<div class=\"min-h-8 text-message relative flex w-full flex-col items-end gap-2 text-start break-words whitespace-normal [.text-message+&amp;]:mt-1\" dir=\"auto\" data-message-author-role=\"assistant\" data-message-id=\"df8e656b-d762-4c53-a7ff-918c54b5e16f\" data-message-model-slug=\"gpt-5-3\">\n<div class=\"flex w-full flex-col gap-1 empty:hidden\">\n<div class=\"markdown prose dark:prose-invert w-full wrap-break-word light markdown-new-styling\">\n<p data-start=\"544\" data-end=\"1109\" data-is-last-node=\"\" data-is-only-node=\"\">Merkezinde yer alan etkileyici z\u00fcmr\u00fct kesim z\u00fcmr\u00fct ta\u015f\u0131yla dikkat \u00e7eken bu y\u00fcz\u00fck, iki yan\u0131nda bulunan baget kesim p\u0131rlantalarla dengeli ve zarif bir tasar\u0131m sunar. Z\u00fcmr\u00fct\u00fcn canl\u0131 ve derin ye\u015fil tonu, p\u0131rlantalar\u0131n parlakl\u0131\u011f\u0131yla birle\u015ferek g\u00fc\u00e7l\u00fc bir g\u00f6r\u00fcn\u00fcm olu\u015fturur. Modern ve klasik \u00e7izgileri bir araya getiren bu tasar\u0131m, hem \u00f6zel g\u00fcnlerde hem de g\u00fcnl\u00fck \u015f\u0131kl\u0131kta dikkat \u00e7ekici bir m\u00fccevher olarak \u00f6ne \u00e7\u0131kar. Tasar\u0131m\u0131yla z\u00fcmr\u00fct ve p\u0131rlanta y\u00fcz\u00fck, m\u00fccevher koleksiyonlar\u0131n\u0131n en de\u011ferli par\u00e7alar\u0131ndan biridir.<\/p>\n<\/div>\n<\/div>\n<\/div>\n<\/div>\n<div class=\"z-0 flex min-h-[46px] justify-start\"><\/div>\n<\/div>\n<\/div>\n","protected":false},"excerpt":{"rendered":"<p>1.16 ct 2 Adet Trapez kesim P\u0131rlanta 3.29 ct Kolombiya Z\u00fcmr\u00fct 6.26 gr 18 Ayar Alt\u0131n &nbsp; Merkezinde yer alan<\/p>","protected":false},"featured_media":39106,"comment_status":"open","ping_status":"closed","template":"","meta":[],"product_brand":[],"product_cat":[76],"product_tag":[569,535,537,662,572,661,663,660,532,530],"class_list":{"0":"post-39105","1":"product","2":"type-product","3":"status-publish","4":"has-post-thumbnail","6":"product_cat-yuzuk-modelleri","7":"product_tag-baget-pirlanta-zumrut-yuzuk","8":"product_tag-degerli-tas-yuzuk","9":"product_tag-kadin-zumrut-yuzuk","10":"product_tag-klasik-zumrut-yuzuk","11":"product_tag-luks-tasli-yuzuk","12":"product_tag-uc-tas-zumrut-yuzuk","13":"product_tag-zumrut-baget-yuzuk","14":"product_tag-zumrut-kesim-zumrut-yuzuk","15":"product_tag-zumrut-pirlanta-yuzuk","16":"product_tag-zumrut-yuzuk","17":"pa_cinsiyet-kadin","19":"first","20":"instock","21":"shipping-taxable","22":"product-type-simple"},"_links":{"self":[{"href":"https:\/\/www.gasia.com.tr\/en\/wp-json\/wp\/v2\/product\/39105","targetHints":{"allow":["GET"]}}],"collection":[{"href":"https:\/\/www.gasia.com.tr\/en\/wp-json\/wp\/v2\/product"}],"about":[{"href":"https:\/\/www.gasia.com.tr\/en\/wp-json\/wp\/v2\/types\/product"}],"replies":[{"embeddable":true,"href":"https:\/\/www.gasia.com.tr\/en\/wp-json\/wp\/v2\/comments?post=39105"}],"version-history":[{"count":2,"href":"https:\/\/www.gasia.com.tr\/en\/wp-json\/wp\/v2\/product\/39105\/revisions"}],"predecessor-version":[{"id":39108,"href":"https:\/\/www.gasia.com.tr\/en\/wp-json\/wp\/v2\/product\/39105\/revisions\/39108"}],"wp:featuredmedia":[{"embeddable":true,"href":"https:\/\/www.gasia.com.tr\/en\/wp-json\/wp\/v2\/media\/39106"}],"wp:attachment":[{"href":"https:\/\/www.gasia.com.tr\/en\/wp-json\/wp\/v2\/media?parent=39105"}],"wp:term":[{"taxonomy":"product_brand","embeddable":true,"href":"https:\/\/www.gasia.com.tr\/en\/wp-json\/wp\/v2\/product_brand?post=39105"},{"taxonomy":"product_cat","embeddable":true,"href":"https:\/\/www.gasia.com.tr\/en\/wp-json\/wp\/v2\/product_cat?post=39105"},{"taxonomy":"product_tag","embeddable":true,"href":"https:\/\/www.gasia.com.tr\/en\/wp-json\/wp\/v2\/product_tag?post=39105"}],"curies":[{"name":"wp","href":"https:\/\/api.w.org\/{rel}","templated":true}]}}