{"id":39109,"date":"2026-03-09T14:52:45","date_gmt":"2026-03-09T11:52:45","guid":{"rendered":"https:\/\/www.gasia.com.tr\/?post_type=product&#038;p=39109"},"modified":"2026-03-16T23:01:40","modified_gmt":"2026-03-16T20:01:40","slug":"gotik-kuru-kafa-tasarimli-erkek-yuzuk","status":"publish","type":"product","link":"https:\/\/www.gasia.com.tr\/en\/collections\/gotik-kuru-kafa-tasarimli-erkek-yuzuk\/","title":{"rendered":"Gotik Kuru Kafa Tasar\u0131ml\u0131 Erkek Y\u00fcz\u00fck"},"content":{"rendered":"<p>&nbsp;<\/p>\n<p>Dikkat \u00e7ekici tasar\u0131m\u0131yla \u00f6ne \u00e7\u0131kan bu kuru kafa motifli y\u00fcz\u00fck, g\u00fc\u00e7l\u00fc bir stilin simgesi olarak tasarlanm\u0131\u015ft\u0131r. Kemik detaylar\u0131yla \u00e7evrelenen kuru kafa fig\u00fcr\u00fc, y\u00fcz\u00fc\u011fe gotik ve asi bir karakter kazand\u0131r\u0131r. Eskitilmi\u015f G\u00fcm\u00fc\u015f g\u00f6r\u00fcn\u00fcm\u00fc sayesinde vintage bir estetik sunan bu y\u00fcz\u00fck, farkl\u0131 ve \u00f6zg\u00fcn aksesuarlar\u0131 tercih edenler i\u00e7in ideal bir se\u00e7imdir. G\u00fcnl\u00fck kullan\u0131mda stilinizi vurgulayan bu tasar\u0131m, \u00f6zellikle gotik, rocker ve biker tarz\u0131n\u0131 sevenler i\u00e7in etkileyici bir tamamlay\u0131c\u0131d\u0131r.<\/p>\n<p>&nbsp;<\/p>","protected":false},"excerpt":{"rendered":"<p>&nbsp; Dikkat \u00e7ekici tasar\u0131m\u0131yla \u00f6ne \u00e7\u0131kan bu kuru kafa motifli y\u00fcz\u00fck, g\u00fc\u00e7l\u00fc bir stilin simgesi olarak tasarlanm\u0131\u015ft\u0131r. Kemik detaylar\u0131yla \u00e7evrelenen<\/p>","protected":false},"featured_media":39110,"comment_status":"open","ping_status":"closed","template":"","meta":[],"product_brand":[],"product_cat":[76,257],"product_tag":[667,457,455,669,453,666,452,664,668,665],"class_list":{"0":"post-39109","1":"product","2":"type-product","3":"status-publish","4":"has-post-thumbnail","6":"product_cat-yuzuk-modelleri","7":"product_cat-yuzukler","8":"product_tag-asi-tarz-yuzuk","9":"product_tag-biker-yuzuk","10":"product_tag-erkek-yuzuk","11":"product_tag-gotik-taki","12":"product_tag-gotik-yuzuk","13":"product_tag-gumus-erkek-yuzuk","14":"product_tag-kuru-kafa-yuzuk","15":"product_tag-skull-yuzuk","16":"product_tag-tasarim-erkek-yuzuk","17":"product_tag-vintage-erkek-yuzuk","18":"pa_cinsiyet-erkek","20":"first","21":"instock","22":"shipping-taxable","23":"purchasable","24":"product-type-simple"},"_links":{"self":[{"href":"https:\/\/www.gasia.com.tr\/en\/wp-json\/wp\/v2\/product\/39109","targetHints":{"allow":["GET"]}}],"collection":[{"href":"https:\/\/www.gasia.com.tr\/en\/wp-json\/wp\/v2\/product"}],"about":[{"href":"https:\/\/www.gasia.com.tr\/en\/wp-json\/wp\/v2\/types\/product"}],"replies":[{"embeddable":true,"href":"https:\/\/www.gasia.com.tr\/en\/wp-json\/wp\/v2\/comments?post=39109"}],"version-history":[{"count":2,"href":"https:\/\/www.gasia.com.tr\/en\/wp-json\/wp\/v2\/product\/39109\/revisions"}],"predecessor-version":[{"id":39112,"href":"https:\/\/www.gasia.com.tr\/en\/wp-json\/wp\/v2\/product\/39109\/revisions\/39112"}],"wp:featuredmedia":[{"embeddable":true,"href":"https:\/\/www.gasia.com.tr\/en\/wp-json\/wp\/v2\/media\/39110"}],"wp:attachment":[{"href":"https:\/\/www.gasia.com.tr\/en\/wp-json\/wp\/v2\/media?parent=39109"}],"wp:term":[{"taxonomy":"product_brand","embeddable":true,"href":"https:\/\/www.gasia.com.tr\/en\/wp-json\/wp\/v2\/product_brand?post=39109"},{"taxonomy":"product_cat","embeddable":true,"href":"https:\/\/www.gasia.com.tr\/en\/wp-json\/wp\/v2\/product_cat?post=39109"},{"taxonomy":"product_tag","embeddable":true,"href":"https:\/\/www.gasia.com.tr\/en\/wp-json\/wp\/v2\/product_tag?post=39109"}],"curies":[{"name":"wp","href":"https:\/\/api.w.org\/{rel}","templated":true}]}}