{"id":39113,"date":"2026-03-09T14:58:36","date_gmt":"2026-03-09T11:58:36","guid":{"rendered":"https:\/\/www.gasia.com.tr\/?post_type=product&#038;p=39113"},"modified":"2026-03-16T23:01:40","modified_gmt":"2026-03-16T20:01:40","slug":"kelepce-tasarimli-erkek-yuzuk","status":"publish","type":"product","link":"https:\/\/www.gasia.com.tr\/en\/collections\/kelepce-tasarimli-erkek-yuzuk\/","title":{"rendered":"Kelep\u00e7e Tasar\u0131ml\u0131 Erkek Y\u00fcz\u00fck"},"content":{"rendered":"<ul>\n<li>925 Ayar Okside G\u00fcm\u00fc\u015f<\/li>\n<\/ul>\n<p>&nbsp;<\/p>\n<p>&nbsp;<\/p>\n<p>G\u00fc\u00e7l\u00fc ve \u00f6zg\u00fcn tasar\u0131m\u0131yla dikkat \u00e7eken bu kelep\u00e7e detayl\u0131 erkek y\u00fcz\u00fck, modern ve asi stilin simgesi olarak \u00f6ne \u00e7\u0131kar. Y\u00fcz\u00fc\u011f\u00fcn merkezinde yer alan kelep\u00e7e formu ve yanlardaki zincir detaylar\u0131, tasar\u0131ma karakteristik bir g\u00f6r\u00fcn\u00fcm kazand\u0131r\u0131r. Eskitilmi\u015f g\u00fcm\u00fc\u015f dokusu sayesinde vintage bir estetik sunan bu y\u00fcz\u00fck, farkl\u0131 ve dikkat \u00e7ekici aksesuarlar tercih edenler i\u00e7in ideal bir se\u00e7imdir. G\u00fcnl\u00fck stilinizi tamamlayan bu \u00f6zel tasar\u0131m y\u00fcz\u00fck, \u00f6zellikle modern, rocker ve biker tarz\u0131n\u0131 sevenler i\u00e7in g\u00fc\u00e7l\u00fc bir stil ifadesi sunar.<\/p>","protected":false},"excerpt":{"rendered":"<p>925 Ayar Okside G\u00fcm\u00fc\u015f &nbsp; &nbsp; G\u00fc\u00e7l\u00fc ve \u00f6zg\u00fcn tasar\u0131m\u0131yla dikkat \u00e7eken bu kelep\u00e7e detayl\u0131 erkek y\u00fcz\u00fck, modern ve asi<\/p>","protected":false},"featured_media":39119,"comment_status":"open","ping_status":"closed","template":"","meta":[],"product_brand":[],"product_cat":[76,257],"product_tag":[667,457,455,666,670,671,672,668,665,454],"class_list":{"0":"post-39113","1":"product","2":"type-product","3":"status-publish","4":"has-post-thumbnail","6":"product_cat-yuzuk-modelleri","7":"product_cat-yuzukler","8":"product_tag-asi-tarz-yuzuk","9":"product_tag-biker-yuzuk","10":"product_tag-erkek-yuzuk","11":"product_tag-gumus-erkek-yuzuk","12":"product_tag-kelepce-yuzuk","13":"product_tag-modern-erkek-yuzuk","14":"product_tag-ozgun-erkek-yuzuk","15":"product_tag-tasarim-erkek-yuzuk","16":"product_tag-vintage-erkek-yuzuk","17":"product_tag-zincir-detayli-yuzuk","18":"pa_cinsiyet-erkek","20":"first","21":"instock","22":"shipping-taxable","23":"purchasable","24":"product-type-simple"},"_links":{"self":[{"href":"https:\/\/www.gasia.com.tr\/en\/wp-json\/wp\/v2\/product\/39113","targetHints":{"allow":["GET"]}}],"collection":[{"href":"https:\/\/www.gasia.com.tr\/en\/wp-json\/wp\/v2\/product"}],"about":[{"href":"https:\/\/www.gasia.com.tr\/en\/wp-json\/wp\/v2\/types\/product"}],"replies":[{"embeddable":true,"href":"https:\/\/www.gasia.com.tr\/en\/wp-json\/wp\/v2\/comments?post=39113"}],"version-history":[{"count":1,"href":"https:\/\/www.gasia.com.tr\/en\/wp-json\/wp\/v2\/product\/39113\/revisions"}],"predecessor-version":[{"id":39115,"href":"https:\/\/www.gasia.com.tr\/en\/wp-json\/wp\/v2\/product\/39113\/revisions\/39115"}],"wp:featuredmedia":[{"embeddable":true,"href":"https:\/\/www.gasia.com.tr\/en\/wp-json\/wp\/v2\/media\/39119"}],"wp:attachment":[{"href":"https:\/\/www.gasia.com.tr\/en\/wp-json\/wp\/v2\/media?parent=39113"}],"wp:term":[{"taxonomy":"product_brand","embeddable":true,"href":"https:\/\/www.gasia.com.tr\/en\/wp-json\/wp\/v2\/product_brand?post=39113"},{"taxonomy":"product_cat","embeddable":true,"href":"https:\/\/www.gasia.com.tr\/en\/wp-json\/wp\/v2\/product_cat?post=39113"},{"taxonomy":"product_tag","embeddable":true,"href":"https:\/\/www.gasia.com.tr\/en\/wp-json\/wp\/v2\/product_tag?post=39113"}],"curies":[{"name":"wp","href":"https:\/\/api.w.org\/{rel}","templated":true}]}}