{"id":39116,"date":"2026-03-09T15:21:26","date_gmt":"2026-03-09T12:21:26","guid":{"rendered":"https:\/\/www.gasia.com.tr\/?post_type=product&#038;p=39116"},"modified":"2026-03-16T23:01:40","modified_gmt":"2026-03-16T20:01:40","slug":"altin-serit-detayli-erkek-yuzuk","status":"publish","type":"product","link":"https:\/\/www.gasia.com.tr\/en\/collections\/altin-serit-detayli-erkek-yuzuk\/","title":{"rendered":"Alt\u0131n \u015eerit Detayl\u0131 Erkek Y\u00fcz\u00fck"},"content":{"rendered":"<ul>\n<li>18 Ayar Alt\u0131n<\/li>\n<li>925 Ayar Okside G\u00fcm\u00fc\u015f<\/li>\n<\/ul>\n<p>&nbsp;<\/p>\n<p>&nbsp;<\/p>\n<p>Modern ve sade tasar\u0131m\u0131yla dikkat \u00e7eken bu erkek y\u00fcz\u00fck, eskitilmi\u015f\u00a0 g\u00fcm\u00fc\u015f ve ortas\u0131ndan ge\u00e7en alt\u0131n \u015ferit detay\u0131yla g\u00fc\u00e7l\u00fc bir stil sunar. \u0130ki farkl\u0131 metal tonunun uyumu, y\u00fcz\u00fc\u011fe sofistike ve \u00e7a\u011fda\u015f bir g\u00f6r\u00fcn\u00fcm kazand\u0131r\u0131r. Minimal tasar\u0131m\u0131 sayesinde hem g\u00fcnl\u00fck kullan\u0131mda hem de \u00f6zel kombinlerde rahatl\u0131kla tercih edilebilir.\u015e\u0131k yap\u0131s\u0131yla \u00f6ne \u00e7\u0131kan bu y\u00fcz\u00fck, sade ama karakterli aksesuarlar tercih eden erkekler i\u00e7in ideal bir se\u00e7imdir.<\/p>","protected":false},"excerpt":{"rendered":"<p>18 Ayar Alt\u0131n 925 Ayar Okside G\u00fcm\u00fc\u015f &nbsp; &nbsp; Modern ve sade tasar\u0131m\u0131yla dikkat \u00e7eken bu erkek y\u00fcz\u00fck, eskitilmi\u015f\u00a0 g\u00fcm\u00fc\u015f<\/p>","protected":false},"featured_media":39120,"comment_status":"open","ping_status":"closed","template":"","meta":[],"product_brand":[77],"product_cat":[76,257],"product_tag":[673,455,666,675,674,671,676,677,668,665],"class_list":{"0":"post-39116","1":"product","2":"type-product","3":"status-publish","4":"has-post-thumbnail","6":"product_brand-gasia","7":"product_cat-yuzuk-modelleri","8":"product_cat-yuzukler","9":"product_tag-altin-detayli-yuzuk","10":"product_tag-erkek-yuzuk","11":"product_tag-gumus-erkek-yuzuk","12":"product_tag-iki-renkli-yuzuk","13":"product_tag-minimal-erkek-yuzuk","14":"product_tag-modern-erkek-yuzuk","15":"product_tag-sik-erkek-yuzuk","16":"product_tag-stil-sahibi-erkek-yuzuk","17":"product_tag-tasarim-erkek-yuzuk","18":"product_tag-vintage-erkek-yuzuk","19":"pa_cinsiyet-erkek","21":"first","22":"instock","23":"shipping-taxable","24":"purchasable","25":"product-type-simple"},"_links":{"self":[{"href":"https:\/\/www.gasia.com.tr\/en\/wp-json\/wp\/v2\/product\/39116","targetHints":{"allow":["GET"]}}],"collection":[{"href":"https:\/\/www.gasia.com.tr\/en\/wp-json\/wp\/v2\/product"}],"about":[{"href":"https:\/\/www.gasia.com.tr\/en\/wp-json\/wp\/v2\/types\/product"}],"replies":[{"embeddable":true,"href":"https:\/\/www.gasia.com.tr\/en\/wp-json\/wp\/v2\/comments?post=39116"}],"version-history":[{"count":1,"href":"https:\/\/www.gasia.com.tr\/en\/wp-json\/wp\/v2\/product\/39116\/revisions"}],"predecessor-version":[{"id":39118,"href":"https:\/\/www.gasia.com.tr\/en\/wp-json\/wp\/v2\/product\/39116\/revisions\/39118"}],"wp:featuredmedia":[{"embeddable":true,"href":"https:\/\/www.gasia.com.tr\/en\/wp-json\/wp\/v2\/media\/39120"}],"wp:attachment":[{"href":"https:\/\/www.gasia.com.tr\/en\/wp-json\/wp\/v2\/media?parent=39116"}],"wp:term":[{"taxonomy":"product_brand","embeddable":true,"href":"https:\/\/www.gasia.com.tr\/en\/wp-json\/wp\/v2\/product_brand?post=39116"},{"taxonomy":"product_cat","embeddable":true,"href":"https:\/\/www.gasia.com.tr\/en\/wp-json\/wp\/v2\/product_cat?post=39116"},{"taxonomy":"product_tag","embeddable":true,"href":"https:\/\/www.gasia.com.tr\/en\/wp-json\/wp\/v2\/product_tag?post=39116"}],"curies":[{"name":"wp","href":"https:\/\/api.w.org\/{rel}","templated":true}]}}