{"id":39124,"date":"2026-03-09T15:37:22","date_gmt":"2026-03-09T12:37:22","guid":{"rendered":"https:\/\/www.gasia.com.tr\/?post_type=product&#038;p=39124"},"modified":"2026-03-16T23:01:40","modified_gmt":"2026-03-16T20:01:40","slug":"zincir-detayli-erkek-yuzuk","status":"publish","type":"product","link":"https:\/\/www.gasia.com.tr\/en\/collections\/zincir-detayli-erkek-yuzuk\/","title":{"rendered":"Zincir Detayl\u0131 Erkek Y\u00fcz\u00fck"},"content":{"rendered":"<ul>\n<li>925 ayar okside g\u00fcm\u00fc\u015f<\/li>\n<\/ul>\n<p>&nbsp;<\/p>\n<p>G\u00fc\u00e7l\u00fc ve karakterli tasar\u0131m\u0131yla dikkat \u00e7eken bu erkek y\u00fcz\u00fck, ortas\u0131nda yer alan zincir formuyla \u00f6zg\u00fcn bir stil sunar. D\u00f6ner zincir detayl\u0131 tasar\u0131m\u0131 hem estetik hem de farkl\u0131 bir kullan\u0131m deneyimi sa\u011flar. Eskitilmi\u015f g\u00fcm\u00fc\u015f dokusu y\u00fcz\u00fc\u011fe vintage ve mask\u00fclen bir g\u00f6r\u00fcn\u00fcm kazand\u0131r\u0131rken kal\u0131n formu g\u00fc\u00e7l\u00fc bir stil ifadesi olu\u015fturur. G\u00fcnl\u00fck kullan\u0131mda stilinizi tamamlayan bu tasar\u0131m y\u00fcz\u00fck, \u00f6zellikle modern, biker ve \u00f6zg\u00fcn aksesuarlar\u0131 seven erkekler i\u00e7in dikkat \u00e7ekici bir se\u00e7enektir.<\/p>","protected":false},"excerpt":{"rendered":"<p>925 ayar okside g\u00fcm\u00fc\u015f &nbsp; G\u00fc\u00e7l\u00fc ve karakterli tasar\u0131m\u0131yla dikkat \u00e7eken bu erkek y\u00fcz\u00fck, ortas\u0131nda yer alan zincir formuyla \u00f6zg\u00fcn<\/p>","protected":false},"featured_media":39125,"comment_status":"open","ping_status":"closed","template":"","meta":[],"product_brand":[],"product_cat":[76,257],"product_tag":[667,457,681,455,666,671,668,665,454,643],"class_list":{"0":"post-39124","1":"product","2":"type-product","3":"status-publish","4":"has-post-thumbnail","6":"product_cat-yuzuk-modelleri","7":"product_cat-yuzukler","8":"product_tag-asi-tarz-yuzuk","9":"product_tag-biker-yuzuk","10":"product_tag-doner-yuzuk","11":"product_tag-erkek-yuzuk","12":"product_tag-gumus-erkek-yuzuk","13":"product_tag-modern-erkek-yuzuk","14":"product_tag-tasarim-erkek-yuzuk","15":"product_tag-vintage-erkek-yuzuk","16":"product_tag-zincir-detayli-yuzuk","17":"product_tag-zincir-yuzuk","18":"pa_cinsiyet-erkek","20":"first","21":"instock","22":"shipping-taxable","23":"purchasable","24":"product-type-simple"},"_links":{"self":[{"href":"https:\/\/www.gasia.com.tr\/en\/wp-json\/wp\/v2\/product\/39124","targetHints":{"allow":["GET"]}}],"collection":[{"href":"https:\/\/www.gasia.com.tr\/en\/wp-json\/wp\/v2\/product"}],"about":[{"href":"https:\/\/www.gasia.com.tr\/en\/wp-json\/wp\/v2\/types\/product"}],"replies":[{"embeddable":true,"href":"https:\/\/www.gasia.com.tr\/en\/wp-json\/wp\/v2\/comments?post=39124"}],"version-history":[{"count":1,"href":"https:\/\/www.gasia.com.tr\/en\/wp-json\/wp\/v2\/product\/39124\/revisions"}],"predecessor-version":[{"id":39126,"href":"https:\/\/www.gasia.com.tr\/en\/wp-json\/wp\/v2\/product\/39124\/revisions\/39126"}],"wp:featuredmedia":[{"embeddable":true,"href":"https:\/\/www.gasia.com.tr\/en\/wp-json\/wp\/v2\/media\/39125"}],"wp:attachment":[{"href":"https:\/\/www.gasia.com.tr\/en\/wp-json\/wp\/v2\/media?parent=39124"}],"wp:term":[{"taxonomy":"product_brand","embeddable":true,"href":"https:\/\/www.gasia.com.tr\/en\/wp-json\/wp\/v2\/product_brand?post=39124"},{"taxonomy":"product_cat","embeddable":true,"href":"https:\/\/www.gasia.com.tr\/en\/wp-json\/wp\/v2\/product_cat?post=39124"},{"taxonomy":"product_tag","embeddable":true,"href":"https:\/\/www.gasia.com.tr\/en\/wp-json\/wp\/v2\/product_tag?post=39124"}],"curies":[{"name":"wp","href":"https:\/\/api.w.org\/{rel}","templated":true}]}}