{"id":39127,"date":"2026-03-09T15:40:14","date_gmt":"2026-03-09T12:40:14","guid":{"rendered":"https:\/\/www.gasia.com.tr\/?post_type=product&#038;p=39127"},"modified":"2026-03-16T23:01:40","modified_gmt":"2026-03-16T20:01:40","slug":"zincir-detayli-vintage-stil-tasarim-gumus-yuzuk","status":"publish","type":"product","link":"https:\/\/www.gasia.com.tr\/en\/collections\/zincir-detayli-vintage-stil-tasarim-gumus-yuzuk\/","title":{"rendered":"Zincir Detayl\u0131 Vintage Stil Tasar\u0131m G\u00fcm\u00fc\u015f Y\u00fcz\u00fck"},"content":{"rendered":"<ul>\n<li>925 ayar Okside G\u00fcm\u00fc\u015f<\/li>\n<\/ul>\n<p>&nbsp;<\/p>\n<p>&nbsp;<\/p>\n<p>Mask\u00fclen ve g\u00fc\u00e7l\u00fc tasar\u0131m\u0131yla \u00f6ne \u00e7\u0131kan bu erkek y\u00fcz\u00fck, ortas\u0131nda yer alan zincir detay\u0131yla dikkat \u00e7ekici bir stil sunar. Eskitilmi\u015f g\u00fcm\u00fc\u015f dokusu y\u00fcz\u00fc\u011fe vintage ve karakterli bir g\u00f6r\u00fcn\u00fcm kazand\u0131r\u0131rken kal\u0131n ve sa\u011flam formu g\u00fc\u00e7l\u00fc bir duru\u015f yarat\u0131r. Zincir detay\u0131n\u0131n hareketli yap\u0131s\u0131 tasar\u0131ma modern ve \u00f6zg\u00fcn bir dokunu\u015f ekler. G\u00fcnl\u00fck kullan\u0131mda stilinizi tamamlayan bu y\u00fcz\u00fck, \u00f6zellikle biker, modern ve \u00f6zg\u00fcn aksesuarlar\u0131 tercih eden erkekler i\u00e7in ideal bir se\u00e7imdir.<\/p>","protected":false},"excerpt":{"rendered":"<p>925 ayar Okside G\u00fcm\u00fc\u015f &nbsp; &nbsp; Mask\u00fclen ve g\u00fc\u00e7l\u00fc tasar\u0131m\u0131yla \u00f6ne \u00e7\u0131kan bu erkek y\u00fcz\u00fck, ortas\u0131nda yer alan zincir detay\u0131yla<\/p>","protected":false},"featured_media":39128,"comment_status":"open","ping_status":"closed","template":"","meta":[],"product_brand":[],"product_cat":[76,257],"product_tag":[457,455,666,682,671,672,668,665,454,643],"class_list":{"0":"post-39127","1":"product","2":"type-product","3":"status-publish","4":"has-post-thumbnail","6":"product_cat-yuzuk-modelleri","7":"product_cat-yuzukler","8":"product_tag-biker-yuzuk","9":"product_tag-erkek-yuzuk","10":"product_tag-gumus-erkek-yuzuk","11":"product_tag-maskulen-yuzuk","12":"product_tag-modern-erkek-yuzuk","13":"product_tag-ozgun-erkek-yuzuk","14":"product_tag-tasarim-erkek-yuzuk","15":"product_tag-vintage-erkek-yuzuk","16":"product_tag-zincir-detayli-yuzuk","17":"product_tag-zincir-yuzuk","18":"pa_cinsiyet-erkek","20":"first","21":"instock","22":"shipping-taxable","23":"purchasable","24":"product-type-simple"},"_links":{"self":[{"href":"https:\/\/www.gasia.com.tr\/en\/wp-json\/wp\/v2\/product\/39127","targetHints":{"allow":["GET"]}}],"collection":[{"href":"https:\/\/www.gasia.com.tr\/en\/wp-json\/wp\/v2\/product"}],"about":[{"href":"https:\/\/www.gasia.com.tr\/en\/wp-json\/wp\/v2\/types\/product"}],"replies":[{"embeddable":true,"href":"https:\/\/www.gasia.com.tr\/en\/wp-json\/wp\/v2\/comments?post=39127"}],"version-history":[{"count":1,"href":"https:\/\/www.gasia.com.tr\/en\/wp-json\/wp\/v2\/product\/39127\/revisions"}],"predecessor-version":[{"id":39129,"href":"https:\/\/www.gasia.com.tr\/en\/wp-json\/wp\/v2\/product\/39127\/revisions\/39129"}],"wp:featuredmedia":[{"embeddable":true,"href":"https:\/\/www.gasia.com.tr\/en\/wp-json\/wp\/v2\/media\/39128"}],"wp:attachment":[{"href":"https:\/\/www.gasia.com.tr\/en\/wp-json\/wp\/v2\/media?parent=39127"}],"wp:term":[{"taxonomy":"product_brand","embeddable":true,"href":"https:\/\/www.gasia.com.tr\/en\/wp-json\/wp\/v2\/product_brand?post=39127"},{"taxonomy":"product_cat","embeddable":true,"href":"https:\/\/www.gasia.com.tr\/en\/wp-json\/wp\/v2\/product_cat?post=39127"},{"taxonomy":"product_tag","embeddable":true,"href":"https:\/\/www.gasia.com.tr\/en\/wp-json\/wp\/v2\/product_tag?post=39127"}],"curies":[{"name":"wp","href":"https:\/\/api.w.org\/{rel}","templated":true}]}}