{"id":39130,"date":"2025-12-01T15:57:28","date_gmt":"2025-12-01T12:57:28","guid":{"rendered":"https:\/\/www.gasia.com.tr\/?post_type=product&#038;p=39130"},"modified":"2026-04-11T13:07:27","modified_gmt":"2026-04-11T10:07:27","slug":"oval-konya-pirlanta-tasli-vintage-burma-tasarim-yuzuk","status":"publish","type":"product","link":"https:\/\/www.gasia.com.tr\/en\/collections\/oval-konya-pirlanta-tasli-vintage-burma-tasarim-yuzuk\/","title":{"rendered":"Oval Konya P\u0131rlanta Ta\u015fl\u0131 Vintage Burma Tasar\u0131m Y\u00fcz\u00fck"},"content":{"rendered":"<ul>\n<li>14 Ayar Alt\u0131n<\/li>\n<li>925 Ayar Okside G\u00fcm\u00fc\u015f<\/li>\n<li>0.39 ct Oval P\u0131rlanta<\/li>\n<\/ul>\n<p>&nbsp;<\/p>\n<p>Zarif ve sade tasar\u0131m\u0131yla \u00f6ne \u00e7\u0131kan bu y\u00fcz\u00fck, halat formundaki g\u00f6vdesi ve merkezinde yer alan oval kesim konyak rengi p\u0131rlanta detay\u0131yla dikkat \u00e7eker. Vintage esintili metal dokusu y\u00fcz\u00fc\u011fe karakterli bir g\u00f6r\u00fcn\u00fcm kazand\u0131r\u0131rken minimal tasar\u0131m\u0131 g\u00fcnl\u00fck kullan\u0131m i\u00e7in ideal bir \u015f\u0131kl\u0131k sunar. Alt\u0131n\u00a0 ta\u015f yuvas\u0131 ve s\u0131cak renkli p\u0131rlanta, y\u00fcz\u00fc\u011fe zarif bir \u0131\u015f\u0131lt\u0131 katar. Hem tek ba\u015f\u0131na hem de di\u011fer y\u00fcz\u00fcklerle kombinlenebilen bu tasar\u0131m, sade ama etkileyici m\u00fccevherleri sevenler i\u00e7in m\u00fckemmel bir se\u00e7imdir.<\/p>\n<p>&nbsp;<\/p>","protected":false},"excerpt":{"rendered":"<p>14 Ayar Alt\u0131n 925 Ayar Okside G\u00fcm\u00fc\u015f 0.39 ct Oval P\u0131rlanta &nbsp; Zarif ve sade tasar\u0131m\u0131yla \u00f6ne \u00e7\u0131kan bu y\u00fcz\u00fck,<\/p>","protected":false},"featured_media":39133,"comment_status":"open","ping_status":"closed","template":"","meta":[],"product_brand":[],"product_cat":[76],"product_tag":[535,684,520,518,685,344,340,562,683,519],"class_list":{"0":"post-39130","1":"product","2":"type-product","3":"status-publish","4":"has-post-thumbnail","6":"product_cat-yuzuk-modelleri","7":"product_tag-degerli-tas-yuzuk","8":"product_tag-halat-tasarim-yuzuk","9":"product_tag-kadin-yuzuk","10":"product_tag-minimal-yuzuk","11":"product_tag-oval-tasli-yuzuk","12":"product_tag-sik-yuzuk","13":"product_tag-tasarim-yuzuk","14":"product_tag-tasli-yuzuk","15":"product_tag-vintage-yuzuk","16":"product_tag-zarif-yuzuk","17":"pa_cinsiyet-kadin","19":"first","20":"instock","21":"shipping-taxable","22":"purchasable","23":"product-type-simple"},"_links":{"self":[{"href":"https:\/\/www.gasia.com.tr\/en\/wp-json\/wp\/v2\/product\/39130","targetHints":{"allow":["GET"]}}],"collection":[{"href":"https:\/\/www.gasia.com.tr\/en\/wp-json\/wp\/v2\/product"}],"about":[{"href":"https:\/\/www.gasia.com.tr\/en\/wp-json\/wp\/v2\/types\/product"}],"replies":[{"embeddable":true,"href":"https:\/\/www.gasia.com.tr\/en\/wp-json\/wp\/v2\/comments?post=39130"}],"version-history":[{"count":2,"href":"https:\/\/www.gasia.com.tr\/en\/wp-json\/wp\/v2\/product\/39130\/revisions"}],"predecessor-version":[{"id":39135,"href":"https:\/\/www.gasia.com.tr\/en\/wp-json\/wp\/v2\/product\/39130\/revisions\/39135"}],"wp:featuredmedia":[{"embeddable":true,"href":"https:\/\/www.gasia.com.tr\/en\/wp-json\/wp\/v2\/media\/39133"}],"wp:attachment":[{"href":"https:\/\/www.gasia.com.tr\/en\/wp-json\/wp\/v2\/media?parent=39130"}],"wp:term":[{"taxonomy":"product_brand","embeddable":true,"href":"https:\/\/www.gasia.com.tr\/en\/wp-json\/wp\/v2\/product_brand?post=39130"},{"taxonomy":"product_cat","embeddable":true,"href":"https:\/\/www.gasia.com.tr\/en\/wp-json\/wp\/v2\/product_cat?post=39130"},{"taxonomy":"product_tag","embeddable":true,"href":"https:\/\/www.gasia.com.tr\/en\/wp-json\/wp\/v2\/product_tag?post=39130"}],"curies":[{"name":"wp","href":"https:\/\/api.w.org\/{rel}","templated":true}]}}