{"id":39141,"date":"2026-03-09T16:30:45","date_gmt":"2026-03-09T13:30:45","guid":{"rendered":"https:\/\/www.gasia.com.tr\/?post_type=product&#038;p=39141"},"modified":"2026-03-09T16:32:56","modified_gmt":"2026-03-09T13:32:56","slug":"beyaz-altin-pirlanta-detayli-modern-tasarim-yuzuk-copy","status":"publish","type":"product","link":"https:\/\/www.gasia.com.tr\/en\/collections\/beyaz-altin-pirlanta-detayli-modern-tasarim-yuzuk-copy\/","title":{"rendered":"Beyaz Alt\u0131n P\u0131rlanta Detayl\u0131 Modern Tasar\u0131m Y\u00fcz\u00fck"},"content":{"rendered":"<ul>\n<li>18 Ayar Alt\u0131n<\/li>\n<li>4.30 gram<\/li>\n<li>0.31 ct P\u0131rlanta<\/li>\n<li>Alt\u0131n a\u011f\u0131rl\u0131\u011f\u0131 parmak \u00f6l\u00e7\u00fcn\u00fcze g\u00f6re de\u011fi\u015fiklik g\u00f6sterebilir<\/li>\n<\/ul>\n<p>&nbsp;<\/p>\n<p data-start=\"506\" data-end=\"590\">Bu y\u00fcz\u00fck beyaa alt\u0131n tonunda tasarlanm\u0131\u015ft\u0131r. \u00dczerinde k\u00fc\u00e7\u00fck p\u0131rlanta ta\u015flar bulunur.<\/p>\n<p data-start=\"592\" data-end=\"684\">Modern ve zarif bir g\u00f6r\u00fcn\u00fcme sahiptir. G\u00fcnl\u00fck kullan\u0131m i\u00e7in hafif ve rahat bir tasar\u0131md\u0131r.<\/p>\n<p data-start=\"686\" data-end=\"759\">Tek ba\u015f\u0131na kullan\u0131labilir veya di\u011fer y\u00fcz\u00fcklerle birlikte kombinlenebilir.<\/p>","protected":false},"excerpt":{"rendered":"<p>18 Ayar Alt\u0131n 4.30 gram 0.31 ct P\u0131rlanta Alt\u0131n a\u011f\u0131rl\u0131\u011f\u0131 parmak \u00f6l\u00e7\u00fcn\u00fcze g\u00f6re de\u011fi\u015fiklik g\u00f6sterebilir &nbsp; Bu y\u00fcz\u00fck beyaa alt\u0131n<\/p>","protected":false},"featured_media":39137,"comment_status":"open","ping_status":"closed","template":"","meta":[],"product_brand":[77],"product_cat":[76],"product_tag":[289,609,520,590,689,518,688,521,335,687,686,344,340,649],"class_list":{"0":"post-39141","1":"product","2":"type-product","3":"status-publish","4":"has-post-thumbnail","6":"product_brand-gasia","7":"product_cat-yuzuk-modelleri","8":"product_tag-altin-yuzuk","9":"product_tag-designer-gold-ring","10":"product_tag-kadin-yuzuk","11":"product_tag-luxury-ring","12":"product_tag-minimal-diamond-ring","13":"product_tag-minimal-yuzuk","14":"product_tag-modern-diamond-ring","15":"product_tag-modern-yuzuk","16":"product_tag-pirlanta-yuzuk","17":"product_tag-rose-gold-diamond-ring","18":"product_tag-rose-gold-yuzuk","19":"product_tag-sik-yuzuk","20":"product_tag-tasarim-yuzuk","21":"product_tag-womens-gold-ring","22":"pa_cinsiyet-kadin","24":"first","25":"instock","26":"sale","27":"shipping-taxable","28":"purchasable","29":"product-type-simple"},"_links":{"self":[{"href":"https:\/\/www.gasia.com.tr\/en\/wp-json\/wp\/v2\/product\/39141","targetHints":{"allow":["GET"]}}],"collection":[{"href":"https:\/\/www.gasia.com.tr\/en\/wp-json\/wp\/v2\/product"}],"about":[{"href":"https:\/\/www.gasia.com.tr\/en\/wp-json\/wp\/v2\/types\/product"}],"replies":[{"embeddable":true,"href":"https:\/\/www.gasia.com.tr\/en\/wp-json\/wp\/v2\/comments?post=39141"}],"version-history":[{"count":2,"href":"https:\/\/www.gasia.com.tr\/en\/wp-json\/wp\/v2\/product\/39141\/revisions"}],"predecessor-version":[{"id":39145,"href":"https:\/\/www.gasia.com.tr\/en\/wp-json\/wp\/v2\/product\/39141\/revisions\/39145"}],"wp:featuredmedia":[{"embeddable":true,"href":"https:\/\/www.gasia.com.tr\/en\/wp-json\/wp\/v2\/media\/39137"}],"wp:attachment":[{"href":"https:\/\/www.gasia.com.tr\/en\/wp-json\/wp\/v2\/media?parent=39141"}],"wp:term":[{"taxonomy":"product_brand","embeddable":true,"href":"https:\/\/www.gasia.com.tr\/en\/wp-json\/wp\/v2\/product_brand?post=39141"},{"taxonomy":"product_cat","embeddable":true,"href":"https:\/\/www.gasia.com.tr\/en\/wp-json\/wp\/v2\/product_cat?post=39141"},{"taxonomy":"product_tag","embeddable":true,"href":"https:\/\/www.gasia.com.tr\/en\/wp-json\/wp\/v2\/product_tag?post=39141"}],"curies":[{"name":"wp","href":"https:\/\/api.w.org\/{rel}","templated":true}]}}