{"id":39147,"date":"2025-11-09T16:41:38","date_gmt":"2025-11-09T13:41:38","guid":{"rendered":"https:\/\/www.gasia.com.tr\/?post_type=product&#038;p=39147"},"modified":"2026-05-11T17:11:51","modified_gmt":"2026-05-11T14:11:51","slug":"pirlanta-tasli-1-rakam-altin-kolye","status":"publish","type":"product","link":"https:\/\/www.gasia.com.tr\/en\/collections\/pirlanta-tasli-1-rakam-altin-kolye\/","title":{"rendered":"P\u0131rlanta Ta\u015fl\u0131 1 Rakam Alt\u0131n Kolye"},"content":{"rendered":"<p data-start=\"497\" data-end=\"574\">Bu kolye 1 rakam formunda tasarlanm\u0131\u015ft\u0131r. \u00dczerinde p\u0131rlanta ta\u015flar bulunur.<\/p>\n<p data-start=\"576\" data-end=\"678\">Alt\u0131n zincir ile birlikte zarif bir g\u00f6r\u00fcn\u00fcm sunar. G\u00fcnl\u00fck kullan\u0131m i\u00e7in \u015f\u0131k ve hafif bir tasar\u0131md\u0131r.<\/p>\n<p data-start=\"680\" data-end=\"753\">Tek ba\u015f\u0131na kullan\u0131labilir veya di\u011fer kolyelerle birlikte kombinlenebilir.<\/p>","protected":false},"excerpt":{"rendered":"<ul>\n<li>14 ayar Alt\u0131n<\/li>\n<li>0.05 ct P\u0131rlanta<\/li>\n<li>42 cm uzunlu\u011funda zincir<\/li>\n<\/ul>","protected":false},"featured_media":39148,"comment_status":"open","ping_status":"closed","template":"","meta":[],"product_brand":[],"product_cat":[75],"product_tag":[690,278,696,697,694,473,693,695,698,699,276,691,692,274,635],"class_list":{"0":"post-39147","1":"product","2":"type-product","3":"status-publish","4":"has-post-thumbnail","6":"product_cat-kolye","7":"product_tag-1-rakam-kolye","8":"product_tag-altin-kolye","9":"product_tag-diamond-number-necklace","10":"product_tag-gold-number-pendant","11":"product_tag-harf-ve-rakam-kolye","12":"product_tag-kadin-kolye","13":"product_tag-kisisel-kolye","14":"product_tag-number-1-necklace","15":"product_tag-number-pendant-necklace","16":"product_tag-personalized-necklace","17":"product_tag-pirlanta-kolye","18":"product_tag-rakam-kolye","19":"product_tag-sayi-kolye","20":"product_tag-tasarim-kolye","21":"product_tag-womens-gold-necklace","22":"pa_cinsiyet-kadin","24":"first","25":"outofstock","26":"shipping-taxable","27":"product-type-simple"},"_links":{"self":[{"href":"https:\/\/www.gasia.com.tr\/en\/wp-json\/wp\/v2\/product\/39147","targetHints":{"allow":["GET"]}}],"collection":[{"href":"https:\/\/www.gasia.com.tr\/en\/wp-json\/wp\/v2\/product"}],"about":[{"href":"https:\/\/www.gasia.com.tr\/en\/wp-json\/wp\/v2\/types\/product"}],"replies":[{"embeddable":true,"href":"https:\/\/www.gasia.com.tr\/en\/wp-json\/wp\/v2\/comments?post=39147"}],"version-history":[{"count":2,"href":"https:\/\/www.gasia.com.tr\/en\/wp-json\/wp\/v2\/product\/39147\/revisions"}],"predecessor-version":[{"id":41279,"href":"https:\/\/www.gasia.com.tr\/en\/wp-json\/wp\/v2\/product\/39147\/revisions\/41279"}],"wp:featuredmedia":[{"embeddable":true,"href":"https:\/\/www.gasia.com.tr\/en\/wp-json\/wp\/v2\/media\/39148"}],"wp:attachment":[{"href":"https:\/\/www.gasia.com.tr\/en\/wp-json\/wp\/v2\/media?parent=39147"}],"wp:term":[{"taxonomy":"product_brand","embeddable":true,"href":"https:\/\/www.gasia.com.tr\/en\/wp-json\/wp\/v2\/product_brand?post=39147"},{"taxonomy":"product_cat","embeddable":true,"href":"https:\/\/www.gasia.com.tr\/en\/wp-json\/wp\/v2\/product_cat?post=39147"},{"taxonomy":"product_tag","embeddable":true,"href":"https:\/\/www.gasia.com.tr\/en\/wp-json\/wp\/v2\/product_tag?post=39147"}],"curies":[{"name":"wp","href":"https:\/\/api.w.org\/{rel}","templated":true}]}}