{"id":39151,"date":"2026-02-04T00:00:00","date_gmt":"2026-02-03T21:00:00","guid":{"rendered":"https:\/\/www.gasia.com.tr\/?post_type=product&#038;p=39151"},"modified":"2026-04-13T15:51:54","modified_gmt":"2026-04-13T12:51:54","slug":"pembe-safir-tasli-rose-gold-tasarim-yuzuk","status":"publish","type":"product","link":"https:\/\/www.gasia.com.tr\/en\/collections\/pembe-safir-tasli-rose-gold-tasarim-yuzuk\/","title":{"rendered":"Pembe Safir Ta\u015fl\u0131 Rose Gold Tasar\u0131m Y\u00fcz\u00fck"},"content":{"rendered":"<p>&nbsp;<\/p>\n<p>&nbsp;<\/p>\n<p data-start=\"495\" data-end=\"570\">Bu y\u00fcz\u00fck rose gold tonunda tasarlanm\u0131\u015ft\u0131r. \u00dczerinde pembe safirler bulunur.<\/p>\n<p data-start=\"572\" data-end=\"674\">Ta\u015flar\u0131n etraf\u0131nda k\u00fc\u00e7\u00fck p\u0131rlanta detaylar\u0131 yer al\u0131r. Y\u00fcz\u00fc\u011fe zarif ve parlak bir g\u00f6r\u00fcn\u00fcm kazand\u0131r\u0131r.<\/p>\n<p data-start=\"676\" data-end=\"796\">G\u00fcnl\u00fck kullan\u0131mda veya \u00f6zel g\u00fcnlerde tercih edilebilir. Tek ba\u015f\u0131na kullan\u0131labilir veya di\u011fer y\u00fcz\u00fcklerle kombinlenebilir.<\/p>\n<p>&nbsp;<\/p>","protected":false},"excerpt":{"rendered":"<ul>\n<li>18 Ayar Alt\u0131n<\/li>\n<li>0,47 ct P\u0131rlanta<\/li>\n<li>10,20 ct Pembe Safir<\/li>\n<\/ul>","protected":false},"featured_media":39152,"comment_status":"open","ping_status":"closed","template":"","meta":[],"product_brand":[],"product_cat":[76],"product_tag":[565,520,653,521,706,704,702,705,700,701,686,344,450,340,562,703],"class_list":{"0":"post-39151","1":"product","2":"type-product","3":"status-publish","4":"has-post-thumbnail","6":"product_cat-yuzuk-modelleri","7":"product_tag-designer-ring","8":"product_tag-kadin-yuzuk","9":"product_tag-luks-yuzuk","10":"product_tag-modern-yuzuk","11":"product_tag-pembe-safir-yuzuk","12":"product_tag-pembe-tasli-yuzuk","13":"product_tag-pink-gemstone-ring","14":"product_tag-pink-sapphire-ring","15":"product_tag-pink-stone-ring","16":"product_tag-rose-gold-ring","17":"product_tag-rose-gold-yuzuk","18":"product_tag-sik-yuzuk","19":"product_tag-statement-ring","20":"product_tag-tasarim-yuzuk","21":"product_tag-tasli-yuzuk","22":"product_tag-womens-luxury-ring","23":"pa_cinsiyet-kadin","25":"first","26":"instock","27":"shipping-taxable","28":"purchasable","29":"product-type-simple"},"_links":{"self":[{"href":"https:\/\/www.gasia.com.tr\/en\/wp-json\/wp\/v2\/product\/39151","targetHints":{"allow":["GET"]}}],"collection":[{"href":"https:\/\/www.gasia.com.tr\/en\/wp-json\/wp\/v2\/product"}],"about":[{"href":"https:\/\/www.gasia.com.tr\/en\/wp-json\/wp\/v2\/types\/product"}],"replies":[{"embeddable":true,"href":"https:\/\/www.gasia.com.tr\/en\/wp-json\/wp\/v2\/comments?post=39151"}],"version-history":[{"count":2,"href":"https:\/\/www.gasia.com.tr\/en\/wp-json\/wp\/v2\/product\/39151\/revisions"}],"predecessor-version":[{"id":42025,"href":"https:\/\/www.gasia.com.tr\/en\/wp-json\/wp\/v2\/product\/39151\/revisions\/42025"}],"wp:featuredmedia":[{"embeddable":true,"href":"https:\/\/www.gasia.com.tr\/en\/wp-json\/wp\/v2\/media\/39152"}],"wp:attachment":[{"href":"https:\/\/www.gasia.com.tr\/en\/wp-json\/wp\/v2\/media?parent=39151"}],"wp:term":[{"taxonomy":"product_brand","embeddable":true,"href":"https:\/\/www.gasia.com.tr\/en\/wp-json\/wp\/v2\/product_brand?post=39151"},{"taxonomy":"product_cat","embeddable":true,"href":"https:\/\/www.gasia.com.tr\/en\/wp-json\/wp\/v2\/product_cat?post=39151"},{"taxonomy":"product_tag","embeddable":true,"href":"https:\/\/www.gasia.com.tr\/en\/wp-json\/wp\/v2\/product_tag?post=39151"}],"curies":[{"name":"wp","href":"https:\/\/api.w.org\/{rel}","templated":true}]}}