{"id":39155,"date":"2026-01-01T00:00:00","date_gmt":"2025-12-31T21:00:00","guid":{"rendered":"https:\/\/www.gasia.com.tr\/?post_type=product&#038;p=39155"},"modified":"2026-03-27T09:31:09","modified_gmt":"2026-03-27T06:31:09","slug":"fatma-ana-eli-motifli-altin-yuzuk","status":"publish","type":"product","link":"https:\/\/www.gasia.com.tr\/en\/collections\/fatma-ana-eli-motifli-altin-yuzuk\/","title":{"rendered":"Fatima Ana Eli Motifli Alt\u0131n Y\u00fcz\u00fck"},"content":{"rendered":"<p>&nbsp;<\/p>\n<p>&nbsp;<\/p>\n<p data-start=\"536\" data-end=\"628\">Bu y\u00fcz\u00fck Fatma Ana Eli (Hamsa) motifi ile tasarlanm\u0131\u015ft\u0131r. Ortas\u0131nda nazar sembol\u00fc bulunur.<\/p>\n<p data-start=\"630\" data-end=\"720\">Alt\u0131n y\u00fcz\u00fck p\u0131rlanta ta\u015flarla \u00e7evrelenmi\u015ftir. Bu detay y\u00fcz\u00fc\u011fe zarif bir parlakl\u0131k verir.<\/p>\n<p data-start=\"722\" data-end=\"823\">Hem anlaml\u0131 hem de \u015f\u0131k bir tasar\u0131ma sahiptir. G\u00fcnl\u00fck kullan\u0131mda veya \u00f6zel g\u00fcnlerde tercih edilebilir.<\/p>","protected":false},"excerpt":{"rendered":"<p>&nbsp; &nbsp; Bu y\u00fcz\u00fck Fatma Ana Eli (Hamsa) motifi ile tasarlanm\u0131\u015ft\u0131r. Ortas\u0131nda nazar sembol\u00fc bulunur. Alt\u0131n y\u00fcz\u00fck p\u0131rlanta ta\u015flarla \u00e7evrelenmi\u015ftir.<\/p>","protected":false},"featured_media":39156,"comment_status":"open","ping_status":"closed","template":"","meta":[],"product_brand":[],"product_cat":[198,76],"product_tag":[289,715,712,707,714,713,711,708,520,710,709,335,716,340,649],"class_list":{"0":"post-39155","1":"product","2":"type-product","3":"status-publish","4":"has-post-thumbnail","6":"product_cat-eye-collection","7":"product_cat-yuzuk-modelleri","8":"product_tag-altin-yuzuk","9":"product_tag-diamond-hamsa-ring","10":"product_tag-evil-eye-ring","11":"product_tag-fatma-ana-eli-yuzuk","12":"product_tag-gold-hamsa-ring","13":"product_tag-hamsa-hand-ring","14":"product_tag-hamsa-ring","15":"product_tag-hamsa-yuzuk","16":"product_tag-kadin-yuzuk","17":"product_tag-koruyucu-sembol-yuzuk","18":"product_tag-nazar-yuzugu","19":"product_tag-pirlanta-yuzuk","20":"product_tag-protection-symbol-ring","21":"product_tag-tasarim-yuzuk","22":"product_tag-womens-gold-ring","23":"pa_cinsiyet-kadin","25":"first","26":"instock","27":"shipping-taxable","28":"product-type-simple"},"_links":{"self":[{"href":"https:\/\/www.gasia.com.tr\/en\/wp-json\/wp\/v2\/product\/39155","targetHints":{"allow":["GET"]}}],"collection":[{"href":"https:\/\/www.gasia.com.tr\/en\/wp-json\/wp\/v2\/product"}],"about":[{"href":"https:\/\/www.gasia.com.tr\/en\/wp-json\/wp\/v2\/types\/product"}],"replies":[{"embeddable":true,"href":"https:\/\/www.gasia.com.tr\/en\/wp-json\/wp\/v2\/comments?post=39155"}],"version-history":[{"count":2,"href":"https:\/\/www.gasia.com.tr\/en\/wp-json\/wp\/v2\/product\/39155\/revisions"}],"predecessor-version":[{"id":40973,"href":"https:\/\/www.gasia.com.tr\/en\/wp-json\/wp\/v2\/product\/39155\/revisions\/40973"}],"wp:featuredmedia":[{"embeddable":true,"href":"https:\/\/www.gasia.com.tr\/en\/wp-json\/wp\/v2\/media\/39156"}],"wp:attachment":[{"href":"https:\/\/www.gasia.com.tr\/en\/wp-json\/wp\/v2\/media?parent=39155"}],"wp:term":[{"taxonomy":"product_brand","embeddable":true,"href":"https:\/\/www.gasia.com.tr\/en\/wp-json\/wp\/v2\/product_brand?post=39155"},{"taxonomy":"product_cat","embeddable":true,"href":"https:\/\/www.gasia.com.tr\/en\/wp-json\/wp\/v2\/product_cat?post=39155"},{"taxonomy":"product_tag","embeddable":true,"href":"https:\/\/www.gasia.com.tr\/en\/wp-json\/wp\/v2\/product_tag?post=39155"}],"curies":[{"name":"wp","href":"https:\/\/api.w.org\/{rel}","templated":true}]}}