{"id":39161,"date":"2026-03-09T17:37:02","date_gmt":"2026-03-09T14:37:02","guid":{"rendered":"https:\/\/www.gasia.com.tr\/?post_type=product&#038;p=39161"},"modified":"2026-03-09T17:39:46","modified_gmt":"2026-03-09T14:39:46","slug":"rose-gold-pirlanta-detayli-tasarim-yuzuk-copy","status":"publish","type":"product","link":"https:\/\/www.gasia.com.tr\/en\/collections\/rose-gold-pirlanta-detayli-tasarim-yuzuk-copy\/","title":{"rendered":"Beyaz Alt\u0131n P\u0131rlanta Detayl\u0131 Tasar\u0131m Y\u00fcz\u00fck"},"content":{"rendered":"<ul>\n<li>18 ayar Alt\u0131n<\/li>\n<li>1.24 ct Baget kesim P\u0131rlanta<\/li>\n<li>0.24 ct 1 adet Markiz kesim P\u0131rlanta<\/li>\n<li>0.121 ct 16 adet yuvarlak kesim P\u0131rlanta<\/li>\n<\/ul>\n<p>&nbsp;<\/p>\n<p>&nbsp;<\/p>\n<p data-start=\"508\" data-end=\"593\">Bu y\u00fcz\u00fck beyaz alt\u0131n tonunda tasarlanm\u0131\u015ft\u0131r. \u00dczerinde p\u0131rlanta ta\u015f detaylar\u0131 bulunur.<\/p>\n<p data-start=\"595\" data-end=\"697\">Geni\u015f ve modern formu y\u00fcz\u00fc\u011fe dikkat \u00e7ekici bir g\u00f6r\u00fcn\u00fcm verir. Zarif ve parlak bir tasar\u0131ma sahiptir.<\/p>\n<p>&nbsp;<\/p>","protected":false},"excerpt":{"rendered":"<p>18 ayar Alt\u0131n 1.24 ct Baget kesim P\u0131rlanta 0.24 ct 1 adet Markiz kesim P\u0131rlanta 0.121 ct 16 adet yuvarlak<\/p>","protected":false},"featured_media":39166,"comment_status":"open","ping_status":"closed","template":"","meta":[],"product_brand":[],"product_cat":[76],"product_tag":[609,718,717,520,658,521,335,687,686,344,450,340,562,649],"class_list":{"0":"post-39161","1":"product","2":"type-product","3":"status-publish","4":"has-post-thumbnail","6":"product_cat-yuzuk-modelleri","7":"product_tag-designer-gold-ring","8":"product_tag-diamond-statement-ring","9":"product_tag-genis-yuzuk","10":"product_tag-kadin-yuzuk","11":"product_tag-luxury-diamond-ring","12":"product_tag-modern-yuzuk","13":"product_tag-pirlanta-yuzuk","14":"product_tag-rose-gold-diamond-ring","15":"product_tag-rose-gold-yuzuk","16":"product_tag-sik-yuzuk","17":"product_tag-statement-ring","18":"product_tag-tasarim-yuzuk","19":"product_tag-tasli-yuzuk","20":"product_tag-womens-gold-ring","21":"pa_cinsiyet-kadin","23":"first","24":"instock","25":"shipping-taxable","26":"product-type-simple"},"_links":{"self":[{"href":"https:\/\/www.gasia.com.tr\/en\/wp-json\/wp\/v2\/product\/39161","targetHints":{"allow":["GET"]}}],"collection":[{"href":"https:\/\/www.gasia.com.tr\/en\/wp-json\/wp\/v2\/product"}],"about":[{"href":"https:\/\/www.gasia.com.tr\/en\/wp-json\/wp\/v2\/types\/product"}],"replies":[{"embeddable":true,"href":"https:\/\/www.gasia.com.tr\/en\/wp-json\/wp\/v2\/comments?post=39161"}],"version-history":[{"count":2,"href":"https:\/\/www.gasia.com.tr\/en\/wp-json\/wp\/v2\/product\/39161\/revisions"}],"predecessor-version":[{"id":39167,"href":"https:\/\/www.gasia.com.tr\/en\/wp-json\/wp\/v2\/product\/39161\/revisions\/39167"}],"wp:featuredmedia":[{"embeddable":true,"href":"https:\/\/www.gasia.com.tr\/en\/wp-json\/wp\/v2\/media\/39166"}],"wp:attachment":[{"href":"https:\/\/www.gasia.com.tr\/en\/wp-json\/wp\/v2\/media?parent=39161"}],"wp:term":[{"taxonomy":"product_brand","embeddable":true,"href":"https:\/\/www.gasia.com.tr\/en\/wp-json\/wp\/v2\/product_brand?post=39161"},{"taxonomy":"product_cat","embeddable":true,"href":"https:\/\/www.gasia.com.tr\/en\/wp-json\/wp\/v2\/product_cat?post=39161"},{"taxonomy":"product_tag","embeddable":true,"href":"https:\/\/www.gasia.com.tr\/en\/wp-json\/wp\/v2\/product_tag?post=39161"}],"curies":[{"name":"wp","href":"https:\/\/api.w.org\/{rel}","templated":true}]}}