{"id":39171,"date":"2026-03-09T17:45:52","date_gmt":"2026-03-09T14:45:52","guid":{"rendered":"https:\/\/www.gasia.com.tr\/?post_type=product&#038;p=39171"},"modified":"2026-03-10T12:18:57","modified_gmt":"2026-03-10T09:18:57","slug":"uc-renk-altin-ve-pirlanta-detayli-tasarim-yuzukler","status":"publish","type":"product","link":"https:\/\/www.gasia.com.tr\/en\/collections\/uc-renk-altin-ve-pirlanta-detayli-tasarim-yuzukler\/","title":{"rendered":"\u00dc\u00e7 Renk Alt\u0131n ve P\u0131rlanta Detayl\u0131 Tasar\u0131m Y\u00fcz\u00fckler"},"content":{"rendered":"<ul>\n<li>14 ayar 2.50 gr Alt\u0131n<\/li>\n<li>0.15 ct P\u0131rlanta<\/li>\n<li>Y\u00fcz\u00fck a\u011f\u0131rl\u0131\u011f\u0131 parmak \u00f6l\u00e7\u00fcn\u00fcze g\u00f6re de\u011fi\u015fiklik g\u00f6sterebilir.<\/li>\n<\/ul>\n<p data-start=\"403\" data-end=\"547\">Bu y\u00fcz\u00fckler \u00fc\u00e7 farkl\u0131 alt\u0131n tonuyla tasarlanm\u0131\u015ft\u0131r. Sar\u0131 alt\u0131n, beyaz alt\u0131n ve rose gold renkleri bir arada kullan\u0131lm\u0131\u015ft\u0131r.<\/p>\n<p data-start=\"549\" data-end=\"647\">\u00dczerlerinde k\u00fc\u00e7\u00fck p\u0131rlanta detaylar\u0131 bulunur. Bu detaylar tasar\u0131ma zarif bir parlakl\u0131k katar.<\/p>\n<p data-start=\"649\" data-end=\"741\">\u015e\u0131k ve modern bir g\u00f6r\u00fcn\u00fcme sahiptir. G\u00fcnl\u00fck kullan\u0131mda veya \u00f6zel g\u00fcnlerde tercih edilebilir.<\/p>\n<p>&nbsp;<\/p>","protected":false},"excerpt":{"rendered":"<p>14 ayar 2.50 gr Alt\u0131n 0.15 ct P\u0131rlanta Y\u00fcz\u00fck a\u011f\u0131rl\u0131\u011f\u0131 parmak \u00f6l\u00e7\u00fcn\u00fcze g\u00f6re de\u011fi\u015fiklik g\u00f6sterebilir. Bu y\u00fcz\u00fckler \u00fc\u00e7 farkl\u0131 alt\u0131n<\/p>","protected":false},"featured_media":39172,"comment_status":"open","ping_status":"closed","template":"","meta":[],"product_brand":[],"product_cat":[76],"product_tag":[565,647,520,721,648,335,344,340,722,723,720,719,659],"class_list":{"0":"post-39171","1":"product","2":"type-product","3":"status-publish","4":"has-post-thumbnail","6":"product_cat-yuzuk-modelleri","7":"product_tag-designer-ring","8":"product_tag-diamond-gold-ring","9":"product_tag-kadin-yuzuk","10":"product_tag-modern-altin-yuzuk","11":"product_tag-modern-gold-ring","12":"product_tag-pirlanta-yuzuk","13":"product_tag-sik-yuzuk","14":"product_tag-tasarim-yuzuk","15":"product_tag-tri-color-gold-ring","16":"product_tag-tricolor-ring","17":"product_tag-tricolor-yuzuk","18":"product_tag-uc-renk-altin-yuzuk","19":"product_tag-womens-diamond-ring","20":"pa_cinsiyet-kadin","22":"first","23":"instock","24":"sale","25":"shipping-taxable","26":"purchasable","27":"product-type-simple"},"_links":{"self":[{"href":"https:\/\/www.gasia.com.tr\/en\/wp-json\/wp\/v2\/product\/39171","targetHints":{"allow":["GET"]}}],"collection":[{"href":"https:\/\/www.gasia.com.tr\/en\/wp-json\/wp\/v2\/product"}],"about":[{"href":"https:\/\/www.gasia.com.tr\/en\/wp-json\/wp\/v2\/types\/product"}],"replies":[{"embeddable":true,"href":"https:\/\/www.gasia.com.tr\/en\/wp-json\/wp\/v2\/comments?post=39171"}],"version-history":[{"count":2,"href":"https:\/\/www.gasia.com.tr\/en\/wp-json\/wp\/v2\/product\/39171\/revisions"}],"predecessor-version":[{"id":39219,"href":"https:\/\/www.gasia.com.tr\/en\/wp-json\/wp\/v2\/product\/39171\/revisions\/39219"}],"wp:featuredmedia":[{"embeddable":true,"href":"https:\/\/www.gasia.com.tr\/en\/wp-json\/wp\/v2\/media\/39172"}],"wp:attachment":[{"href":"https:\/\/www.gasia.com.tr\/en\/wp-json\/wp\/v2\/media?parent=39171"}],"wp:term":[{"taxonomy":"product_brand","embeddable":true,"href":"https:\/\/www.gasia.com.tr\/en\/wp-json\/wp\/v2\/product_brand?post=39171"},{"taxonomy":"product_cat","embeddable":true,"href":"https:\/\/www.gasia.com.tr\/en\/wp-json\/wp\/v2\/product_cat?post=39171"},{"taxonomy":"product_tag","embeddable":true,"href":"https:\/\/www.gasia.com.tr\/en\/wp-json\/wp\/v2\/product_tag?post=39171"}],"curies":[{"name":"wp","href":"https:\/\/api.w.org\/{rel}","templated":true}]}}