{"id":39175,"date":"2026-01-11T00:00:00","date_gmt":"2026-01-10T21:00:00","guid":{"rendered":"https:\/\/www.gasia.com.tr\/?post_type=product&#038;p=39175"},"modified":"2026-03-27T09:18:37","modified_gmt":"2026-03-27T06:18:37","slug":"nazar-gozu-motifli-pirlanta-detayli-altin-kolye","status":"publish","type":"product","link":"https:\/\/www.gasia.com.tr\/en\/collections\/nazar-gozu-motifli-pirlanta-detayli-altin-kolye\/","title":{"rendered":"Nazar G\u00f6z\u00fc Motifli P\u0131rlanta Detayl\u0131 Alt\u0131n Kolye"},"content":{"rendered":"<p data-start=\"406\" data-end=\"506\">Bu kolye nazar g\u00f6z\u00fc motifi ile tasarlanm\u0131\u015ft\u0131r. Ortas\u0131nda g\u00f6z detay\u0131 bulunur.<\/p>\n<p data-start=\"508\" data-end=\"597\">Kolye ucu p\u0131rlanta ta\u015flarla \u00e7evrelenmi\u015ftir. Bu detay kolyeye zarif bir parlakl\u0131k verir.<\/p>\n<p data-start=\"599\" data-end=\"692\">\u015e\u0131k ve anlaml\u0131 bir tasar\u0131ma sahiptir. G\u00fcnl\u00fck kullan\u0131mda veya \u00f6zel g\u00fcnlerde tercih edilebilir.<\/p>","protected":false},"excerpt":{"rendered":"<ul>\n<li>18 Ayar Alt\u0131n<\/li>\n<li>0.15 ct P\u0131rlanta<\/li>\n<\/ul>","protected":false},"featured_media":40661,"comment_status":"open","ping_status":"closed","template":"","meta":[],"product_brand":[],"product_cat":[247,75,198],"product_tag":[278,633,727,726,728,725,473,724,280,276,729,284,274,635],"class_list":{"0":"post-39175","1":"product","2":"type-product","3":"status-publish","4":"has-post-thumbnail","6":"product_cat-hediyelik","7":"product_cat-kolye","8":"product_cat-eye-collection","9":"product_tag-altin-kolye","10":"product_tag-designer-necklace","11":"product_tag-diamond-evil-eye-necklace","12":"product_tag-evil-eye-necklace","13":"product_tag-gold-evil-eye-pendant","14":"product_tag-goz-motifli-kolye","15":"product_tag-kadin-kolye","16":"product_tag-nazar-gozu-kolye","17":"product_tag-nazar-kolye","18":"product_tag-pirlanta-kolye","19":"product_tag-protection-necklace","20":"product_tag-sans-kolyesi","21":"product_tag-tasarim-kolye","22":"product_tag-womens-gold-necklace","23":"pa_cinsiyet-kadin","25":"first","26":"instock","27":"sale","28":"shipping-taxable","29":"purchasable","30":"product-type-simple"},"_links":{"self":[{"href":"https:\/\/www.gasia.com.tr\/en\/wp-json\/wp\/v2\/product\/39175","targetHints":{"allow":["GET"]}}],"collection":[{"href":"https:\/\/www.gasia.com.tr\/en\/wp-json\/wp\/v2\/product"}],"about":[{"href":"https:\/\/www.gasia.com.tr\/en\/wp-json\/wp\/v2\/types\/product"}],"replies":[{"embeddable":true,"href":"https:\/\/www.gasia.com.tr\/en\/wp-json\/wp\/v2\/comments?post=39175"}],"version-history":[{"count":2,"href":"https:\/\/www.gasia.com.tr\/en\/wp-json\/wp\/v2\/product\/39175\/revisions"}],"predecessor-version":[{"id":40659,"href":"https:\/\/www.gasia.com.tr\/en\/wp-json\/wp\/v2\/product\/39175\/revisions\/40659"}],"wp:featuredmedia":[{"embeddable":true,"href":"https:\/\/www.gasia.com.tr\/en\/wp-json\/wp\/v2\/media\/40661"}],"wp:attachment":[{"href":"https:\/\/www.gasia.com.tr\/en\/wp-json\/wp\/v2\/media?parent=39175"}],"wp:term":[{"taxonomy":"product_brand","embeddable":true,"href":"https:\/\/www.gasia.com.tr\/en\/wp-json\/wp\/v2\/product_brand?post=39175"},{"taxonomy":"product_cat","embeddable":true,"href":"https:\/\/www.gasia.com.tr\/en\/wp-json\/wp\/v2\/product_cat?post=39175"},{"taxonomy":"product_tag","embeddable":true,"href":"https:\/\/www.gasia.com.tr\/en\/wp-json\/wp\/v2\/product_tag?post=39175"}],"curies":[{"name":"wp","href":"https:\/\/api.w.org\/{rel}","templated":true}]}}