{"id":39178,"date":"2026-01-01T00:00:00","date_gmt":"2025-12-31T21:00:00","guid":{"rendered":"https:\/\/www.gasia.com.tr\/?post_type=product&#038;p=39178"},"modified":"2026-03-27T09:31:09","modified_gmt":"2026-03-27T06:31:09","slug":"pirlanta-tasli-fatma-ana-eli-altin-bileklik","status":"publish","type":"product","link":"https:\/\/www.gasia.com.tr\/en\/collections\/pirlanta-tasli-fatma-ana-eli-altin-bileklik\/","title":{"rendered":"P\u0131rlanta Ta\u015fl\u0131 Fatima Ana Eli Alt\u0131n Bileklik"},"content":{"rendered":"<p>&nbsp;<\/p>\n<p>&nbsp;<\/p>\n<p>&nbsp;<\/p>\n<p data-start=\"402\" data-end=\"486\">Bu bileklik Fatma Ana Eli (Hamsa) motifi ile tasarlanm\u0131\u015ft\u0131r.<\/p>\n<p data-start=\"488\" data-end=\"582\">Motif \u00fczerinde k\u00fc\u00e7\u00fck p\u0131rlanta ta\u015flar bulunur. Bu ta\u015flar bilekli\u011fe zarif bir parlakl\u0131k verir.<\/p>\n<p data-start=\"584\" data-end=\"688\">\u015e\u0131k ve anlaml\u0131 bir tasar\u0131ma sahiptir. G\u00fcnl\u00fck kullan\u0131mda veya \u00f6zel g\u00fcnlerde rahatl\u0131kla tercih edilebilir.<\/p>","protected":false},"excerpt":{"rendered":"<p>&nbsp; &nbsp; &nbsp; Bu bileklik Fatma Ana Eli (Hamsa) motifi ile tasarlanm\u0131\u015ft\u0131r. Motif \u00fczerinde k\u00fc\u00e7\u00fck p\u0131rlanta ta\u015flar bulunur. Bu ta\u015flar<\/p>","protected":false},"featured_media":39179,"comment_status":"open","ping_status":"closed","template":"","meta":[],"product_brand":[],"product_cat":[73,247,198],"product_tag":[504,731,735,736,732,737,730,738,407,358,733,739,734],"class_list":{"0":"post-39178","1":"product","2":"type-product","3":"status-publish","4":"has-post-thumbnail","6":"product_cat-altin-pirlanta-bileklik","7":"product_cat-hediyelik","8":"product_cat-eye-collection","9":"product_tag-altin-bileklik","10":"product_tag-diamond-hamsa-bracelet","11":"product_tag-evil-eye-jewelry","12":"product_tag-fatma-ana-eli-bileklik","13":"product_tag-gold-hamsa-bracelet","14":"product_tag-hamsa-bileklik","15":"product_tag-hamsa-bracelet","16":"product_tag-kadin-altin-bileklik","17":"product_tag-nazar-bileklik","18":"product_tag-pirlanta-bileklik","19":"product_tag-protection-bracelet","20":"product_tag-sans-bilekligi","21":"product_tag-womens-gold-bracelet","22":"pa_cinsiyet-kadin","24":"first","25":"instock","26":"shipping-taxable","27":"product-type-simple"},"_links":{"self":[{"href":"https:\/\/www.gasia.com.tr\/en\/wp-json\/wp\/v2\/product\/39178","targetHints":{"allow":["GET"]}}],"collection":[{"href":"https:\/\/www.gasia.com.tr\/en\/wp-json\/wp\/v2\/product"}],"about":[{"href":"https:\/\/www.gasia.com.tr\/en\/wp-json\/wp\/v2\/types\/product"}],"replies":[{"embeddable":true,"href":"https:\/\/www.gasia.com.tr\/en\/wp-json\/wp\/v2\/comments?post=39178"}],"version-history":[{"count":2,"href":"https:\/\/www.gasia.com.tr\/en\/wp-json\/wp\/v2\/product\/39178\/revisions"}],"predecessor-version":[{"id":40972,"href":"https:\/\/www.gasia.com.tr\/en\/wp-json\/wp\/v2\/product\/39178\/revisions\/40972"}],"wp:featuredmedia":[{"embeddable":true,"href":"https:\/\/www.gasia.com.tr\/en\/wp-json\/wp\/v2\/media\/39179"}],"wp:attachment":[{"href":"https:\/\/www.gasia.com.tr\/en\/wp-json\/wp\/v2\/media?parent=39178"}],"wp:term":[{"taxonomy":"product_brand","embeddable":true,"href":"https:\/\/www.gasia.com.tr\/en\/wp-json\/wp\/v2\/product_brand?post=39178"},{"taxonomy":"product_cat","embeddable":true,"href":"https:\/\/www.gasia.com.tr\/en\/wp-json\/wp\/v2\/product_cat?post=39178"},{"taxonomy":"product_tag","embeddable":true,"href":"https:\/\/www.gasia.com.tr\/en\/wp-json\/wp\/v2\/product_tag?post=39178"}],"curies":[{"name":"wp","href":"https:\/\/api.w.org\/{rel}","templated":true}]}}