{"id":39181,"date":"2025-12-01T18:04:30","date_gmt":"2025-12-01T15:04:30","guid":{"rendered":"https:\/\/www.gasia.com.tr\/?post_type=product&#038;p=39181"},"modified":"2026-04-11T13:06:26","modified_gmt":"2026-04-11T10:06:26","slug":"sari-pirlanta-tasli-minimal-tasarim-altin-yuzuk","status":"publish","type":"product","link":"https:\/\/www.gasia.com.tr\/en\/collections\/sari-pirlanta-tasli-minimal-tasarim-altin-yuzuk\/","title":{"rendered":"Sar\u0131 P\u0131rlanta Ta\u015fl\u0131 Minimal Tasar\u0131m Alt\u0131n Y\u00fcz\u00fck"},"content":{"rendered":"<ul>\n<li>18 Ayar Alt\u0131n<\/li>\n<li>925 Ayar Okside G\u00fcm\u00fc\u015f<\/li>\n<li>0.30 ct oval kesim Ham p\u0131rlanta<\/li>\n<\/ul>\n<p>&nbsp;<\/p>\n<p data-start=\"374\" data-end=\"437\">Bu y\u00fcz\u00fck minimal bir tasar\u0131ma sahiptir.<\/p>\n<p data-start=\"439\" data-end=\"519\">Ortada oval formda sar\u0131 bir ham P\u0131rlanta ta\u015f bulunur. Ta\u015f alt\u0131n \u00e7er\u00e7eve ile \u00e7evrelenmi\u015ftir.<\/p>\n<p data-start=\"521\" data-end=\"582\">\u0130nce ve zarif yap\u0131s\u0131 sayesinde g\u00fcnl\u00fck kullan\u0131m i\u00e7in uygundur.<\/p>","protected":false},"excerpt":{"rendered":"<p>18 Ayar Alt\u0131n 925 Ayar Okside G\u00fcm\u00fc\u015f 0.30 ct oval kesim Ham p\u0131rlanta &nbsp; Bu y\u00fcz\u00fck minimal bir tasar\u0131ma sahiptir.<\/p>","protected":false},"featured_media":39183,"comment_status":"open","ping_status":"closed","template":"","meta":[],"product_brand":[],"product_cat":[76],"product_tag":[289,528,577,439,741,518,742,521,652,340,649,740,519],"class_list":{"0":"post-39181","1":"product","2":"type-product","3":"status-publish","4":"has-post-thumbnail","6":"product_cat-yuzuk-modelleri","7":"product_tag-altin-yuzuk","8":"product_tag-elegant-ring","9":"product_tag-gold-ring","10":"product_tag-kadin-altin-yuzuk","11":"product_tag-minimal-ring","12":"product_tag-minimal-yuzuk","13":"product_tag-modern-jewelry","14":"product_tag-modern-yuzuk","15":"product_tag-sari-tasli-yuzuk","16":"product_tag-tasarim-yuzuk","17":"product_tag-womens-gold-ring","18":"product_tag-yellow-gemstone-ring","19":"product_tag-zarif-yuzuk","20":"pa_cinsiyet-kadin","22":"first","23":"instock","24":"sale","25":"shipping-taxable","26":"purchasable","27":"product-type-simple"},"_links":{"self":[{"href":"https:\/\/www.gasia.com.tr\/en\/wp-json\/wp\/v2\/product\/39181","targetHints":{"allow":["GET"]}}],"collection":[{"href":"https:\/\/www.gasia.com.tr\/en\/wp-json\/wp\/v2\/product"}],"about":[{"href":"https:\/\/www.gasia.com.tr\/en\/wp-json\/wp\/v2\/types\/product"}],"replies":[{"embeddable":true,"href":"https:\/\/www.gasia.com.tr\/en\/wp-json\/wp\/v2\/comments?post=39181"}],"version-history":[{"count":2,"href":"https:\/\/www.gasia.com.tr\/en\/wp-json\/wp\/v2\/product\/39181\/revisions"}],"predecessor-version":[{"id":39215,"href":"https:\/\/www.gasia.com.tr\/en\/wp-json\/wp\/v2\/product\/39181\/revisions\/39215"}],"wp:featuredmedia":[{"embeddable":true,"href":"https:\/\/www.gasia.com.tr\/en\/wp-json\/wp\/v2\/media\/39183"}],"wp:attachment":[{"href":"https:\/\/www.gasia.com.tr\/en\/wp-json\/wp\/v2\/media?parent=39181"}],"wp:term":[{"taxonomy":"product_brand","embeddable":true,"href":"https:\/\/www.gasia.com.tr\/en\/wp-json\/wp\/v2\/product_brand?post=39181"},{"taxonomy":"product_cat","embeddable":true,"href":"https:\/\/www.gasia.com.tr\/en\/wp-json\/wp\/v2\/product_cat?post=39181"},{"taxonomy":"product_tag","embeddable":true,"href":"https:\/\/www.gasia.com.tr\/en\/wp-json\/wp\/v2\/product_tag?post=39181"}],"curies":[{"name":"wp","href":"https:\/\/api.w.org\/{rel}","templated":true}]}}