{"id":39192,"date":"2026-03-05T00:00:00","date_gmt":"2026-03-04T21:00:00","guid":{"rendered":"https:\/\/www.gasia.com.tr\/?post_type=product&#038;p=39192"},"modified":"2026-03-30T22:40:49","modified_gmt":"2026-03-30T19:40:49","slug":"nazar-gozlu-fatma-ana-eli-altin-kolye","status":"publish","type":"product","link":"https:\/\/www.gasia.com.tr\/en\/collections\/nazar-gozlu-fatma-ana-eli-altin-kolye\/","title":{"rendered":"Nazar G\u00f6zl\u00fc Fatima Ana Eli Alt\u0131n Kolye"},"content":{"rendered":"<ul>\n<li>14 Ayar Alt\u0131n<\/li>\n<li>0.20 ct P\u0131rlanta<\/li>\n<li>42 cm uzunlu\u011funda zincir<\/li>\n<li>Sedef Fatma eli<\/li>\n<\/ul>\n<p>&nbsp;<\/p>\n<p data-start=\"377\" data-end=\"456\">\u00a0 \u00a0 \u00a0 \u00a0 \u00a0Bu kolye Fatma Ana Eli (Hamsa) formunda tasarlanm\u0131\u015ft\u0131r.<\/p>\n<p data-start=\"458\" data-end=\"538\">Ortas\u0131nda nazar g\u00f6z\u00fc motifi bulunur. Kenarlar\u0131 p\u0131rlanta ta\u015flarla s\u00fcslenmi\u015ftir.<\/p>","protected":false},"excerpt":{"rendered":"<p><em>Fatima\u2019n\u0131n Eli, y\u00fczy\u0131llard\u0131r nazara kar\u015f\u0131 koruyucu, \u015fans ve bereket getiren g\u00fc\u00e7l\u00fc bir sembol olarak bilinir. Zarif tasar\u0131m\u0131yla hem stilinizi tamamlar hem de anlaml\u0131 bir enerji ta\u015f\u0131r. G\u00fcnl\u00fck kombinlerden \u00f6zel g\u00fcnlere kadar her an\u0131n\u0131za \u0131\u015f\u0131lt\u0131 ve anlam katmak i\u00e7in tasarlanm\u0131\u015ft\u0131r.<\/em><\/p>","protected":false},"featured_media":39193,"comment_status":"open","ping_status":"closed","template":"","meta":[],"product_brand":[],"product_cat":[247,75,198],"product_tag":[278,745,726,747,746,749,744,473,748,280,276,729,635],"class_list":{"0":"post-39192","1":"product","2":"type-product","3":"status-publish","4":"has-post-thumbnail","6":"product_cat-hediyelik","7":"product_cat-kolye","8":"product_cat-eye-collection","9":"product_tag-altin-kolye","10":"product_tag-diamond-hamsa-necklace","11":"product_tag-evil-eye-necklace","12":"product_tag-fatma-ana-eli-kolye","13":"product_tag-gold-hamsa-pendant","14":"product_tag-hamsa-kolye","15":"product_tag-hamsa-necklace","16":"product_tag-kadin-kolye","17":"product_tag-nazar-gozlu-kolye","18":"product_tag-nazar-kolye","19":"product_tag-pirlanta-kolye","20":"product_tag-protection-necklace","21":"product_tag-womens-gold-necklace","22":"pa_cinsiyet-kadin","24":"first","25":"instock","26":"sale","27":"shipping-taxable","28":"purchasable","29":"product-type-simple"},"_links":{"self":[{"href":"https:\/\/www.gasia.com.tr\/en\/wp-json\/wp\/v2\/product\/39192","targetHints":{"allow":["GET"]}}],"collection":[{"href":"https:\/\/www.gasia.com.tr\/en\/wp-json\/wp\/v2\/product"}],"about":[{"href":"https:\/\/www.gasia.com.tr\/en\/wp-json\/wp\/v2\/types\/product"}],"replies":[{"embeddable":true,"href":"https:\/\/www.gasia.com.tr\/en\/wp-json\/wp\/v2\/comments?post=39192"}],"version-history":[{"count":3,"href":"https:\/\/www.gasia.com.tr\/en\/wp-json\/wp\/v2\/product\/39192\/revisions"}],"predecessor-version":[{"id":40971,"href":"https:\/\/www.gasia.com.tr\/en\/wp-json\/wp\/v2\/product\/39192\/revisions\/40971"}],"wp:featuredmedia":[{"embeddable":true,"href":"https:\/\/www.gasia.com.tr\/en\/wp-json\/wp\/v2\/media\/39193"}],"wp:attachment":[{"href":"https:\/\/www.gasia.com.tr\/en\/wp-json\/wp\/v2\/media?parent=39192"}],"wp:term":[{"taxonomy":"product_brand","embeddable":true,"href":"https:\/\/www.gasia.com.tr\/en\/wp-json\/wp\/v2\/product_brand?post=39192"},{"taxonomy":"product_cat","embeddable":true,"href":"https:\/\/www.gasia.com.tr\/en\/wp-json\/wp\/v2\/product_cat?post=39192"},{"taxonomy":"product_tag","embeddable":true,"href":"https:\/\/www.gasia.com.tr\/en\/wp-json\/wp\/v2\/product_tag?post=39192"}],"curies":[{"name":"wp","href":"https:\/\/api.w.org\/{rel}","templated":true}]}}