{"id":39226,"date":"2026-01-07T13:05:13","date_gmt":"2026-01-07T10:05:13","guid":{"rendered":"https:\/\/www.gasia.com.tr\/?post_type=product&#038;p=39226"},"modified":"2026-04-11T16:21:52","modified_gmt":"2026-04-11T13:21:52","slug":"luxury-pave-pirlanta-cok-bantli-sari-altin-yuzuk","status":"publish","type":"product","link":"https:\/\/www.gasia.com.tr\/en\/collections\/luxury-pave-pirlanta-cok-bantli-sari-altin-yuzuk\/","title":{"rendered":"Luxury Pav\u00e9 P\u0131rlanta \u00c7ok Bantl\u0131 Sar\u0131 Alt\u0131n Y\u00fcz\u00fck"},"content":{"rendered":"<p data-start=\"108\" data-end=\"344\">G\u00f6z al\u0131c\u0131 tasar\u0131m\u0131yla dikkat \u00e7eken bu y\u00fcz\u00fck, \u00e7ok bantl\u0131 yap\u0131s\u0131 ve pave dizilim p\u0131rlantalar\u0131 ile yo\u011fun bir \u0131\u015f\u0131lt\u0131 sunar. Sar\u0131 alt\u0131n\u0131n s\u0131cak ve klasik tonu, p\u0131rlantalar\u0131n parlakl\u0131\u011f\u0131yla birle\u015ferek g\u00fc\u00e7l\u00fc ve l\u00fcks bir g\u00f6r\u00fcn\u00fcm olu\u015fturur.<\/p>\n<p data-start=\"346\" data-end=\"629\">Birden fazla band\u0131n birle\u015fimiyle tasarlanan bu \u00f6zel par\u00e7a, hacimli ve iddial\u0131 bir stil sunarken ayn\u0131 zamanda ince i\u015f\u00e7ilik detaylar\u0131yla \u00f6ne \u00e7\u0131kar. \u00d6zel g\u00fcnlerde tek ba\u015f\u0131na dikkat \u00e7ekici bir aksesuar olarak kullan\u0131labilece\u011fi gibi, zamans\u0131z bir koleksiyon par\u00e7as\u0131 olarak da \u00f6ne \u00e7\u0131kar.<\/p>","protected":false},"excerpt":{"rendered":"<ul>\n<li>7.80 gr 18 Ayar Alt\u0131n<\/li>\n<li>1.46 ct 180 Adet P\u0131rlanta<\/li>\n<\/ul>","protected":false},"featured_media":39230,"comment_status":"open","ping_status":"closed","template":"","meta":[],"product_brand":[77],"product_cat":[76],"product_tag":[565,776,782,783,577,778,648,780,777,779,450,781,784],"class_list":{"0":"post-39226","1":"product","2":"type-product","3":"status-publish","4":"has-post-thumbnail","6":"product_brand-gasia","7":"product_cat-yuzuk-modelleri","8":"product_tag-designer-ring","9":"product_tag-diamond","10":"product_tag-diamond-band-ring","11":"product_tag-gold-multi-ring","12":"product_tag-gold-ring","13":"product_tag-luxury","14":"product_tag-modern-gold-ring","15":"product_tag-multi-band-ring","16":"product_tag-pave","17":"product_tag-stacking-ring","18":"product_tag-statement-ring","19":"product_tag-triple-band-ring","20":"product_tag-women-gold-ring","21":"pa_cinsiyet-kadin","23":"first","24":"instock","25":"shipping-taxable","26":"product-type-simple"},"_links":{"self":[{"href":"https:\/\/www.gasia.com.tr\/en\/wp-json\/wp\/v2\/product\/39226","targetHints":{"allow":["GET"]}}],"collection":[{"href":"https:\/\/www.gasia.com.tr\/en\/wp-json\/wp\/v2\/product"}],"about":[{"href":"https:\/\/www.gasia.com.tr\/en\/wp-json\/wp\/v2\/types\/product"}],"replies":[{"embeddable":true,"href":"https:\/\/www.gasia.com.tr\/en\/wp-json\/wp\/v2\/comments?post=39226"}],"version-history":[{"count":3,"href":"https:\/\/www.gasia.com.tr\/en\/wp-json\/wp\/v2\/product\/39226\/revisions"}],"predecessor-version":[{"id":41863,"href":"https:\/\/www.gasia.com.tr\/en\/wp-json\/wp\/v2\/product\/39226\/revisions\/41863"}],"wp:featuredmedia":[{"embeddable":true,"href":"https:\/\/www.gasia.com.tr\/en\/wp-json\/wp\/v2\/media\/39230"}],"wp:attachment":[{"href":"https:\/\/www.gasia.com.tr\/en\/wp-json\/wp\/v2\/media?parent=39226"}],"wp:term":[{"taxonomy":"product_brand","embeddable":true,"href":"https:\/\/www.gasia.com.tr\/en\/wp-json\/wp\/v2\/product_brand?post=39226"},{"taxonomy":"product_cat","embeddable":true,"href":"https:\/\/www.gasia.com.tr\/en\/wp-json\/wp\/v2\/product_cat?post=39226"},{"taxonomy":"product_tag","embeddable":true,"href":"https:\/\/www.gasia.com.tr\/en\/wp-json\/wp\/v2\/product_tag?post=39226"}],"curies":[{"name":"wp","href":"https:\/\/api.w.org\/{rel}","templated":true}]}}