{"id":39227,"date":"2026-01-07T13:05:14","date_gmt":"2026-01-07T10:05:14","guid":{"rendered":"https:\/\/www.gasia.com.tr\/?post_type=product&#038;p=39227"},"modified":"2026-04-11T16:19:08","modified_gmt":"2026-04-11T13:19:08","slug":"luxury-pave-pirlanta-cok-bantli-beyaz-altin-yuzuk","status":"publish","type":"product","link":"https:\/\/www.gasia.com.tr\/en\/collections\/luxury-pave-pirlanta-cok-bantli-beyaz-altin-yuzuk\/","title":{"rendered":"Luxury Pav\u00e9 P\u0131rlanta \u00c7ok Bantl\u0131 Beyaz Alt\u0131n Y\u00fcz\u00fck"},"content":{"rendered":"<p data-start=\"109\" data-end=\"355\">G\u00f6z al\u0131c\u0131 tasar\u0131m\u0131yla \u00f6ne \u00e7\u0131kan bu y\u00fcz\u00fck, \u00e7ok bantl\u0131 formu ve pave dizilim p\u0131rlantalar\u0131 ile maksimum \u0131\u015f\u0131lt\u0131 sunar. Beyaz alt\u0131n\u0131n modern ve sofistike tonu, y\u00fcz\u00fc\u011f\u00fcn her a\u00e7\u0131dan \u0131\u015f\u0131\u011f\u0131 yakalamas\u0131n\u0131 sa\u011flayarak g\u00fc\u00e7l\u00fc ve l\u00fcks bir g\u00f6r\u00fcn\u00fcm olu\u015fturur.<\/p>\n<p data-start=\"357\" data-end=\"627\">Birden fazla band\u0131n birle\u015fimiyle olu\u015fan tasar\u0131m, hacimli ve dikkat \u00e7ekici bir stil sunarken ayn\u0131 zamanda zarif bir i\u015f\u00e7ilik detay\u0131n\u0131 yans\u0131t\u0131r. \u00d6zel g\u00fcnlerde tek ba\u015f\u0131na iddial\u0131 bir par\u00e7a olarak kullan\u0131labilece\u011fi gibi, stilinizi y\u00fckselten zamans\u0131z bir yat\u0131r\u0131m par\u00e7as\u0131d\u0131r.<\/p>","protected":false},"excerpt":{"rendered":"<ul>\n<li>7.80 gr 18 Ayar Alt\u0131n<\/li>\n<li>1.46 ct 180 Adet P\u0131rlanta<\/li>\n<\/ul>","protected":false},"featured_media":39228,"comment_status":"open","ping_status":"closed","template":"","meta":[],"product_brand":[77],"product_cat":[76],"product_tag":[565,776,782,783,577,778,648,780,777,779,450,781,784],"class_list":{"0":"post-39227","1":"product","2":"type-product","3":"status-publish","4":"has-post-thumbnail","6":"product_brand-gasia","7":"product_cat-yuzuk-modelleri","8":"product_tag-designer-ring","9":"product_tag-diamond","10":"product_tag-diamond-band-ring","11":"product_tag-gold-multi-ring","12":"product_tag-gold-ring","13":"product_tag-luxury","14":"product_tag-modern-gold-ring","15":"product_tag-multi-band-ring","16":"product_tag-pave","17":"product_tag-stacking-ring","18":"product_tag-statement-ring","19":"product_tag-triple-band-ring","20":"product_tag-women-gold-ring","21":"pa_cinsiyet-kadin","23":"first","24":"instock","25":"shipping-taxable","26":"product-type-simple"},"_links":{"self":[{"href":"https:\/\/www.gasia.com.tr\/en\/wp-json\/wp\/v2\/product\/39227","targetHints":{"allow":["GET"]}}],"collection":[{"href":"https:\/\/www.gasia.com.tr\/en\/wp-json\/wp\/v2\/product"}],"about":[{"href":"https:\/\/www.gasia.com.tr\/en\/wp-json\/wp\/v2\/types\/product"}],"replies":[{"embeddable":true,"href":"https:\/\/www.gasia.com.tr\/en\/wp-json\/wp\/v2\/comments?post=39227"}],"version-history":[{"count":3,"href":"https:\/\/www.gasia.com.tr\/en\/wp-json\/wp\/v2\/product\/39227\/revisions"}],"predecessor-version":[{"id":41861,"href":"https:\/\/www.gasia.com.tr\/en\/wp-json\/wp\/v2\/product\/39227\/revisions\/41861"}],"wp:featuredmedia":[{"embeddable":true,"href":"https:\/\/www.gasia.com.tr\/en\/wp-json\/wp\/v2\/media\/39228"}],"wp:attachment":[{"href":"https:\/\/www.gasia.com.tr\/en\/wp-json\/wp\/v2\/media?parent=39227"}],"wp:term":[{"taxonomy":"product_brand","embeddable":true,"href":"https:\/\/www.gasia.com.tr\/en\/wp-json\/wp\/v2\/product_brand?post=39227"},{"taxonomy":"product_cat","embeddable":true,"href":"https:\/\/www.gasia.com.tr\/en\/wp-json\/wp\/v2\/product_cat?post=39227"},{"taxonomy":"product_tag","embeddable":true,"href":"https:\/\/www.gasia.com.tr\/en\/wp-json\/wp\/v2\/product_tag?post=39227"}],"curies":[{"name":"wp","href":"https:\/\/api.w.org\/{rel}","templated":true}]}}