{"id":39233,"date":"2026-02-04T00:00:00","date_gmt":"2026-02-03T21:00:00","guid":{"rendered":"https:\/\/www.gasia.com.tr\/?post_type=product&#038;p=39233"},"modified":"2026-04-13T15:56:02","modified_gmt":"2026-04-13T12:56:02","slug":"safir-tasli-rose-gold-tasarim-yuzuk","status":"publish","type":"product","link":"https:\/\/www.gasia.com.tr\/en\/collections\/safir-tasli-rose-gold-tasarim-yuzuk\/","title":{"rendered":"Safir Ta\u015fl\u0131 Rose Gold Tasar\u0131m Y\u00fcz\u00fck"},"content":{"rendered":"<p>&nbsp;<\/p>\n<p>&nbsp;<\/p>\n<p data-start=\"495\" data-end=\"570\">Bu y\u00fcz\u00fck rose gold tonunda tasarlanm\u0131\u015ft\u0131r. \u00dczerinde mavi safirler bulunur.<\/p>\n<p data-start=\"572\" data-end=\"674\">Ta\u015flar\u0131n etraf\u0131nda k\u00fc\u00e7\u00fck p\u0131rlanta detaylar\u0131 yer al\u0131r. Y\u00fcz\u00fc\u011fe zarif ve parlak bir g\u00f6r\u00fcn\u00fcm kazand\u0131r\u0131r.<\/p>\n<p data-start=\"676\" data-end=\"796\">G\u00fcnl\u00fck kullan\u0131mda veya \u00f6zel g\u00fcnlerde tercih edilebilir. Tek ba\u015f\u0131na kullan\u0131labilir veya di\u011fer y\u00fcz\u00fcklerle kombinlenebilir.<\/p>\n<p>&nbsp;<\/p>","protected":false},"excerpt":{"rendered":"<ul>\n<li>18 Ayar Alt\u0131n<\/li>\n<li>0,47 ct P\u0131rlanta<\/li>\n<li>10,71 ct Safir<\/li>\n<\/ul>","protected":false},"featured_media":39239,"comment_status":"open","ping_status":"closed","template":"","meta":[],"product_brand":[],"product_cat":[76],"product_tag":[785,565,502,520,653,497,521,706,704,702,705,700,701,686,786,344,450,340,562,703],"class_list":{"0":"post-39233","1":"product","2":"type-product","3":"status-publish","4":"has-post-thumbnail","6":"product_cat-yuzuk-modelleri","7":"product_tag-blue-sapphire-ring","8":"product_tag-designer-ring","9":"product_tag-kadin-safir-yuzuk","10":"product_tag-kadin-yuzuk","11":"product_tag-luks-yuzuk","12":"product_tag-mavi-safir-yuzuk","13":"product_tag-modern-yuzuk","14":"product_tag-pembe-safir-yuzuk","15":"product_tag-pembe-tasli-yuzuk","16":"product_tag-pink-gemstone-ring","17":"product_tag-pink-sapphire-ring","18":"product_tag-pink-stone-ring","19":"product_tag-rose-gold-ring","20":"product_tag-rose-gold-yuzuk","21":"product_tag-sapphire-ring","22":"product_tag-sik-yuzuk","23":"product_tag-statement-ring","24":"product_tag-tasarim-yuzuk","25":"product_tag-tasli-yuzuk","26":"product_tag-womens-luxury-ring","27":"pa_cinsiyet-kadin","29":"first","30":"instock","31":"shipping-taxable","32":"purchasable","33":"product-type-simple"},"_links":{"self":[{"href":"https:\/\/www.gasia.com.tr\/en\/wp-json\/wp\/v2\/product\/39233","targetHints":{"allow":["GET"]}}],"collection":[{"href":"https:\/\/www.gasia.com.tr\/en\/wp-json\/wp\/v2\/product"}],"about":[{"href":"https:\/\/www.gasia.com.tr\/en\/wp-json\/wp\/v2\/types\/product"}],"replies":[{"embeddable":true,"href":"https:\/\/www.gasia.com.tr\/en\/wp-json\/wp\/v2\/comments?post=39233"}],"version-history":[{"count":3,"href":"https:\/\/www.gasia.com.tr\/en\/wp-json\/wp\/v2\/product\/39233\/revisions"}],"predecessor-version":[{"id":42027,"href":"https:\/\/www.gasia.com.tr\/en\/wp-json\/wp\/v2\/product\/39233\/revisions\/42027"}],"wp:featuredmedia":[{"embeddable":true,"href":"https:\/\/www.gasia.com.tr\/en\/wp-json\/wp\/v2\/media\/39239"}],"wp:attachment":[{"href":"https:\/\/www.gasia.com.tr\/en\/wp-json\/wp\/v2\/media?parent=39233"}],"wp:term":[{"taxonomy":"product_brand","embeddable":true,"href":"https:\/\/www.gasia.com.tr\/en\/wp-json\/wp\/v2\/product_brand?post=39233"},{"taxonomy":"product_cat","embeddable":true,"href":"https:\/\/www.gasia.com.tr\/en\/wp-json\/wp\/v2\/product_cat?post=39233"},{"taxonomy":"product_tag","embeddable":true,"href":"https:\/\/www.gasia.com.tr\/en\/wp-json\/wp\/v2\/product_tag?post=39233"}],"curies":[{"name":"wp","href":"https:\/\/api.w.org\/{rel}","templated":true}]}}