{"id":39248,"date":"2026-01-01T15:59:53","date_gmt":"2026-01-01T12:59:53","guid":{"rendered":"https:\/\/www.gasia.com.tr\/?post_type=product&#038;p=39248"},"modified":"2026-04-11T13:43:04","modified_gmt":"2026-04-11T10:43:04","slug":"konyak-rengi-pirlanta-tasli-minimal-altin-yuzuk","status":"publish","type":"product","link":"https:\/\/www.gasia.com.tr\/en\/collections\/konyak-rengi-pirlanta-tasli-minimal-altin-yuzuk\/","title":{"rendered":"Konyak Rengi P\u0131rlanta Ta\u015fl\u0131 Minimal Alt\u0131n Y\u00fcz\u00fck"},"content":{"rendered":"<p data-start=\"109\" data-end=\"390\">Sadelik ve sofistike \u0131\u015f\u0131lt\u0131n\u0131n bulu\u015ftu\u011fu bu \u00f6zel y\u00fcz\u00fck, ince alt\u0131n formu ve merkezde yer alan konyak rengi p\u0131rlanta ta\u015f\u0131 ile zarif bir stil sunar. S\u0131cak kahverengi tonlara sahip p\u0131rlanta, klasik beyaz \u0131\u015f\u0131lt\u0131n\u0131n \u00f6tesine ge\u00e7erek daha \u00f6zg\u00fcn ve karakterli bir g\u00f6r\u00fcn\u00fcm kazand\u0131r\u0131r.<\/p>\n<p data-start=\"392\" data-end=\"632\">Minimal tasar\u0131m\u0131 sayesinde hem tek ba\u015f\u0131na ince bir \u015f\u0131kl\u0131k yarat\u0131r hem de farkl\u0131 y\u00fcz\u00fcklerle kombinlenerek modern ve katmanl\u0131 stiller olu\u015fturur. G\u00fcnl\u00fck kullan\u0131mda zarif bir dokunu\u015f, \u00f6zel anlarda ise dikkat \u00e7ekici bir detay olarak \u00f6ne \u00e7\u0131kar.<\/p>\n<p data-start=\"535\" data-end=\"596\">","protected":false},"excerpt":{"rendered":"<ul>\n<li>18 Ayar Alt\u0131n<\/li>\n<li>0.21 ct Oval Kesim\u00a0 Konyak Renk P\u0131rlanta<\/li>\n<\/ul>","protected":false},"featured_media":39249,"comment_status":"open","ping_status":"closed","template":"","meta":[],"product_brand":[],"product_cat":[76],"product_tag":[289,787,528,577,439,788,790,741,518,742,789,503,649,519],"class_list":{"0":"post-39248","1":"product","2":"type-product","3":"status-publish","4":"has-post-thumbnail","6":"product_cat-yuzuk-modelleri","7":"product_tag-altin-yuzuk","8":"product_tag-brown-diamond-ring","9":"product_tag-elegant-ring","10":"product_tag-gold-ring","11":"product_tag-kadin-altin-yuzuk","12":"product_tag-kahverengi-tasli-yuzuk","13":"product_tag-konyak-pirlantali-yuzuk","14":"product_tag-minimal-ring","15":"product_tag-minimal-yuzuk","16":"product_tag-modern-jewelry","17":"product_tag-sade-yuzuk","18":"product_tag-tasli-altin-yuzuk","19":"product_tag-womens-gold-ring","20":"product_tag-zarif-yuzuk","21":"pa_cinsiyet-kadin","23":"first","24":"instock","25":"shipping-taxable","26":"purchasable","27":"product-type-simple"},"_links":{"self":[{"href":"https:\/\/www.gasia.com.tr\/en\/wp-json\/wp\/v2\/product\/39248","targetHints":{"allow":["GET"]}}],"collection":[{"href":"https:\/\/www.gasia.com.tr\/en\/wp-json\/wp\/v2\/product"}],"about":[{"href":"https:\/\/www.gasia.com.tr\/en\/wp-json\/wp\/v2\/types\/product"}],"replies":[{"embeddable":true,"href":"https:\/\/www.gasia.com.tr\/en\/wp-json\/wp\/v2\/comments?post=39248"}],"version-history":[{"count":4,"href":"https:\/\/www.gasia.com.tr\/en\/wp-json\/wp\/v2\/product\/39248\/revisions"}],"predecessor-version":[{"id":41837,"href":"https:\/\/www.gasia.com.tr\/en\/wp-json\/wp\/v2\/product\/39248\/revisions\/41837"}],"wp:featuredmedia":[{"embeddable":true,"href":"https:\/\/www.gasia.com.tr\/en\/wp-json\/wp\/v2\/media\/39249"}],"wp:attachment":[{"href":"https:\/\/www.gasia.com.tr\/en\/wp-json\/wp\/v2\/media?parent=39248"}],"wp:term":[{"taxonomy":"product_brand","embeddable":true,"href":"https:\/\/www.gasia.com.tr\/en\/wp-json\/wp\/v2\/product_brand?post=39248"},{"taxonomy":"product_cat","embeddable":true,"href":"https:\/\/www.gasia.com.tr\/en\/wp-json\/wp\/v2\/product_cat?post=39248"},{"taxonomy":"product_tag","embeddable":true,"href":"https:\/\/www.gasia.com.tr\/en\/wp-json\/wp\/v2\/product_tag?post=39248"}],"curies":[{"name":"wp","href":"https:\/\/api.w.org\/{rel}","templated":true}]}}