{"id":39254,"date":"2026-03-02T00:00:00","date_gmt":"2026-03-01T21:00:00","guid":{"rendered":"https:\/\/www.gasia.com.tr\/?post_type=product&#038;p=39254"},"modified":"2026-04-20T21:48:54","modified_gmt":"2026-04-20T18:48:54","slug":"oval-yakut-tasli-minimal-altin-yuzuk","status":"publish","type":"product","link":"https:\/\/www.gasia.com.tr\/en\/collections\/oval-yakut-tasli-minimal-altin-yuzuk\/","title":{"rendered":"Oval Yakut Ta\u015fl\u0131 Minimal Alt\u0131n Y\u00fcz\u00fck"},"content":{"rendered":"<p data-start=\"93\" data-end=\"388\">Zarafetin en sade haliyle yorumland\u0131\u011f\u0131 bu y\u00fcz\u00fck, ince alt\u0131n formu ve merkezde yer alan <strong data-start=\"180\" data-end=\"194\">yakut ta\u015f\u0131<\/strong> ile g\u00fc\u00e7l\u00fc bir stil ifadesi sunar. Canl\u0131 k\u0131rm\u0131z\u0131 tonuyla dikkat \u00e7eken yakut, tasar\u0131ma enerjik ve sofistike bir karakter kazand\u0131r\u0131rken, minimal form y\u00fcz\u00fc\u011f\u00fcn zamans\u0131z \u015f\u0131kl\u0131\u011f\u0131n\u0131 \u00f6n plana \u00e7\u0131kar\u0131r.<\/p>\n<p data-start=\"390\" data-end=\"653\">Hafif ve ince yap\u0131s\u0131 sayesinde g\u00fcnl\u00fck kullan\u0131m i\u00e7in konforlu bir se\u00e7enek sunan bu model, tek ba\u015f\u0131na sade bir \u015f\u0131kl\u0131k yarat\u0131r ya da farkl\u0131 y\u00fcz\u00fcklerle kombinlenerek modern bir stil olu\u015fturur. Hem klasik hem \u00e7a\u011fda\u015f kombinlere uyum sa\u011flayan \u00e7ok y\u00f6nl\u00fc bir tasar\u0131md\u0131r.<\/p>\n<p>&nbsp;<\/p>\n<p data-start=\"535\" data-end=\"596\">","protected":false},"excerpt":{"rendered":"<ul>\n<li>18 Ayar Alt\u0131n<\/li>\n<li>0.29 ct Oval Yakut<\/li>\n<\/ul>","protected":false},"featured_media":39262,"comment_status":"open","ping_status":"closed","template":"","meta":[],"product_brand":[],"product_cat":[76],"product_tag":[289,787,528,577,439,788,790,741,518,742,789,503,649,519],"class_list":{"0":"post-39254","1":"product","2":"type-product","3":"status-publish","4":"has-post-thumbnail","6":"product_cat-yuzuk-modelleri","7":"product_tag-altin-yuzuk","8":"product_tag-brown-diamond-ring","9":"product_tag-elegant-ring","10":"product_tag-gold-ring","11":"product_tag-kadin-altin-yuzuk","12":"product_tag-kahverengi-tasli-yuzuk","13":"product_tag-konyak-pirlantali-yuzuk","14":"product_tag-minimal-ring","15":"product_tag-minimal-yuzuk","16":"product_tag-modern-jewelry","17":"product_tag-sade-yuzuk","18":"product_tag-tasli-altin-yuzuk","19":"product_tag-womens-gold-ring","20":"product_tag-zarif-yuzuk","21":"pa_cinsiyet-kadin","23":"first","24":"instock","25":"shipping-taxable","26":"purchasable","27":"product-type-simple"},"_links":{"self":[{"href":"https:\/\/www.gasia.com.tr\/en\/wp-json\/wp\/v2\/product\/39254","targetHints":{"allow":["GET"]}}],"collection":[{"href":"https:\/\/www.gasia.com.tr\/en\/wp-json\/wp\/v2\/product"}],"about":[{"href":"https:\/\/www.gasia.com.tr\/en\/wp-json\/wp\/v2\/types\/product"}],"replies":[{"embeddable":true,"href":"https:\/\/www.gasia.com.tr\/en\/wp-json\/wp\/v2\/comments?post=39254"}],"version-history":[{"count":4,"href":"https:\/\/www.gasia.com.tr\/en\/wp-json\/wp\/v2\/product\/39254\/revisions"}],"predecessor-version":[{"id":41835,"href":"https:\/\/www.gasia.com.tr\/en\/wp-json\/wp\/v2\/product\/39254\/revisions\/41835"}],"wp:featuredmedia":[{"embeddable":true,"href":"https:\/\/www.gasia.com.tr\/en\/wp-json\/wp\/v2\/media\/39262"}],"wp:attachment":[{"href":"https:\/\/www.gasia.com.tr\/en\/wp-json\/wp\/v2\/media?parent=39254"}],"wp:term":[{"taxonomy":"product_brand","embeddable":true,"href":"https:\/\/www.gasia.com.tr\/en\/wp-json\/wp\/v2\/product_brand?post=39254"},{"taxonomy":"product_cat","embeddable":true,"href":"https:\/\/www.gasia.com.tr\/en\/wp-json\/wp\/v2\/product_cat?post=39254"},{"taxonomy":"product_tag","embeddable":true,"href":"https:\/\/www.gasia.com.tr\/en\/wp-json\/wp\/v2\/product_tag?post=39254"}],"curies":[{"name":"wp","href":"https:\/\/api.w.org\/{rel}","templated":true}]}}