{"id":39255,"date":"2026-01-01T16:14:01","date_gmt":"2026-01-01T13:14:01","guid":{"rendered":"https:\/\/www.gasia.com.tr\/?post_type=product&#038;p=39255"},"modified":"2026-04-11T13:38:33","modified_gmt":"2026-04-11T10:38:33","slug":"kolombiya-zumrut-tasli-minimal-altin-yuzuk","status":"publish","type":"product","link":"https:\/\/www.gasia.com.tr\/en\/collections\/kolombiya-zumrut-tasli-minimal-altin-yuzuk\/","title":{"rendered":"Kolombiya Z\u00fcmr\u00fct Ta\u015fl\u0131 Minimal Alt\u0131n Y\u00fcz\u00fck"},"content":{"rendered":"<p data-start=\"104\" data-end=\"384\">Do\u011fan\u0131n en de\u011ferli tonlar\u0131ndan birini ta\u015f\u0131yan bu zarif y\u00fcz\u00fck, minimal tasar\u0131m anlay\u0131\u015f\u0131yla \u00f6ne \u00e7\u0131k\u0131yor. Merkezde yer alan Kolombiya z\u00fcmr\u00fct ta\u015f\u0131, canl\u0131 ve derin ye\u015fil rengiyle sofistike bir \u0131\u015f\u0131lt\u0131 sunarken; ince alt\u0131n halka formu sadelik ve zarafeti kusursuz \u015fekilde tamamlar.<\/p>\n<p data-start=\"386\" data-end=\"648\">Z\u00fcmr\u00fcd\u00fcn do\u011fal karakteri ile birle\u015fen bu ince tasar\u0131m, hem tek ba\u015f\u0131na sade bir \u015f\u0131kl\u0131k yarat\u0131r hem de di\u011fer y\u00fcz\u00fcklerle kombinlenerek modern ve katmanl\u0131 stiller olu\u015fturur. G\u00fcnl\u00fck kullan\u0131m i\u00e7in ideal oldu\u011fu kadar, \u00f6zel anlarda da zarif bir detay olarak \u00f6ne \u00e7\u0131kar.<\/p>","protected":false},"excerpt":{"rendered":"<ul>\n<li>18 Ayar Alt\u0131n<\/li>\n<li>0.28 ct Oval z\u00fcmr\u00fct<\/li>\n<\/ul>","protected":false},"featured_media":39259,"comment_status":"open","ping_status":"closed","template":"","meta":[],"product_brand":[],"product_cat":[76],"product_tag":[289,534,787,528,523,526,577,439,788,790,741,518,742,789,503,649,519],"class_list":{"0":"post-39255","1":"product","2":"type-product","3":"status-publish","4":"has-post-thumbnail","6":"product_cat-yuzuk-modelleri","7":"product_tag-altin-yuzuk","8":"product_tag-altin-zumrut-yuzuk","9":"product_tag-brown-diamond-ring","10":"product_tag-elegant-ring","11":"product_tag-emerald-gemstone-ring","12":"product_tag-emerald-ring","13":"product_tag-gold-ring","14":"product_tag-kadin-altin-yuzuk","15":"product_tag-kahverengi-tasli-yuzuk","16":"product_tag-konyak-pirlantali-yuzuk","17":"product_tag-minimal-ring","18":"product_tag-minimal-yuzuk","19":"product_tag-modern-jewelry","20":"product_tag-sade-yuzuk","21":"product_tag-tasli-altin-yuzuk","22":"product_tag-womens-gold-ring","23":"product_tag-zarif-yuzuk","24":"pa_cinsiyet-kadin","26":"first","27":"instock","28":"shipping-taxable","29":"purchasable","30":"product-type-simple"},"_links":{"self":[{"href":"https:\/\/www.gasia.com.tr\/en\/wp-json\/wp\/v2\/product\/39255","targetHints":{"allow":["GET"]}}],"collection":[{"href":"https:\/\/www.gasia.com.tr\/en\/wp-json\/wp\/v2\/product"}],"about":[{"href":"https:\/\/www.gasia.com.tr\/en\/wp-json\/wp\/v2\/types\/product"}],"replies":[{"embeddable":true,"href":"https:\/\/www.gasia.com.tr\/en\/wp-json\/wp\/v2\/comments?post=39255"}],"version-history":[{"count":3,"href":"https:\/\/www.gasia.com.tr\/en\/wp-json\/wp\/v2\/product\/39255\/revisions"}],"predecessor-version":[{"id":41833,"href":"https:\/\/www.gasia.com.tr\/en\/wp-json\/wp\/v2\/product\/39255\/revisions\/41833"}],"wp:featuredmedia":[{"embeddable":true,"href":"https:\/\/www.gasia.com.tr\/en\/wp-json\/wp\/v2\/media\/39259"}],"wp:attachment":[{"href":"https:\/\/www.gasia.com.tr\/en\/wp-json\/wp\/v2\/media?parent=39255"}],"wp:term":[{"taxonomy":"product_brand","embeddable":true,"href":"https:\/\/www.gasia.com.tr\/en\/wp-json\/wp\/v2\/product_brand?post=39255"},{"taxonomy":"product_cat","embeddable":true,"href":"https:\/\/www.gasia.com.tr\/en\/wp-json\/wp\/v2\/product_cat?post=39255"},{"taxonomy":"product_tag","embeddable":true,"href":"https:\/\/www.gasia.com.tr\/en\/wp-json\/wp\/v2\/product_tag?post=39255"}],"curies":[{"name":"wp","href":"https:\/\/api.w.org\/{rel}","templated":true}]}}