{"id":39256,"date":"2026-01-01T16:14:01","date_gmt":"2026-01-01T13:14:01","guid":{"rendered":"https:\/\/www.gasia.com.tr\/?post_type=product&#038;p=39256"},"modified":"2026-04-11T13:36:02","modified_gmt":"2026-04-11T10:36:02","slug":"oval-safir-tasli-minimal-altin-yuzuk","status":"publish","type":"product","link":"https:\/\/www.gasia.com.tr\/en\/collections\/oval-safir-tasli-minimal-altin-yuzuk\/","title":{"rendered":"Oval Safir Ta\u015fl\u0131 Minimal Alt\u0131n Y\u00fcz\u00fck"},"content":{"rendered":"<p data-start=\"93\" data-end=\"367\">Zarif ve sade tasar\u0131m anlay\u0131\u015f\u0131n\u0131n en \u015f\u0131k \u00f6rneklerinden biri olan bu y\u00fcz\u00fck, ince alt\u0131n formu ve merkezde yer alan safir ta\u015f\u0131 ile minimal l\u00fcks\u00fc temsil eder. Oval kesim mavi safir, \u0131\u015f\u0131\u011f\u0131 yumu\u015fak bir \u015fekilde yans\u0131tarak y\u00fcz\u00fc\u011fe sakin ama dikkat \u00e7ekici bir \u0131\u015f\u0131lt\u0131 kazand\u0131r\u0131r.<\/p>\n<p data-start=\"369\" data-end=\"617\">\u0130nce ve hafif formu sayesinde tek ba\u015f\u0131na zarif bir ifade sunarken, di\u011fer y\u00fcz\u00fcklerle kombinlenerek modern katmanl\u0131 stiller olu\u015fturmak i\u00e7in de idealdir. G\u00fcnl\u00fck kullan\u0131mda incelikli bir dokunu\u015f, \u00f6zel anlarda ise sofistike bir detay olarak \u00f6ne \u00e7\u0131kar.<\/p>\n<p data-start=\"535\" data-end=\"596\">","protected":false},"excerpt":{"rendered":"<ul>\n<li>18 Ayar Alt\u0131n<\/li>\n<li>0.32 ct Oval Safir<\/li>\n<\/ul>","protected":false},"featured_media":39260,"comment_status":"open","ping_status":"closed","template":"","meta":[],"product_brand":[],"product_cat":[76],"product_tag":[289,787,528,577,439,788,790,741,518,742,789,503,649,519],"class_list":{"0":"post-39256","1":"product","2":"type-product","3":"status-publish","4":"has-post-thumbnail","6":"product_cat-yuzuk-modelleri","7":"product_tag-altin-yuzuk","8":"product_tag-brown-diamond-ring","9":"product_tag-elegant-ring","10":"product_tag-gold-ring","11":"product_tag-kadin-altin-yuzuk","12":"product_tag-kahverengi-tasli-yuzuk","13":"product_tag-konyak-pirlantali-yuzuk","14":"product_tag-minimal-ring","15":"product_tag-minimal-yuzuk","16":"product_tag-modern-jewelry","17":"product_tag-sade-yuzuk","18":"product_tag-tasli-altin-yuzuk","19":"product_tag-womens-gold-ring","20":"product_tag-zarif-yuzuk","21":"pa_cinsiyet-kadin","23":"first","24":"instock","25":"shipping-taxable","26":"purchasable","27":"product-type-simple"},"_links":{"self":[{"href":"https:\/\/www.gasia.com.tr\/en\/wp-json\/wp\/v2\/product\/39256","targetHints":{"allow":["GET"]}}],"collection":[{"href":"https:\/\/www.gasia.com.tr\/en\/wp-json\/wp\/v2\/product"}],"about":[{"href":"https:\/\/www.gasia.com.tr\/en\/wp-json\/wp\/v2\/types\/product"}],"replies":[{"embeddable":true,"href":"https:\/\/www.gasia.com.tr\/en\/wp-json\/wp\/v2\/comments?post=39256"}],"version-history":[{"count":3,"href":"https:\/\/www.gasia.com.tr\/en\/wp-json\/wp\/v2\/product\/39256\/revisions"}],"predecessor-version":[{"id":41831,"href":"https:\/\/www.gasia.com.tr\/en\/wp-json\/wp\/v2\/product\/39256\/revisions\/41831"}],"wp:featuredmedia":[{"embeddable":true,"href":"https:\/\/www.gasia.com.tr\/en\/wp-json\/wp\/v2\/media\/39260"}],"wp:attachment":[{"href":"https:\/\/www.gasia.com.tr\/en\/wp-json\/wp\/v2\/media?parent=39256"}],"wp:term":[{"taxonomy":"product_brand","embeddable":true,"href":"https:\/\/www.gasia.com.tr\/en\/wp-json\/wp\/v2\/product_brand?post=39256"},{"taxonomy":"product_cat","embeddable":true,"href":"https:\/\/www.gasia.com.tr\/en\/wp-json\/wp\/v2\/product_cat?post=39256"},{"taxonomy":"product_tag","embeddable":true,"href":"https:\/\/www.gasia.com.tr\/en\/wp-json\/wp\/v2\/product_tag?post=39256"}],"curies":[{"name":"wp","href":"https:\/\/api.w.org\/{rel}","templated":true}]}}