{"id":39265,"date":"2026-01-01T16:35:19","date_gmt":"2026-01-01T13:35:19","guid":{"rendered":"https:\/\/www.gasia.com.tr\/?post_type=product&#038;p=39265"},"modified":"2026-04-11T13:32:52","modified_gmt":"2026-04-11T10:32:52","slug":"pirlanta-detayli-siyah-rodaj-altin-yuzuk","status":"publish","type":"product","link":"https:\/\/www.gasia.com.tr\/en\/collections\/pirlanta-detayli-siyah-rodaj-altin-yuzuk\/","title":{"rendered":"P\u0131rlanta Detayl\u0131 Siyah Rodaj Alt\u0131n Y\u00fcz\u00fck"},"content":{"rendered":"<ul>\n<li>18 ayar Alt\u0131n<\/li>\n<li>0.19 ct 35 Adet P\u0131rlanta<\/li>\n<\/ul>","protected":false},"excerpt":{"rendered":"<p>18 ayar Alt\u0131n 0.19 ct 35 Adet P\u0131rlanta<\/p>","protected":false},"featured_media":39267,"comment_status":"open","ping_status":"closed","template":"","meta":[],"product_brand":[77],"product_cat":[76],"product_tag":[289,647,528,566,520,741,518,335,503,649,519],"class_list":{"0":"post-39265","1":"product","2":"type-product","3":"status-publish","4":"has-post-thumbnail","6":"product_brand-gasia","7":"product_cat-yuzuk-modelleri","8":"product_tag-altin-yuzuk","9":"product_tag-diamond-gold-ring","10":"product_tag-elegant-ring","11":"product_tag-gemstone-ring","12":"product_tag-kadin-yuzuk","13":"product_tag-minimal-ring","14":"product_tag-minimal-yuzuk","15":"product_tag-pirlanta-yuzuk","16":"product_tag-tasli-altin-yuzuk","17":"product_tag-womens-gold-ring","18":"product_tag-zarif-yuzuk","19":"pa_cinsiyet-kadin","21":"first","22":"instock","23":"sale","24":"shipping-taxable","25":"purchasable","26":"product-type-simple"},"_links":{"self":[{"href":"https:\/\/www.gasia.com.tr\/en\/wp-json\/wp\/v2\/product\/39265","targetHints":{"allow":["GET"]}}],"collection":[{"href":"https:\/\/www.gasia.com.tr\/en\/wp-json\/wp\/v2\/product"}],"about":[{"href":"https:\/\/www.gasia.com.tr\/en\/wp-json\/wp\/v2\/types\/product"}],"replies":[{"embeddable":true,"href":"https:\/\/www.gasia.com.tr\/en\/wp-json\/wp\/v2\/comments?post=39265"}],"version-history":[{"count":2,"href":"https:\/\/www.gasia.com.tr\/en\/wp-json\/wp\/v2\/product\/39265\/revisions"}],"predecessor-version":[{"id":39269,"href":"https:\/\/www.gasia.com.tr\/en\/wp-json\/wp\/v2\/product\/39265\/revisions\/39269"}],"wp:featuredmedia":[{"embeddable":true,"href":"https:\/\/www.gasia.com.tr\/en\/wp-json\/wp\/v2\/media\/39267"}],"wp:attachment":[{"href":"https:\/\/www.gasia.com.tr\/en\/wp-json\/wp\/v2\/media?parent=39265"}],"wp:term":[{"taxonomy":"product_brand","embeddable":true,"href":"https:\/\/www.gasia.com.tr\/en\/wp-json\/wp\/v2\/product_brand?post=39265"},{"taxonomy":"product_cat","embeddable":true,"href":"https:\/\/www.gasia.com.tr\/en\/wp-json\/wp\/v2\/product_cat?post=39265"},{"taxonomy":"product_tag","embeddable":true,"href":"https:\/\/www.gasia.com.tr\/en\/wp-json\/wp\/v2\/product_tag?post=39265"}],"curies":[{"name":"wp","href":"https:\/\/api.w.org\/{rel}","templated":true}]}}