{"id":39270,"date":"2026-01-11T00:00:00","date_gmt":"2026-01-10T21:00:00","guid":{"rendered":"https:\/\/www.gasia.com.tr\/?post_type=product&#038;p=39270"},"modified":"2026-03-27T09:18:36","modified_gmt":"2026-03-27T06:18:36","slug":"pembe-nazar-gozlu-altin-bileklik","status":"publish","type":"product","link":"https:\/\/www.gasia.com.tr\/en\/collections\/pembe-nazar-gozlu-altin-bileklik\/","title":{"rendered":"Pembe Nazar G\u00f6zl\u00fc Alt\u0131n Bileklik"},"content":{"rendered":"<ul>\n<li>14 Ayar Alt\u0131n<\/li>\n<li>17 cm zincir uzunlu\u011fu<\/li>\n<\/ul>\n<p>Pembe mine detayl\u0131 nazar g\u00f6z\u00fc motifine sahip alt\u0131n bileklik. Zarif ve modern tasar\u0131m\u0131yla g\u00fcnl\u00fck kullan\u0131m i\u00e7in ideal bir tak\u0131.<\/p>","protected":false},"excerpt":{"rendered":"<p>14 Ayar Alt\u0131n 17 cm zincir uzunlu\u011fu Pembe mine detayl\u0131 nazar g\u00f6z\u00fc motifine sahip alt\u0131n bileklik. Zarif ve modern tasar\u0131m\u0131yla<\/p>","protected":false},"featured_media":39271,"comment_status":"open","ping_status":"closed","template":"","meta":[],"product_brand":[],"product_cat":[73,247,198],"product_tag":[504,417,794,365,407,791,792,793,733,739,734],"class_list":{"0":"post-39270","1":"product","2":"type-product","3":"status-publish","4":"has-post-thumbnail","6":"product_cat-altin-pirlanta-bileklik","7":"product_cat-hediyelik","8":"product_cat-eye-collection","9":"product_tag-altin-bileklik","10":"product_tag-evil-eye-bracelet","11":"product_tag-gold-bracelet","12":"product_tag-kadin-bileklik","13":"product_tag-nazar-bileklik","14":"product_tag-nazar-gozlu-bileklik","15":"product_tag-pembe-nazar-bileklik","16":"product_tag-pink-evil-eye-bracelet","17":"product_tag-protection-bracelet","18":"product_tag-sans-bilekligi","19":"product_tag-womens-gold-bracelet","20":"pa_cinsiyet-kadin","22":"first","23":"instock","24":"sale","25":"shipping-taxable","26":"purchasable","27":"product-type-simple"},"_links":{"self":[{"href":"https:\/\/www.gasia.com.tr\/en\/wp-json\/wp\/v2\/product\/39270","targetHints":{"allow":["GET"]}}],"collection":[{"href":"https:\/\/www.gasia.com.tr\/en\/wp-json\/wp\/v2\/product"}],"about":[{"href":"https:\/\/www.gasia.com.tr\/en\/wp-json\/wp\/v2\/types\/product"}],"replies":[{"embeddable":true,"href":"https:\/\/www.gasia.com.tr\/en\/wp-json\/wp\/v2\/comments?post=39270"}],"version-history":[{"count":1,"href":"https:\/\/www.gasia.com.tr\/en\/wp-json\/wp\/v2\/product\/39270\/revisions"}],"predecessor-version":[{"id":39272,"href":"https:\/\/www.gasia.com.tr\/en\/wp-json\/wp\/v2\/product\/39270\/revisions\/39272"}],"wp:featuredmedia":[{"embeddable":true,"href":"https:\/\/www.gasia.com.tr\/en\/wp-json\/wp\/v2\/media\/39271"}],"wp:attachment":[{"href":"https:\/\/www.gasia.com.tr\/en\/wp-json\/wp\/v2\/media?parent=39270"}],"wp:term":[{"taxonomy":"product_brand","embeddable":true,"href":"https:\/\/www.gasia.com.tr\/en\/wp-json\/wp\/v2\/product_brand?post=39270"},{"taxonomy":"product_cat","embeddable":true,"href":"https:\/\/www.gasia.com.tr\/en\/wp-json\/wp\/v2\/product_cat?post=39270"},{"taxonomy":"product_tag","embeddable":true,"href":"https:\/\/www.gasia.com.tr\/en\/wp-json\/wp\/v2\/product_tag?post=39270"}],"curies":[{"name":"wp","href":"https:\/\/api.w.org\/{rel}","templated":true}]}}