{"id":39273,"date":"2026-01-11T00:00:00","date_gmt":"2026-01-10T21:00:00","guid":{"rendered":"https:\/\/www.gasia.com.tr\/?post_type=product&#038;p=39273"},"modified":"2026-04-15T15:02:05","modified_gmt":"2026-04-15T12:02:05","slug":"bodrum-mavisi-mine-nazar-goz-altin-bileklik","status":"publish","type":"product","link":"https:\/\/www.gasia.com.tr\/en\/collections\/bodrum-mavisi-mine-nazar-goz-altin-bileklik\/","title":{"rendered":"Bodrum Mavisi Mine Nazar G\u00f6z Alt\u0131n Bileklik"},"content":{"rendered":"<p data-start=\"99\" data-end=\"336\">Sade ve modern \u00e7izgisiyle \u00f6ne \u00e7\u0131kan bu bileklik, Bodrum mavisi mine ile tasarlanm\u0131\u015f zarif nazar g\u00f6z detay\u0131yla dikkat \u00e7eker. \u0130nce ve uzun formdaki g\u00f6z motifi, minimal tasar\u0131m anlay\u0131\u015f\u0131yla birle\u015ferek \u015f\u0131k ve zamans\u0131z bir g\u00f6r\u00fcn\u00fcm sunar.<\/p>\n<p data-start=\"338\" data-end=\"517\">Canl\u0131 mavi mine y\u00fczeyi, alt\u0131n\u0131n s\u0131cak tonuyla kontrast olu\u015fturarak bilekte enerjik bir etki yarat\u0131r. Hafif ve ince zincir yap\u0131s\u0131 sayesinde g\u00fcn boyu konforlu bir kullan\u0131m sa\u011flar.<\/p>\n<p data-start=\"519\" data-end=\"663\">G\u00fcnl\u00fck stiline zarif bir dokunu\u015f katmak isteyenler i\u00e7in ideal olan bu model, ayn\u0131 zamanda nazar temas\u0131n\u0131n anlam\u0131n\u0131 modern bir tasar\u0131mda ta\u015f\u0131r.<\/p>\n<p>&nbsp;<\/p>","protected":false},"excerpt":{"rendered":"<ul>\n<li>14 Ayar Alt\u0131n<\/li>\n<li>17 cm zincir uzunlu\u011fu<\/li>\n<\/ul>","protected":false},"featured_media":42235,"comment_status":"open","ping_status":"closed","template":"","meta":[],"product_brand":[],"product_cat":[73,247,198],"product_tag":[504,417,794,365,407,791,792,793,733,739,734],"class_list":{"0":"post-39273","1":"product","2":"type-product","3":"status-publish","4":"has-post-thumbnail","6":"product_cat-altin-pirlanta-bileklik","7":"product_cat-hediyelik","8":"product_cat-eye-collection","9":"product_tag-altin-bileklik","10":"product_tag-evil-eye-bracelet","11":"product_tag-gold-bracelet","12":"product_tag-kadin-bileklik","13":"product_tag-nazar-bileklik","14":"product_tag-nazar-gozlu-bileklik","15":"product_tag-pembe-nazar-bileklik","16":"product_tag-pink-evil-eye-bracelet","17":"product_tag-protection-bracelet","18":"product_tag-sans-bilekligi","19":"product_tag-womens-gold-bracelet","20":"pa_cinsiyet-kadin","22":"first","23":"instock","24":"sale","25":"shipping-taxable","26":"purchasable","27":"product-type-simple"},"_links":{"self":[{"href":"https:\/\/www.gasia.com.tr\/en\/wp-json\/wp\/v2\/product\/39273","targetHints":{"allow":["GET"]}}],"collection":[{"href":"https:\/\/www.gasia.com.tr\/en\/wp-json\/wp\/v2\/product"}],"about":[{"href":"https:\/\/www.gasia.com.tr\/en\/wp-json\/wp\/v2\/types\/product"}],"replies":[{"embeddable":true,"href":"https:\/\/www.gasia.com.tr\/en\/wp-json\/wp\/v2\/comments?post=39273"}],"version-history":[{"count":3,"href":"https:\/\/www.gasia.com.tr\/en\/wp-json\/wp\/v2\/product\/39273\/revisions"}],"predecessor-version":[{"id":42236,"href":"https:\/\/www.gasia.com.tr\/en\/wp-json\/wp\/v2\/product\/39273\/revisions\/42236"}],"wp:featuredmedia":[{"embeddable":true,"href":"https:\/\/www.gasia.com.tr\/en\/wp-json\/wp\/v2\/media\/42235"}],"wp:attachment":[{"href":"https:\/\/www.gasia.com.tr\/en\/wp-json\/wp\/v2\/media?parent=39273"}],"wp:term":[{"taxonomy":"product_brand","embeddable":true,"href":"https:\/\/www.gasia.com.tr\/en\/wp-json\/wp\/v2\/product_brand?post=39273"},{"taxonomy":"product_cat","embeddable":true,"href":"https:\/\/www.gasia.com.tr\/en\/wp-json\/wp\/v2\/product_cat?post=39273"},{"taxonomy":"product_tag","embeddable":true,"href":"https:\/\/www.gasia.com.tr\/en\/wp-json\/wp\/v2\/product_tag?post=39273"}],"curies":[{"name":"wp","href":"https:\/\/api.w.org\/{rel}","templated":true}]}}