{"id":39283,"date":"2026-01-20T00:00:00","date_gmt":"2026-01-19T21:00:00","guid":{"rendered":"https:\/\/www.gasia.com.tr\/?post_type=product&#038;p=39283"},"modified":"2026-04-11T13:00:39","modified_gmt":"2026-04-11T10:00:39","slug":"yildizli-hilal-tasli-kolye-ucu","status":"publish","type":"product","link":"https:\/\/www.gasia.com.tr\/en\/collections\/yildizli-hilal-tasli-kolye-ucu\/","title":{"rendered":"Y\u0131ld\u0131zl\u0131 Hilal Ta\u015fl\u0131 Kolye Ucu"},"content":{"rendered":"<ul>\n<li>14 ayar Alt\u0131n<\/li>\n<li>925 Ayar Okside G\u00fcm\u00fc\u015f<\/li>\n<li>Elmas-P\u0131rlanta-Yakut-Firuze<\/li>\n<\/ul>\n<p>Hilal ve y\u0131ld\u0131z formunda tasarlanan ta\u015fl\u0131 kolye u\u00e7lar\u0131. Zarif ve anlaml\u0131 tasar\u0131m\u0131yla modern bir m\u00fccevher se\u00e7ene\u011fi.<\/p>","protected":false},"excerpt":{"rendered":"<p>14 ayar Alt\u0131n 925 Ayar Okside G\u00fcm\u00fc\u015f Elmas-P\u0131rlanta-Yakut-Firuze Hilal ve y\u0131ld\u0131z formunda tasarlanan ta\u015fl\u0131 kolye u\u00e7lar\u0131. Zarif ve anlaml\u0131 tasar\u0131m\u0131yla<\/p>","protected":false},"featured_media":39284,"comment_status":"open","ping_status":"closed","template":"","meta":[],"product_brand":[77,2718],"product_cat":[207,75,208],"product_tag":[797,801,305,803,795,800,804,802,799,798,796],"class_list":{"0":"post-39283","1":"product","2":"type-product","3":"status-publish","4":"has-post-thumbnail","6":"product_brand-gasia","7":"product_brand-gasia-casuals","8":"product_cat-ay-koleksiyonu","9":"product_cat-kolye","10":"product_cat-yildiz-mucevher-modelleri","11":"product_tag-ay-yildiz-kolye","12":"product_tag-crescent-moon-pendant","13":"product_tag-designer-pendant","14":"product_tag-gemstone-moon-pendant","15":"product_tag-hilal-kolye-ucu","16":"product_tag-kadin-kolye-ucu","17":"product_tag-moon-necklace-charm","18":"product_tag-star-pendant","19":"product_tag-tasarim-kolye-ucu","20":"product_tag-tasli-kolye-ucu","21":"product_tag-yildiz-kolye-ucu","22":"pa_cinsiyet-kadin","24":"first","25":"instock","26":"shipping-taxable","27":"product-type-simple"},"_links":{"self":[{"href":"https:\/\/www.gasia.com.tr\/en\/wp-json\/wp\/v2\/product\/39283","targetHints":{"allow":["GET"]}}],"collection":[{"href":"https:\/\/www.gasia.com.tr\/en\/wp-json\/wp\/v2\/product"}],"about":[{"href":"https:\/\/www.gasia.com.tr\/en\/wp-json\/wp\/v2\/types\/product"}],"replies":[{"embeddable":true,"href":"https:\/\/www.gasia.com.tr\/en\/wp-json\/wp\/v2\/comments?post=39283"}],"version-history":[{"count":2,"href":"https:\/\/www.gasia.com.tr\/en\/wp-json\/wp\/v2\/product\/39283\/revisions"}],"predecessor-version":[{"id":39286,"href":"https:\/\/www.gasia.com.tr\/en\/wp-json\/wp\/v2\/product\/39283\/revisions\/39286"}],"wp:featuredmedia":[{"embeddable":true,"href":"https:\/\/www.gasia.com.tr\/en\/wp-json\/wp\/v2\/media\/39284"}],"wp:attachment":[{"href":"https:\/\/www.gasia.com.tr\/en\/wp-json\/wp\/v2\/media?parent=39283"}],"wp:term":[{"taxonomy":"product_brand","embeddable":true,"href":"https:\/\/www.gasia.com.tr\/en\/wp-json\/wp\/v2\/product_brand?post=39283"},{"taxonomy":"product_cat","embeddable":true,"href":"https:\/\/www.gasia.com.tr\/en\/wp-json\/wp\/v2\/product_cat?post=39283"},{"taxonomy":"product_tag","embeddable":true,"href":"https:\/\/www.gasia.com.tr\/en\/wp-json\/wp\/v2\/product_tag?post=39283"}],"curies":[{"name":"wp","href":"https:\/\/api.w.org\/{rel}","templated":true}]}}