{"id":39287,"date":"2026-01-30T02:13:13","date_gmt":"2026-01-29T23:13:13","guid":{"rendered":"https:\/\/www.gasia.com.tr\/?post_type=product&#038;p=39287"},"modified":"2026-03-31T23:59:55","modified_gmt":"2026-03-31T20:59:55","slug":"capraz-cift-tuy-tasarimli-tasli-kolye","status":"publish","type":"product","link":"https:\/\/www.gasia.com.tr\/en\/collections\/capraz-cift-tuy-tasarimli-tasli-kolye\/","title":{"rendered":"\u00c7apraz \u00c7ift T\u00fcy Tasar\u0131ml\u0131 Ta\u015fl\u0131 Kolye"},"content":{"rendered":"<p>\u00c7apraz yerle\u015fimli t\u00fcy formuyla tasarlanan bu \u00f6zel kolye, siyah zemin \u00fczerindeki p\u0131rlanta detaylar\u0131yla dikkat \u00e7ekici bir kontrast sunar. Alt\u0131n zincir ile tamamlanan tasar\u0131m, g\u00fc\u00e7l\u00fc ve karakterli bir g\u00f6r\u00fcn\u00fcm olu\u015ftururken, ince i\u015f\u00e7ili\u011fi sayesinde stilinize farkl\u0131 bir dokunu\u015f katar. G\u00fcnl\u00fck kombinlerde \u00f6ne \u00e7\u0131kan bir aksesuar olmas\u0131n\u0131n yan\u0131 s\u0131ra, anlaml\u0131 ve \u00f6zel bir hediye se\u00e7ene\u011fi olarak da tercih edilebilir.<\/p>\n<p data-start=\"380\" data-end=\"483\">","protected":false},"excerpt":{"rendered":"<ul>\n<li>14 Ayar Alt\u0131n<\/li>\n<li>925 Ayar Okside G\u00fcm\u00fc\u015f<\/li>\n<li>0.09 ct P\u0131rlanta<\/li>\n<li>42 cm uzunlu\u011funda zincir<\/li>\n<\/ul>","protected":false},"featured_media":40844,"comment_status":"open","ping_status":"closed","template":"","meta":[],"product_brand":[],"product_cat":[75],"product_tag":[278,809,1358,807,806,2768,810,633,1994,1742,811,1641,322,1640,473,277,1993,483,1352,489,274,329,805,808,2047],"class_list":{"0":"post-39287","1":"product","2":"type-product","3":"status-publish","4":"has-post-thumbnail","6":"product_cat-kolye","7":"product_tag-altin-kolye","8":"product_tag-angel-wing-necklace","9":"product_tag-black-diamond-necklace","10":"product_tag-capraz-tuy-kolye","11":"product_tag-cift-tuy-kolye","12":"product_tag-crossed-feather-necklace","13":"product_tag-crossed-wing-necklace","14":"product_tag-designer-necklace","15":"product_tag-dikkat-cekici-kolye","16":"product_tag-feather-necklace","17":"product_tag-gemstone-necklace","18":"product_tag-gift-necklace","19":"product_tag-gold-necklace","20":"product_tag-hediye-kolye","21":"product_tag-kadin-kolye","22":"product_tag-modern-kolye","23":"product_tag-modern-necklace","24":"product_tag-ozel-tasarim-kolye","25":"product_tag-siyah-pirlanta-kolye","26":"product_tag-statement-necklace","27":"product_tag-tasarim-kolye","28":"product_tag-tasli-kolye","29":"product_tag-tuy-kolye","30":"product_tag-wing-necklace","31":"product_tag-women-jewelry","32":"pa_cinsiyet-kadin","34":"first","35":"instock","36":"shipping-taxable","37":"purchasable","38":"product-type-simple"},"_links":{"self":[{"href":"https:\/\/www.gasia.com.tr\/en\/wp-json\/wp\/v2\/product\/39287","targetHints":{"allow":["GET"]}}],"collection":[{"href":"https:\/\/www.gasia.com.tr\/en\/wp-json\/wp\/v2\/product"}],"about":[{"href":"https:\/\/www.gasia.com.tr\/en\/wp-json\/wp\/v2\/types\/product"}],"replies":[{"embeddable":true,"href":"https:\/\/www.gasia.com.tr\/en\/wp-json\/wp\/v2\/comments?post=39287"}],"version-history":[{"count":2,"href":"https:\/\/www.gasia.com.tr\/en\/wp-json\/wp\/v2\/product\/39287\/revisions"}],"predecessor-version":[{"id":40845,"href":"https:\/\/www.gasia.com.tr\/en\/wp-json\/wp\/v2\/product\/39287\/revisions\/40845"}],"wp:featuredmedia":[{"embeddable":true,"href":"https:\/\/www.gasia.com.tr\/en\/wp-json\/wp\/v2\/media\/40844"}],"wp:attachment":[{"href":"https:\/\/www.gasia.com.tr\/en\/wp-json\/wp\/v2\/media?parent=39287"}],"wp:term":[{"taxonomy":"product_brand","embeddable":true,"href":"https:\/\/www.gasia.com.tr\/en\/wp-json\/wp\/v2\/product_brand?post=39287"},{"taxonomy":"product_cat","embeddable":true,"href":"https:\/\/www.gasia.com.tr\/en\/wp-json\/wp\/v2\/product_cat?post=39287"},{"taxonomy":"product_tag","embeddable":true,"href":"https:\/\/www.gasia.com.tr\/en\/wp-json\/wp\/v2\/product_tag?post=39287"}],"curies":[{"name":"wp","href":"https:\/\/api.w.org\/{rel}","templated":true}]}}