{"id":39290,"date":"2025-10-09T00:00:00","date_gmt":"2025-10-08T21:00:00","guid":{"rendered":"https:\/\/www.gasia.com.tr\/?post_type=product&#038;p=39290"},"modified":"2026-03-30T13:47:19","modified_gmt":"2026-03-30T10:47:19","slug":"tasli-kilic-tasarimli-sallantili-kupe","status":"publish","type":"product","link":"https:\/\/www.gasia.com.tr\/en\/collections\/tasli-kilic-tasarimli-sallantili-kupe\/","title":{"rendered":"Ta\u015fl\u0131 K\u0131l\u0131\u00e7 Tasar\u0131ml\u0131 Sallant\u0131l\u0131 K\u00fcpe"},"content":{"rendered":"<p data-start=\"477\" data-end=\"517\">Bu k\u00fcpe k\u0131l\u0131\u00e7 formunda tasarlanm\u0131\u015ft\u0131r.<\/p>\n<p data-start=\"519\" data-end=\"616\">K\u0131l\u0131\u00e7 detaylar\u0131 \u00fczerinde ta\u015f s\u00fcslemeleri bulunur. Bu ta\u015flar k\u00fcpeye zarif bir \u0131\u015f\u0131lt\u0131 kazand\u0131r\u0131r.<\/p>\n<p data-start=\"618\" data-end=\"702\">Modern ve dikkat \u00e7ekici tasar\u0131m\u0131yla g\u00fcnl\u00fck kullan\u0131m ve \u00f6zel kombinler i\u00e7in uygundur.<\/p>","protected":false},"excerpt":{"rendered":"<ul>\n<li>14 Ayar Alt\u0131n<\/li>\n<li>925 Ayar Okside G\u00fcm\u00fc\u015f<\/li>\n<li>0.11 ct P\u0131rlanta<\/li>\n<li>K\u00fcpemiz tek olarak sat\u0131lmaktad\u0131r<\/li>\n<li>Sa\u011f veya Sol taraf olarak ayr\u0131 ar\u0131 siperi\u015f verilebilir<\/li>\n<\/ul>","protected":false},"featured_media":39501,"comment_status":"open","ping_status":"closed","template":"","meta":[],"product_brand":[],"product_cat":[74],"product_tag":[824,817,823,821,820,395,812,392,814,822,819,818,816,815,813,825],"class_list":{"0":"post-39290","1":"product","2":"type-product","3":"status-publish","4":"has-post-thumbnail","6":"product_cat-kupe-modelleri","7":"product_tag-black-sword-earrings","8":"product_tag-dagger-earrings","9":"product_tag-designer-sword-earrings","10":"product_tag-diamond-sword-earrings","11":"product_tag-gemstone-sword-earrings","12":"product_tag-kadin-kupe","13":"product_tag-kilic-kupe","14":"product_tag-modern-kupe","15":"product_tag-sallantili-kupe","16":"product_tag-statement-sword-earrings","17":"product_tag-sword-dangle-earrings","18":"product_tag-sword-drop-earrings","19":"product_tag-sword-earrings","20":"product_tag-tasarim-kupe","21":"product_tag-tasli-kupe","22":"product_tag-unique-drop-earrings","23":"pa_cinsiyet-kadin","25":"first","26":"instock","27":"shipping-taxable","28":"purchasable","29":"product-type-simple"},"_links":{"self":[{"href":"https:\/\/www.gasia.com.tr\/en\/wp-json\/wp\/v2\/product\/39290","targetHints":{"allow":["GET"]}}],"collection":[{"href":"https:\/\/www.gasia.com.tr\/en\/wp-json\/wp\/v2\/product"}],"about":[{"href":"https:\/\/www.gasia.com.tr\/en\/wp-json\/wp\/v2\/types\/product"}],"replies":[{"embeddable":true,"href":"https:\/\/www.gasia.com.tr\/en\/wp-json\/wp\/v2\/comments?post=39290"}],"version-history":[{"count":2,"href":"https:\/\/www.gasia.com.tr\/en\/wp-json\/wp\/v2\/product\/39290\/revisions"}],"predecessor-version":[{"id":39503,"href":"https:\/\/www.gasia.com.tr\/en\/wp-json\/wp\/v2\/product\/39290\/revisions\/39503"}],"wp:featuredmedia":[{"embeddable":true,"href":"https:\/\/www.gasia.com.tr\/en\/wp-json\/wp\/v2\/media\/39501"}],"wp:attachment":[{"href":"https:\/\/www.gasia.com.tr\/en\/wp-json\/wp\/v2\/media?parent=39290"}],"wp:term":[{"taxonomy":"product_brand","embeddable":true,"href":"https:\/\/www.gasia.com.tr\/en\/wp-json\/wp\/v2\/product_brand?post=39290"},{"taxonomy":"product_cat","embeddable":true,"href":"https:\/\/www.gasia.com.tr\/en\/wp-json\/wp\/v2\/product_cat?post=39290"},{"taxonomy":"product_tag","embeddable":true,"href":"https:\/\/www.gasia.com.tr\/en\/wp-json\/wp\/v2\/product_tag?post=39290"}],"curies":[{"name":"wp","href":"https:\/\/api.w.org\/{rel}","templated":true}]}}