{"id":39300,"date":"2025-10-09T00:00:00","date_gmt":"2025-10-08T21:00:00","guid":{"rendered":"https:\/\/www.gasia.com.tr\/?post_type=product&#038;p=39300"},"modified":"2026-03-30T13:47:19","modified_gmt":"2026-03-30T10:47:19","slug":"lacivert-safir-tasli-kare-tasarim-sallantili-kupe","status":"publish","type":"product","link":"https:\/\/www.gasia.com.tr\/en\/collections\/lacivert-safir-tasli-kare-tasarim-sallantili-kupe\/","title":{"rendered":"Lacivert Safir Ta\u015fl\u0131 Kare Tasar\u0131m Sallant\u0131l\u0131 K\u00fcpe"},"content":{"rendered":"<ul>\n<li>14 Ayar Alt\u0131n<\/li>\n<li>0.16 ct Beyaz P\u0131rlanta<\/li>\n<li>4.36 ct Ham Safir<\/li>\n<li>K\u00fcpemiz Tek Olarak Sat\u0131lmaktad\u0131r<\/li>\n<\/ul>\n<p>Kare formda lacivert Ham Safir ta\u015f ve ta\u015f \u00e7er\u00e7eve detayl\u0131 sallant\u0131l\u0131 k\u00fcpe. Zarif ve modern tasar\u0131m\u0131yla \u015f\u0131k bir m\u00fccevher.<\/p>\n<p>&nbsp;<\/p>","protected":false},"excerpt":{"rendered":"<p>14 Ayar Alt\u0131n 0.16 ct Beyaz P\u0131rlanta 4.36 ct Ham Safir K\u00fcpemiz Tek Olarak Sat\u0131lmaktad\u0131r Kare formda lacivert Ham Safir<\/p>","protected":false},"featured_media":39493,"comment_status":"open","ping_status":"closed","template":"","meta":[],"product_brand":[],"product_cat":[74],"product_tag":[841,837,814,839],"class_list":{"0":"post-39300","1":"product","2":"type-product","3":"status-publish","4":"has-post-thumbnail","6":"product_cat-kupe-modelleri","7":"product_tag-blue-gemstone-earrings","8":"product_tag-diamond-halo-earrings","9":"product_tag-sallantili-kupe","10":"product_tag-vintage-style-gemstone-earrings","11":"pa_cinsiyet-kadin","13":"first","14":"instock","15":"shipping-taxable","16":"purchasable","17":"product-type-simple"},"_links":{"self":[{"href":"https:\/\/www.gasia.com.tr\/en\/wp-json\/wp\/v2\/product\/39300","targetHints":{"allow":["GET"]}}],"collection":[{"href":"https:\/\/www.gasia.com.tr\/en\/wp-json\/wp\/v2\/product"}],"about":[{"href":"https:\/\/www.gasia.com.tr\/en\/wp-json\/wp\/v2\/types\/product"}],"replies":[{"embeddable":true,"href":"https:\/\/www.gasia.com.tr\/en\/wp-json\/wp\/v2\/comments?post=39300"}],"version-history":[{"count":1,"href":"https:\/\/www.gasia.com.tr\/en\/wp-json\/wp\/v2\/product\/39300\/revisions"}],"predecessor-version":[{"id":39302,"href":"https:\/\/www.gasia.com.tr\/en\/wp-json\/wp\/v2\/product\/39300\/revisions\/39302"}],"wp:featuredmedia":[{"embeddable":true,"href":"https:\/\/www.gasia.com.tr\/en\/wp-json\/wp\/v2\/media\/39493"}],"wp:attachment":[{"href":"https:\/\/www.gasia.com.tr\/en\/wp-json\/wp\/v2\/media?parent=39300"}],"wp:term":[{"taxonomy":"product_brand","embeddable":true,"href":"https:\/\/www.gasia.com.tr\/en\/wp-json\/wp\/v2\/product_brand?post=39300"},{"taxonomy":"product_cat","embeddable":true,"href":"https:\/\/www.gasia.com.tr\/en\/wp-json\/wp\/v2\/product_cat?post=39300"},{"taxonomy":"product_tag","embeddable":true,"href":"https:\/\/www.gasia.com.tr\/en\/wp-json\/wp\/v2\/product_tag?post=39300"}],"curies":[{"name":"wp","href":"https:\/\/api.w.org\/{rel}","templated":true}]}}