{"id":39303,"date":"2025-10-09T00:00:00","date_gmt":"2025-10-08T21:00:00","guid":{"rendered":"https:\/\/www.gasia.com.tr\/?post_type=product&#038;p=39303"},"modified":"2026-03-30T13:47:19","modified_gmt":"2026-03-30T10:47:19","slug":"turkuaz-cicek-detayli-sallantili-kupe","status":"publish","type":"product","link":"https:\/\/www.gasia.com.tr\/en\/collections\/turkuaz-cicek-detayli-sallantili-kupe\/","title":{"rendered":"Turkuaz \u00c7i\u00e7ek Detayl\u0131 Sallant\u0131l\u0131 K\u00fcpe"},"content":{"rendered":"<ul>\n<li>14 ayar Alt\u0131n<\/li>\n<li>0.04 ct 1 adet P\u0131rlanta<\/li>\n<li>K\u00fcpemiz Tek olarak sat\u0131lmaktad\u0131r<\/li>\n<\/ul>\n<p>\u00c7i\u00e7ek formunda turkuaz renk detayl\u0131 sallant\u0131l\u0131 k\u00fcpe. Ortas\u0131nda ta\u015f detay\u0131 bulunan zarif ve modern tasar\u0131m.<\/p>","protected":false},"excerpt":{"rendered":"<p>14 ayar Alt\u0131n 0.04 ct 1 adet P\u0131rlanta K\u00fcpemiz Tek olarak sat\u0131lmaktad\u0131r \u00c7i\u00e7ek formunda turkuaz renk detayl\u0131 sallant\u0131l\u0131 k\u00fcpe. Ortas\u0131nda<\/p>","protected":false},"featured_media":39499,"comment_status":"open","ping_status":"closed","template":"","meta":[],"product_brand":[],"product_cat":[74],"product_tag":[853,843,844,852,850,848,846,849,851,395,814,854,815,813,842,847,845],"class_list":{"0":"post-39303","1":"product","2":"type-product","3":"status-publish","4":"has-post-thumbnail","6":"product_cat-kupe-modelleri","7":"product_tag-blue-flower-earrings","8":"product_tag-cicek-kupe","9":"product_tag-cicek-motifli-kupe","10":"product_tag-designer-flower-earrings","11":"product_tag-enamel-flower-earrings","12":"product_tag-floral-dangle-earrings","13":"product_tag-flower-drop-earrings","14":"product_tag-gemstone-flower-earrings","15":"product_tag-gold-flower-earrings","16":"product_tag-kadin-kupe","17":"product_tag-sallantili-kupe","18":"product_tag-statement-flower-earrings","19":"product_tag-tasarim-kupe","20":"product_tag-tasli-kupe","21":"product_tag-turkuaz-kupe","22":"product_tag-turquoise-earrings","23":"product_tag-turquoise-flower-earrings","24":"pa_cinsiyet-kadin","26":"first","27":"instock","28":"shipping-taxable","29":"purchasable","30":"product-type-simple"},"_links":{"self":[{"href":"https:\/\/www.gasia.com.tr\/en\/wp-json\/wp\/v2\/product\/39303","targetHints":{"allow":["GET"]}}],"collection":[{"href":"https:\/\/www.gasia.com.tr\/en\/wp-json\/wp\/v2\/product"}],"about":[{"href":"https:\/\/www.gasia.com.tr\/en\/wp-json\/wp\/v2\/types\/product"}],"replies":[{"embeddable":true,"href":"https:\/\/www.gasia.com.tr\/en\/wp-json\/wp\/v2\/comments?post=39303"}],"version-history":[{"count":1,"href":"https:\/\/www.gasia.com.tr\/en\/wp-json\/wp\/v2\/product\/39303\/revisions"}],"predecessor-version":[{"id":39305,"href":"https:\/\/www.gasia.com.tr\/en\/wp-json\/wp\/v2\/product\/39303\/revisions\/39305"}],"wp:featuredmedia":[{"embeddable":true,"href":"https:\/\/www.gasia.com.tr\/en\/wp-json\/wp\/v2\/media\/39499"}],"wp:attachment":[{"href":"https:\/\/www.gasia.com.tr\/en\/wp-json\/wp\/v2\/media?parent=39303"}],"wp:term":[{"taxonomy":"product_brand","embeddable":true,"href":"https:\/\/www.gasia.com.tr\/en\/wp-json\/wp\/v2\/product_brand?post=39303"},{"taxonomy":"product_cat","embeddable":true,"href":"https:\/\/www.gasia.com.tr\/en\/wp-json\/wp\/v2\/product_cat?post=39303"},{"taxonomy":"product_tag","embeddable":true,"href":"https:\/\/www.gasia.com.tr\/en\/wp-json\/wp\/v2\/product_tag?post=39303"}],"curies":[{"name":"wp","href":"https:\/\/api.w.org\/{rel}","templated":true}]}}