{"id":39306,"date":"2025-10-09T00:00:00","date_gmt":"2025-10-08T21:00:00","guid":{"rendered":"https:\/\/www.gasia.com.tr\/?post_type=product&#038;p=39306"},"modified":"2026-03-30T13:47:18","modified_gmt":"2026-03-30T10:47:18","slug":"turkuaz-damla-tasli-sallantili-kupe","status":"publish","type":"product","link":"https:\/\/www.gasia.com.tr\/en\/collections\/turkuaz-damla-tasli-sallantili-kupe\/","title":{"rendered":"Turkuaz Damla Ta\u015fl\u0131 Sallant\u0131l\u0131 K\u00fcpe"},"content":{"rendered":"<ul>\n<li>18 Ayar Alt\u0131n<\/li>\n<li>0.17 ct Toplam P\u0131rlanta<\/li>\n<li>0.02 ct Yakut<\/li>\n<li>Do\u011fal Arizona Firuze<\/li>\n<li>K\u00fcpemiz Tek Olarak Sat\u0131lmaktad\u0131r<\/li>\n<\/ul>","protected":false},"excerpt":{"rendered":"<p>18 Ayar Alt\u0131n 0.17 ct Toplam P\u0131rlanta 0.02 ct Yakut Do\u011fal Arizona Firuze K\u00fcpemiz Tek Olarak Sat\u0131lmaktad\u0131r<\/p>","protected":false},"featured_media":39498,"comment_status":"open","ping_status":"closed","template":"","meta":[],"product_brand":[],"product_cat":[74],"product_tag":[856,863,865,862,861,395,814,864,815,813,842,855,858,857,859,866,860],"class_list":{"0":"post-39306","1":"product","2":"type-product","3":"status-publish","4":"has-post-thumbnail","6":"product_cat-kupe-modelleri","7":"product_tag-damla-tasli-kupe","8":"product_tag-designer-drop-earrings","9":"product_tag-elegant-turquoise-earrings","10":"product_tag-gemstone-drop-earrings","11":"product_tag-gold-turquoise-earrings","12":"product_tag-kadin-kupe","13":"product_tag-sallantili-kupe","14":"product_tag-statement-turquoise-earrings","15":"product_tag-tasarim-kupe","16":"product_tag-tasli-kupe","17":"product_tag-turkuaz-kupe","18":"product_tag-turkuaz-tasli-kupe","19":"product_tag-turquoise-dangle-earrings","20":"product_tag-turquoise-drop-earrings","21":"product_tag-turquoise-gemstone-earrings","22":"product_tag-turquoise-jewelry-earrings","23":"product_tag-turquoise-teardrop-earrings","24":"pa_cinsiyet-kadin","26":"first","27":"instock","28":"shipping-taxable","29":"purchasable","30":"product-type-simple"},"_links":{"self":[{"href":"https:\/\/www.gasia.com.tr\/en\/wp-json\/wp\/v2\/product\/39306","targetHints":{"allow":["GET"]}}],"collection":[{"href":"https:\/\/www.gasia.com.tr\/en\/wp-json\/wp\/v2\/product"}],"about":[{"href":"https:\/\/www.gasia.com.tr\/en\/wp-json\/wp\/v2\/types\/product"}],"replies":[{"embeddable":true,"href":"https:\/\/www.gasia.com.tr\/en\/wp-json\/wp\/v2\/comments?post=39306"}],"version-history":[{"count":2,"href":"https:\/\/www.gasia.com.tr\/en\/wp-json\/wp\/v2\/product\/39306\/revisions"}],"predecessor-version":[{"id":39310,"href":"https:\/\/www.gasia.com.tr\/en\/wp-json\/wp\/v2\/product\/39306\/revisions\/39310"}],"wp:featuredmedia":[{"embeddable":true,"href":"https:\/\/www.gasia.com.tr\/en\/wp-json\/wp\/v2\/media\/39498"}],"wp:attachment":[{"href":"https:\/\/www.gasia.com.tr\/en\/wp-json\/wp\/v2\/media?parent=39306"}],"wp:term":[{"taxonomy":"product_brand","embeddable":true,"href":"https:\/\/www.gasia.com.tr\/en\/wp-json\/wp\/v2\/product_brand?post=39306"},{"taxonomy":"product_cat","embeddable":true,"href":"https:\/\/www.gasia.com.tr\/en\/wp-json\/wp\/v2\/product_cat?post=39306"},{"taxonomy":"product_tag","embeddable":true,"href":"https:\/\/www.gasia.com.tr\/en\/wp-json\/wp\/v2\/product_tag?post=39306"}],"curies":[{"name":"wp","href":"https:\/\/api.w.org\/{rel}","templated":true}]}}