{"id":39314,"date":"2025-10-09T00:00:00","date_gmt":"2025-10-08T21:00:00","guid":{"rendered":"https:\/\/www.gasia.com.tr\/?post_type=product&#038;p=39314"},"modified":"2026-03-30T13:47:18","modified_gmt":"2026-03-30T10:47:18","slug":"deniz-yildizi-sallantili-kupe","status":"publish","type":"product","link":"https:\/\/www.gasia.com.tr\/en\/collections\/deniz-yildizi-sallantili-kupe\/","title":{"rendered":"Deniz Y\u0131ld\u0131z\u0131 Sallant\u0131l\u0131 K\u00fcpe"},"content":{"rendered":"<ul>\n<li>14 Ayar Alt\u0131n<\/li>\n<li>0.06 ct 19 adet P\u0131rlanta<\/li>\n<li>K\u00fcpemiz Tek olarak sat\u0131lmaktad\u0131r<\/li>\n<\/ul>\n<p>&nbsp;<\/p>\n<p>Deniz y\u0131ld\u0131z\u0131 formunda p\u0131rlanta detayl\u0131 sallant\u0131l\u0131 k\u00fcpe. Deniz temal\u0131 zarif tasar\u0131m\u0131yla \u015f\u0131k ve modern bir m\u00fccevher.<\/p>","protected":false},"excerpt":{"rendered":"<p>14 Ayar Alt\u0131n 0.06 ct 19 adet P\u0131rlanta K\u00fcpemiz Tek olarak sat\u0131lmaktad\u0131r &nbsp; Deniz y\u0131ld\u0131z\u0131 formunda p\u0131rlanta detayl\u0131 sallant\u0131l\u0131 k\u00fcpe.<\/p>","protected":false},"featured_media":39497,"comment_status":"open","ping_status":"closed","template":"","meta":[],"product_brand":[],"product_cat":[74,208],"product_tag":[885,891,890,888,887,395,889,884,814,883,886,882,881,880,815,813,892],"class_list":{"0":"post-39314","1":"product","2":"type-product","3":"status-publish","4":"has-post-thumbnail","6":"product_cat-kupe-modelleri","7":"product_cat-yildiz-mucevher-modelleri","8":"product_tag-beach-jewelry-earrings","9":"product_tag-deniz-temali-kupe","10":"product_tag-deniz-yildizi-kupe","11":"product_tag-designer-starfish-earrings","12":"product_tag-gold-starfish-earrings","13":"product_tag-kadin-kupe","14":"product_tag-nautical-earrings","15":"product_tag-ocean-inspired-earrings","16":"product_tag-sallantili-kupe","17":"product_tag-sea-star-earrings","18":"product_tag-starfish-charm-earrings","19":"product_tag-starfish-dangle-earrings","20":"product_tag-starfish-drop-earrings","21":"product_tag-starfish-earrings","22":"product_tag-tasarim-kupe","23":"product_tag-tasli-kupe","24":"product_tag-yaz-temali-kupe","25":"pa_cinsiyet-kadin","27":"first","28":"instock","29":"shipping-taxable","30":"purchasable","31":"product-type-simple"},"_links":{"self":[{"href":"https:\/\/www.gasia.com.tr\/en\/wp-json\/wp\/v2\/product\/39314","targetHints":{"allow":["GET"]}}],"collection":[{"href":"https:\/\/www.gasia.com.tr\/en\/wp-json\/wp\/v2\/product"}],"about":[{"href":"https:\/\/www.gasia.com.tr\/en\/wp-json\/wp\/v2\/types\/product"}],"replies":[{"embeddable":true,"href":"https:\/\/www.gasia.com.tr\/en\/wp-json\/wp\/v2\/comments?post=39314"}],"version-history":[{"count":1,"href":"https:\/\/www.gasia.com.tr\/en\/wp-json\/wp\/v2\/product\/39314\/revisions"}],"predecessor-version":[{"id":39316,"href":"https:\/\/www.gasia.com.tr\/en\/wp-json\/wp\/v2\/product\/39314\/revisions\/39316"}],"wp:featuredmedia":[{"embeddable":true,"href":"https:\/\/www.gasia.com.tr\/en\/wp-json\/wp\/v2\/media\/39497"}],"wp:attachment":[{"href":"https:\/\/www.gasia.com.tr\/en\/wp-json\/wp\/v2\/media?parent=39314"}],"wp:term":[{"taxonomy":"product_brand","embeddable":true,"href":"https:\/\/www.gasia.com.tr\/en\/wp-json\/wp\/v2\/product_brand?post=39314"},{"taxonomy":"product_cat","embeddable":true,"href":"https:\/\/www.gasia.com.tr\/en\/wp-json\/wp\/v2\/product_cat?post=39314"},{"taxonomy":"product_tag","embeddable":true,"href":"https:\/\/www.gasia.com.tr\/en\/wp-json\/wp\/v2\/product_tag?post=39314"}],"curies":[{"name":"wp","href":"https:\/\/api.w.org\/{rel}","templated":true}]}}