{"id":39317,"date":"2026-02-05T00:00:00","date_gmt":"2026-02-04T21:00:00","guid":{"rendered":"https:\/\/www.gasia.com.tr\/?post_type=product&#038;p=39317"},"modified":"2026-03-30T16:19:20","modified_gmt":"2026-03-30T13:19:20","slug":"turkuaz-orgu-dokulu-damla-sallantili-kupe","status":"publish","type":"product","link":"https:\/\/www.gasia.com.tr\/en\/collections\/turkuaz-orgu-dokulu-damla-sallantili-kupe\/","title":{"rendered":"Turkuaz \u00d6rg\u00fc Dokulu Damla Sallant\u0131l\u0131 K\u00fcpe"},"content":{"rendered":"<ul>\n<li>18 Ayar Alt\u0131n<\/li>\n<li>0.42 ct 6 adet Markiz Kesim P\u0131rlanta<\/li>\n<li>11.95 ct T\u00fcm\u00fcyle le i\u015f\u00e7ili\u011fi ile oyulmu\u015f Damla \u015eeklinde Arizona Firuzesi<\/li>\n<\/ul>\n<p>Turkuaz \u00f6rg\u00fc dokulu damla formunda tasarlanan sallant\u0131l\u0131 k\u00fcpe. Zarif p\u0131rlanta\u00a0 detaylar\u0131 ve dikkat \u00e7ekici rengiyle \u015f\u0131k bir m\u00fccevher.<\/p>","protected":false},"excerpt":{"rendered":"<p>18 Ayar Alt\u0131n 0.42 ct 6 adet Markiz Kesim P\u0131rlanta 11.95 ct T\u00fcm\u00fcyle le i\u015f\u00e7ili\u011fi ile oyulmu\u015f Damla \u015eeklinde Arizona<\/p>","protected":false},"featured_media":39318,"comment_status":"open","ping_status":"closed","template":"","meta":[],"product_brand":[],"product_cat":[74],"product_tag":[895,893,896,865,395,897,814,864,815,894,842,855,858,857,859,866,860],"class_list":{"0":"post-39317","1":"product","2":"type-product","3":"status-publish","4":"has-post-thumbnail","6":"product_cat-kupe-modelleri","7":"product_tag-blue-drop-earrings","8":"product_tag-damla-kupe","9":"product_tag-designer-turquoise-earrings","10":"product_tag-elegant-turquoise-earrings","11":"product_tag-kadin-kupe","12":"product_tag-luxury-turquoise-earrings","13":"product_tag-sallantili-kupe","14":"product_tag-statement-turquoise-earrings","15":"product_tag-tasarim-kupe","16":"product_tag-turkuaz-damla-kupe","17":"product_tag-turkuaz-kupe","18":"product_tag-turkuaz-tasli-kupe","19":"product_tag-turquoise-dangle-earrings","20":"product_tag-turquoise-drop-earrings","21":"product_tag-turquoise-gemstone-earrings","22":"product_tag-turquoise-jewelry-earrings","23":"product_tag-turquoise-teardrop-earrings","24":"pa_cinsiyet-kadin","26":"first","27":"instock","28":"sale","29":"shipping-taxable","30":"purchasable","31":"product-type-simple"},"_links":{"self":[{"href":"https:\/\/www.gasia.com.tr\/en\/wp-json\/wp\/v2\/product\/39317","targetHints":{"allow":["GET"]}}],"collection":[{"href":"https:\/\/www.gasia.com.tr\/en\/wp-json\/wp\/v2\/product"}],"about":[{"href":"https:\/\/www.gasia.com.tr\/en\/wp-json\/wp\/v2\/types\/product"}],"replies":[{"embeddable":true,"href":"https:\/\/www.gasia.com.tr\/en\/wp-json\/wp\/v2\/comments?post=39317"}],"version-history":[{"count":1,"href":"https:\/\/www.gasia.com.tr\/en\/wp-json\/wp\/v2\/product\/39317\/revisions"}],"predecessor-version":[{"id":39319,"href":"https:\/\/www.gasia.com.tr\/en\/wp-json\/wp\/v2\/product\/39317\/revisions\/39319"}],"wp:featuredmedia":[{"embeddable":true,"href":"https:\/\/www.gasia.com.tr\/en\/wp-json\/wp\/v2\/media\/39318"}],"wp:attachment":[{"href":"https:\/\/www.gasia.com.tr\/en\/wp-json\/wp\/v2\/media?parent=39317"}],"wp:term":[{"taxonomy":"product_brand","embeddable":true,"href":"https:\/\/www.gasia.com.tr\/en\/wp-json\/wp\/v2\/product_brand?post=39317"},{"taxonomy":"product_cat","embeddable":true,"href":"https:\/\/www.gasia.com.tr\/en\/wp-json\/wp\/v2\/product_cat?post=39317"},{"taxonomy":"product_tag","embeddable":true,"href":"https:\/\/www.gasia.com.tr\/en\/wp-json\/wp\/v2\/product_tag?post=39317"}],"curies":[{"name":"wp","href":"https:\/\/api.w.org\/{rel}","templated":true}]}}